{"id":8337,"date":"2025-09-19T14:11:20","date_gmt":"2025-09-19T12:11:20","guid":{"rendered":"https:\/\/toto.hr\/split\/integritetspolicy\/"},"modified":"2025-09-19T14:11:21","modified_gmt":"2025-09-19T12:11:21","slug":"integritetspolicy","status":"publish","type":"page","link":"https:\/\/toto.hr\/split\/sv\/integritetspolicy\/","title":{"rendered":"Integritetspolicy"},"content":{"rendered":"\n<section class=\"c-hero c-hero--has-overlay\"><img loading=\"lazy\" decoding=\"async\" width=\"1145\" height=\"550\" src=\"https:\/\/toto.hr\/split\/wp-content\/uploads\/sites\/3\/2025\/09\/about-us-content-1.jpg\" class=\"c-hero__background-image\" alt=\"about us content 1\" srcset=\"https:\/\/toto.hr\/split\/wp-content\/uploads\/sites\/3\/2025\/09\/about-us-content-1.jpg 1145w, https:\/\/toto.hr\/split\/wp-content\/uploads\/sites\/3\/2025\/09\/about-us-content-1-300x144.jpg 300w, https:\/\/toto.hr\/split\/wp-content\/uploads\/sites\/3\/2025\/09\/about-us-content-1-1024x492.jpg 1024w, https:\/\/toto.hr\/split\/wp-content\/uploads\/sites\/3\/2025\/09\/about-us-content-1-768x369.jpg 768w, https:\/\/toto.hr\/split\/wp-content\/uploads\/sites\/3\/2025\/09\/about-us-content-1-970x466.jpg 970w, https:\/\/toto.hr\/split\/wp-content\/uploads\/sites\/3\/2025\/09\/about-us-content-1-600x288.jpg 600w\" sizes=\"auto, (max-width: 1145px) 100vw, 1145px\"><div class=\"o-container\"><div class=\"o-row\"><div class=\"o-col-12\"><h1 class=\"c-hero__heading\">Integritetspolicy f\u00f6r Toto Travel<\/h1><div class=\"c-hero__description\">\n<p>Toto Travel samlar in vissa Personuppgifter fr\u00e5n sina Anv\u00e4ndare.<\/p>\n\n\n\n<p>Detta dokument kan skrivas ut f\u00f6r referens genom att anv\u00e4nda utskriftskommandot i inst\u00e4llningarna i valfri webbl\u00e4sare.<\/p>\n<\/div><\/div><\/div><\/div><\/section>\n\n<section class=\"o-container\"><div class=\"o-row u-mb-2 u-mb-4@sm\"><div class=\"o-col-10@lg u-mx-auto\"><div class=\"u-h6\">\n<h4 class=\"wp-block-heading\"><br\/><strong>\u00c4gare och personuppgiftsansvarig<\/strong><\/h4>\n\n\n\n<p>Resebyr\u00e5n Toto<br\/>Drifter j.d.o.o.<br\/>Trumbi\u0107eva obala 2, 21 000 Split, Kroatien<br\/><strong>\u00c4garens e-postadress:<\/strong> info@toto.hr<\/p>\n<\/div><\/div><\/div><\/section>\n\n<section class=\"o-container\"><div class=\"o-row u-mb-2 u-mb-4@sm\"><div class=\"o-col-10@lg u-mx-auto\"><div class=\"u-h6\">\n<h4 class=\"wp-block-heading\"><strong>Typer av insamlade uppgifter<\/strong><\/h4>\n\n\n\n<p>Bland de typer av personuppgifter som denna applikation samlar in, av sig sj\u00e4lv eller genom tredje part, finns det: Cookies; Anv\u00e4ndningsdata.<\/p>\n\n\n\n<p>Fullst\u00e4ndiga uppgifter om varje typ av personuppgifter som samlas in finns i de s\u00e4rskilda avsnitten i denna integritetspolicy eller i s\u00e4rskilda f\u00f6rklarande texter som visas innan uppgifterna samlas in.<\/p>\n\n\n\n<p>Personuppgifter kan tillhandah\u00e5llas fritt av anv\u00e4ndaren eller, i h\u00e4ndelse av anv\u00e4ndningsdata, samlas in automatiskt n\u00e4r du anv\u00e4nder den h\u00e4r applikationen.<\/p>\n\n\n\n<p>Om inte annat anges \u00e4r alla uppgifter som beg\u00e4rs av denna applikation obligatoriska och underl\u00e5tenhet att tillhandah\u00e5lla dessa uppgifter kan g\u00f6ra det om\u00f6jligt f\u00f6r denna applikation att tillhandah\u00e5lla sina tj\u00e4nster. I de fall d\u00e4r denna applikation specifikt anger att vissa data inte \u00e4r obligatoriska, st\u00e5r det anv\u00e4ndarna fritt att inte kommunicera dessa data utan konsekvenser f\u00f6r tillg\u00e4ngligheten eller funktionen av tj\u00e4nsten. <\/p>\n\n\n\n<p>Anv\u00e4ndare som \u00e4r os\u00e4kra p\u00e5 vilka Personuppgifter som \u00e4r obligatoriska \u00e4r v\u00e4lkomna att kontakta \u00c4garen.<\/p>\n\n\n\n<p>All anv\u00e4ndning av cookies &#8211; eller andra sp\u00e5rningsverktyg &#8211; av denna applikation eller av \u00e4garna till tredjepartstj\u00e4nster som anv\u00e4nds av denna applikation tj\u00e4nar syftet att tillhandah\u00e5lla den tj\u00e4nst som kr\u00e4vs av anv\u00e4ndaren, ut\u00f6ver alla andra syften som beskrivs i detta dokument och i cookiepolicyn, om s\u00e5dan finns tillg\u00e4nglig.<\/p>\n\n\n\n<p>Anv\u00e4ndare \u00e4r ansvariga f\u00f6r alla personuppgifter fr\u00e5n tredje part som erh\u00e5lls, publiceras eller delas via denna applikation och bekr\u00e4ftar att de har tredje parts samtycke till att tillhandah\u00e5lla uppgifterna till \u00e4garen.<\/p>\n<\/div><\/div><\/div><\/section>\n\n<section class=\"o-container\"><div class=\"o-row u-mb-2 u-mb-4@sm\"><div class=\"o-col-10@lg u-mx-auto\"><div class=\"u-h6\">\n<h4 class=\"wp-block-heading\"><strong>S\u00e4tt och plats f\u00f6r behandling av uppgifterna<\/strong><\/h4>\n\n\n\n<p><strong>Metoder f\u00f6r behandling<\/strong><br\/>\u00c4garen vidtar l\u00e4mpliga s\u00e4kerhets\u00e5tg\u00e4rder f\u00f6r att f\u00f6rhindra obeh\u00f6rig \u00e5tkomst, avsl\u00f6jande, \u00e4ndring eller obeh\u00f6rig f\u00f6rst\u00f6relse av uppgifterna.<\/p>\n\n\n\n<p>Databehandlingen utf\u00f6rs med hj\u00e4lp av datorer och\/eller IT-aktiverade verktyg, enligt organisatoriska f\u00f6rfaranden och l\u00e4gen som \u00e4r strikt relaterade till de angivna syftena. Ut\u00f6ver \u00e4garen, i vissa fall <\/p>\n<\/div><\/div><\/div><\/section>\n","protected":false},"excerpt":{"rendered":"","protected":false},"author":6,"featured_media":8329,"parent":0,"menu_order":0,"comment_status":"closed","ping_status":"closed","template":"","meta":{"_acf_changed":false,"_joinchat":[],"footnotes":""},"class_list":["post-8337","page","type-page","status-publish","has-post-thumbnail","hentry"],"acf":[],"yoast_head":"<!-- This site is optimized with the Yoast SEO plugin v25.3.1 - https:\/\/yoast.com\/wordpress\/plugins\/seo\/ -->\n<title>Integritetspolicy &#187; Toto Travel - Split<\/title>\n<meta name=\"description\" content=\"Integritetspolicy\" \/>\n<meta name=\"robots\" content=\"index, follow, max-snippet:-1, max-image-preview:large, max-video-preview:-1\" \/>\n<link rel=\"canonical\" href=\"https:\/\/toto.hr\/split\/sv\/integritetspolicy\/\" \/>\n<meta name=\"twitter:label1\" content=\"Ber\u00e4knad l\u00e4stid\" \/>\n\t<meta name=\"twitter:data1\" content=\"2 minuter\" \/>\n<script type=\"application\/ld+json\" class=\"yoast-schema-graph\">{\"@context\":\"https:\/\/schema.org\",\"@graph\":[{\"@type\":\"WebPage\",\"@id\":\"https:\/\/toto.hr\/split\/sv\/integritetspolicy\/\",\"url\":\"https:\/\/toto.hr\/split\/sv\/integritetspolicy\/\",\"name\":\"Integritetspolicy &#187; Toto Travel - Split\",\"isPartOf\":{\"@id\":\"https:\/\/toto.hr\/split\/#website\"},\"primaryImageOfPage\":{\"@id\":\"https:\/\/toto.hr\/split\/sv\/integritetspolicy\/#primaryimage\"},\"image\":{\"@id\":\"https:\/\/toto.hr\/split\/sv\/integritetspolicy\/#primaryimage\"},\"thumbnailUrl\":\"https:\/\/toto.hr\/split\/wp-content\/uploads\/sites\/3\/2025\/09\/about-us-content-1.jpg\",\"datePublished\":\"2025-09-19T12:11:20+00:00\",\"dateModified\":\"2025-09-19T12:11:21+00:00\",\"description\":\"Integritetspolicy\",\"breadcrumb\":{\"@id\":\"https:\/\/toto.hr\/split\/sv\/integritetspolicy\/#breadcrumb\"},\"inLanguage\":\"sv-SE\",\"potentialAction\":[{\"@type\":\"ReadAction\",\"target\":[\"https:\/\/toto.hr\/split\/sv\/integritetspolicy\/\"]}]},{\"@type\":\"ImageObject\",\"inLanguage\":\"sv-SE\",\"@id\":\"https:\/\/toto.hr\/split\/sv\/integritetspolicy\/#primaryimage\",\"url\":\"https:\/\/toto.hr\/split\/wp-content\/uploads\/sites\/3\/2025\/09\/about-us-content-1.jpg\",\"contentUrl\":\"https:\/\/toto.hr\/split\/wp-content\/uploads\/sites\/3\/2025\/09\/about-us-content-1.jpg\",\"width\":1145,\"height\":550},{\"@type\":\"BreadcrumbList\",\"@id\":\"https:\/\/toto.hr\/split\/sv\/integritetspolicy\/#breadcrumb\",\"itemListElement\":[{\"@type\":\"ListItem\",\"position\":1,\"name\":\"Home\",\"item\":\"https:\/\/toto.hr\/split\/sv\/\"},{\"@type\":\"ListItem\",\"position\":2,\"name\":\"Integritetspolicy\"}]},{\"@type\":\"WebSite\",\"@id\":\"https:\/\/toto.hr\/split\/#website\",\"url\":\"https:\/\/toto.hr\/split\/\",\"name\":\"Toto Travel - Split\",\"description\":\"Boat Trip Adventures from Split Croatia\",\"publisher\":{\"@id\":\"https:\/\/toto.hr\/split\/#organization\"},\"potentialAction\":[{\"@type\":\"SearchAction\",\"target\":{\"@type\":\"EntryPoint\",\"urlTemplate\":\"https:\/\/toto.hr\/split\/?s={search_term_string}\"},\"query-input\":{\"@type\":\"PropertyValueSpecification\",\"valueRequired\":true,\"valueName\":\"search_term_string\"}}],\"inLanguage\":\"sv-SE\"},{\"@type\":\"Organization\",\"@id\":\"https:\/\/toto.hr\/split\/#organization\",\"name\":\"Toto Travel - Boat Trips Adventures Split\",\"url\":\"https:\/\/toto.hr\/split\/\",\"logo\":{\"@type\":\"ImageObject\",\"inLanguage\":\"sv-SE\",\"@id\":\"https:\/\/toto.hr\/split\/#\/schema\/logo\/image\/\",\"url\":\"https:\/\/toto.hr\/split\/wp-content\/uploads\/sites\/3\/2020\/07\/toto_travel_logo.jpg\",\"contentUrl\":\"https:\/\/toto.hr\/split\/wp-content\/uploads\/sites\/3\/2020\/07\/toto_travel_logo.jpg\",\"width\":410,\"height\":195,\"caption\":\"Toto Travel - Boat Trips Adventures Split\"},\"image\":{\"@id\":\"https:\/\/toto.hr\/split\/#\/schema\/logo\/image\/\"},\"sameAs\":[\"https:\/\/web.facebook.com\/Toto-Travel-Boat-Trip-Adventures-104729731249453\",\"https:\/\/www.instagram.com\/toto_travel_split\/\"]}]}<\/script>\n<!-- \/ Yoast SEO plugin. -->","yoast_head_json":{"title":"Integritetspolicy &#187; Toto Travel - Split","description":"Integritetspolicy","robots":{"index":"index","follow":"follow","max-snippet":"max-snippet:-1","max-image-preview":"max-image-preview:large","max-video-preview":"max-video-preview:-1"},"canonical":"https:\/\/toto.hr\/split\/sv\/integritetspolicy\/","twitter_misc":{"Ber\u00e4knad l\u00e4stid":"2 minuter"},"schema":{"@context":"https:\/\/schema.org","@graph":[{"@type":"WebPage","@id":"https:\/\/toto.hr\/split\/sv\/integritetspolicy\/","url":"https:\/\/toto.hr\/split\/sv\/integritetspolicy\/","name":"Integritetspolicy &#187; Toto Travel - Split","isPartOf":{"@id":"https:\/\/toto.hr\/split\/#website"},"primaryImageOfPage":{"@id":"https:\/\/toto.hr\/split\/sv\/integritetspolicy\/#primaryimage"},"image":{"@id":"https:\/\/toto.hr\/split\/sv\/integritetspolicy\/#primaryimage"},"thumbnailUrl":"https:\/\/toto.hr\/split\/wp-content\/uploads\/sites\/3\/2025\/09\/about-us-content-1.jpg","datePublished":"2025-09-19T12:11:20+00:00","dateModified":"2025-09-19T12:11:21+00:00","description":"Integritetspolicy","breadcrumb":{"@id":"https:\/\/toto.hr\/split\/sv\/integritetspolicy\/#breadcrumb"},"inLanguage":"sv-SE","potentialAction":[{"@type":"ReadAction","target":["https:\/\/toto.hr\/split\/sv\/integritetspolicy\/"]}]},{"@type":"ImageObject","inLanguage":"sv-SE","@id":"https:\/\/toto.hr\/split\/sv\/integritetspolicy\/#primaryimage","url":"https:\/\/toto.hr\/split\/wp-content\/uploads\/sites\/3\/2025\/09\/about-us-content-1.jpg","contentUrl":"https:\/\/toto.hr\/split\/wp-content\/uploads\/sites\/3\/2025\/09\/about-us-content-1.jpg","width":1145,"height":550},{"@type":"BreadcrumbList","@id":"https:\/\/toto.hr\/split\/sv\/integritetspolicy\/#breadcrumb","itemListElement":[{"@type":"ListItem","position":1,"name":"Home","item":"https:\/\/toto.hr\/split\/sv\/"},{"@type":"ListItem","position":2,"name":"Integritetspolicy"}]},{"@type":"WebSite","@id":"https:\/\/toto.hr\/split\/#website","url":"https:\/\/toto.hr\/split\/","name":"Toto Travel - Split","description":"Boat Trip Adventures from Split Croatia","publisher":{"@id":"https:\/\/toto.hr\/split\/#organization"},"potentialAction":[{"@type":"SearchAction","target":{"@type":"EntryPoint","urlTemplate":"https:\/\/toto.hr\/split\/?s={search_term_string}"},"query-input":{"@type":"PropertyValueSpecification","valueRequired":true,"valueName":"search_term_string"}}],"inLanguage":"sv-SE"},{"@type":"Organization","@id":"https:\/\/toto.hr\/split\/#organization","name":"Toto Travel - Boat Trips Adventures Split","url":"https:\/\/toto.hr\/split\/","logo":{"@type":"ImageObject","inLanguage":"sv-SE","@id":"https:\/\/toto.hr\/split\/#\/schema\/logo\/image\/","url":"https:\/\/toto.hr\/split\/wp-content\/uploads\/sites\/3\/2020\/07\/toto_travel_logo.jpg","contentUrl":"https:\/\/toto.hr\/split\/wp-content\/uploads\/sites\/3\/2020\/07\/toto_travel_logo.jpg","width":410,"height":195,"caption":"Toto Travel - Boat Trips Adventures Split"},"image":{"@id":"https:\/\/toto.hr\/split\/#\/schema\/logo\/image\/"},"sameAs":["https:\/\/web.facebook.com\/Toto-Travel-Boat-Trip-Adventures-104729731249453","https:\/\/www.instagram.com\/toto_travel_split\/"]}]}},"_links":{"self":[{"href":"https:\/\/toto.hr\/split\/sv\/wp-json\/wp\/v2\/pages\/8337","targetHints":{"allow":["GET"]}}],"collection":[{"href":"https:\/\/toto.hr\/split\/sv\/wp-json\/wp\/v2\/pages"}],"about":[{"href":"https:\/\/toto.hr\/split\/sv\/wp-json\/wp\/v2\/types\/page"}],"author":[{"embeddable":true,"href":"https:\/\/toto.hr\/split\/sv\/wp-json\/wp\/v2\/users\/6"}],"replies":[{"embeddable":true,"href":"https:\/\/toto.hr\/split\/sv\/wp-json\/wp\/v2\/comments?post=8337"}],"version-history":[{"count":1,"href":"https:\/\/toto.hr\/split\/sv\/wp-json\/wp\/v2\/pages\/8337\/revisions"}],"predecessor-version":[{"id":8339,"href":"https:\/\/toto.hr\/split\/sv\/wp-json\/wp\/v2\/pages\/8337\/revisions\/8339"}],"wp:featuredmedia":[{"embeddable":true,"href":"https:\/\/toto.hr\/split\/sv\/wp-json\/wp\/v2\/media\/8329"}],"wp:attachment":[{"href":"https:\/\/toto.hr\/split\/sv\/wp-json\/wp\/v2\/media?parent=8337"}],"curies":[{"name":"wp","href":"https:\/\/api.w.org\/{rel}","templated":true}]}}