{"id":5617,"date":"2023-05-16T11:03:21","date_gmt":"2023-05-16T09:03:21","guid":{"rendered":"https:\/\/toto.hr\/split\/juridiska-uppgifter\/"},"modified":"2025-09-04T22:51:33","modified_gmt":"2025-09-04T20:51:33","slug":"juridiska-uppgifter","status":"publish","type":"page","link":"https:\/\/toto.hr\/split\/sv\/juridiska-uppgifter\/","title":{"rendered":"Juridiska uppgifter"},"content":{"rendered":"\n<section class=\"c-hero c-hero--has-overlay\"><img loading=\"lazy\" decoding=\"async\" width=\"1280\" height=\"800\" src=\"https:\/\/toto.hr\/split\/wp-content\/uploads\/sites\/3\/2020\/06\/spencer-davis-AHdHOIjJa64-unsplash-1280x800.jpg\" class=\"c-hero__background-image\" alt=\"spencer davis \" srcset=\"https:\/\/toto.hr\/split\/wp-content\/uploads\/sites\/3\/2020\/06\/spencer-davis-AHdHOIjJa64-unsplash-1280x800.jpg 1280w, https:\/\/toto.hr\/split\/wp-content\/uploads\/sites\/3\/2020\/06\/spencer-davis-AHdHOIjJa64-unsplash-300x187.jpg 300w, https:\/\/toto.hr\/split\/wp-content\/uploads\/sites\/3\/2020\/06\/spencer-davis-AHdHOIjJa64-unsplash-1024x640.jpg 1024w, https:\/\/toto.hr\/split\/wp-content\/uploads\/sites\/3\/2020\/06\/spencer-davis-AHdHOIjJa64-unsplash-768x480.jpg 768w, https:\/\/toto.hr\/split\/wp-content\/uploads\/sites\/3\/2020\/06\/spencer-davis-AHdHOIjJa64-unsplash-1536x960.jpg 1536w, https:\/\/toto.hr\/split\/wp-content\/uploads\/sites\/3\/2020\/06\/spencer-davis-AHdHOIjJa64-unsplash-2048x1280.jpg 2048w, https:\/\/toto.hr\/split\/wp-content\/uploads\/sites\/3\/2020\/06\/spencer-davis-AHdHOIjJa64-unsplash-256x160.jpg 256w, https:\/\/toto.hr\/split\/wp-content\/uploads\/sites\/3\/2020\/06\/spencer-davis-AHdHOIjJa64-unsplash-336x210.jpg 336w, https:\/\/toto.hr\/split\/wp-content\/uploads\/sites\/3\/2020\/06\/spencer-davis-AHdHOIjJa64-unsplash-544x340.jpg 544w, https:\/\/toto.hr\/split\/wp-content\/uploads\/sites\/3\/2020\/06\/spencer-davis-AHdHOIjJa64-unsplash-800x500.jpg 800w, https:\/\/toto.hr\/split\/wp-content\/uploads\/sites\/3\/2020\/06\/spencer-davis-AHdHOIjJa64-unsplash-600x375.jpg 600w\" sizes=\"auto, (max-width: 1280px) 100vw, 1280px\"><div class=\"o-container\"><div class=\"o-row\"><div class=\"o-col-12\"><h1 class=\"c-hero__heading\">Juridiska uppgifter<\/h1><div class=\"c-hero__description\"><\/div><\/div><\/div><\/div><\/section>\n\n<section class=\"o-container\"><div class=\"o-row u-mb-2 u-mb-4@sm\"><div class=\"o-col-10@lg u-mx-auto\"><div class=\"u-h6\">\n<h1 class=\"wp-block-heading\"><\/h1>\n\n\n\n<h2 class=\"wp-block-heading\">Huvudinformation<\/h2>\n\n\n\n<p><strong>F\u00d6RETAGETS NAMN <\/strong> Drifter j.d.o.o..<\/p>\n\n\n\n<p><strong>GRUNDKAPITAL <\/strong> 10,00 Kn fullt inbetalt<\/p>\n\n\n\n<p><strong>ADRESSE <\/strong>Trumbi\u0107eva obala 2, 21 000<br\/>Split, Kroatien.<\/p>\n\n\n\n<p><strong>COURT <\/strong> Registrerad vid handelsdomstolen i Split Tt-17\/3252-2<\/p>\n\n\n\n<p><strong>OIB <\/strong>43446457122<\/p>\n\n\n\n<p><strong>MBS <\/strong>060363225<\/p>\n\n\n\n<p><strong>PDV ID<\/strong> HR43446457122<\/p>\n\n\n\n<p><strong>AGENCY MANAGER \/ BUSINESS MANAGER<\/strong> Petra \u0160karo, filialchef<\/p>\n\n\n\n<p><strong>\u00d6VERVAKNINGSMYNDIGHET <\/strong>Statliga inspektionen, Turistinspektionen, \u0160ubi\u0107eva 29, 10 000 Zagreb<\/p>\n\n\n\n<h2 class=\"wp-block-heading\">ERSTE&amp;STEIERM\u00c4RKISCHE BANK d.d. &#8211; F\u00f6retagskonto<\/h2>\n\n\n\n<p><strong>BANKNAMN<\/strong> ERSTE&amp;STEIERM\u00c4RKISCHE BANK d.d.<\/p>\n\n\n\n<p><strong>BANK ADRESS<\/strong> JADRANSKI TRG 3a, 51000 RIJEKA, REPUBLIKA HRVATSKA<\/p>\n\n\n\n<p><strong>IBAN <\/strong>HR022402006110101018668<\/p>\n\n\n\n<p><strong>KONTO <\/strong>HR022402006110101018668<\/p>\n\n\n\n<p><strong>SWIFT <\/strong>ESBCHR22<\/p>\n\n\n\n<p><\/p>\n\n\n\n<h2 class=\"wp-block-heading\"><strong>MEDDELANDE OM HUR MAN L\u00c4MNAR IN ETT SKRIFTLIGT KLAGOM\u00c5L<\/strong><\/h2>\n\n\n\n<p>I enlighet med best\u00e4mmelserna i artikel 6.3 i lagen om tillhandah\u00e5llande av tj\u00e4nster inom turism (officiella tidningen nr 130\/17, 25\/19, 98\/19, 42\/20 och 70\/21) f\u00e5r tj\u00e4nsteanv\u00e4ndaren l\u00e4mna in ett skriftligt avtal i aff\u00e4rslokalerna. , och per post till adressen: Trumbi\u0107eva obala 2, 21 000 Split eller via e-post: info@toto.hr <\/p>\n\n\n\n<p>Vi kommer att besvara ett skriftligt klagom\u00e5l skriftligen inom 15 dagar fr\u00e5n det att vi mottagit klagom\u00e5let.<\/p>\n\n\n\n<p><\/p>\n\n\n\n<h2 class=\"wp-block-heading\"><strong>DELAT KONTOR  <\/strong><\/h2>\n\n\n\n<p><strong>ADRESSE <\/strong>Trumbi\u0107eva obala 2, Split<\/p>\n\n\n\n<p><strong>MOBIL<\/strong> +385 99 757 4222<\/p>\n\n\n\n<p><strong>E-MAIL<\/strong> info@toto.hr<\/p>\n\n\n\n<p><strong>ARBETSTIDER<\/strong> 07:30h &#8211; 20:00h<br\/>m\u00e5ndag &#8211; s\u00f6ndag  <\/p>\n<\/div><\/div><\/div><\/section>\n","protected":false},"excerpt":{"rendered":"","protected":false},"author":6,"featured_media":2920,"parent":0,"menu_order":0,"comment_status":"closed","ping_status":"closed","template":"","meta":{"_acf_changed":false,"_joinchat":[],"footnotes":""},"class_list":["post-5617","page","type-page","status-publish","has-post-thumbnail","hentry"],"acf":[],"yoast_head":"<!-- This site is optimized with the Yoast SEO plugin v25.3.1 - https:\/\/yoast.com\/wordpress\/plugins\/seo\/ -->\n<title>Juridiska uppgifter &#187; Toto Travel - Split<\/title>\n<meta name=\"description\" content=\"Juridiska uppgifter\" \/>\n<meta name=\"robots\" content=\"index, follow, max-snippet:-1, max-image-preview:large, max-video-preview:-1\" \/>\n<link rel=\"canonical\" href=\"https:\/\/toto.hr\/split\/sv\/juridiska-uppgifter\/\" \/>\n<meta name=\"twitter:label1\" content=\"Ber\u00e4knad l\u00e4stid\" \/>\n\t<meta name=\"twitter:data1\" content=\"1 minut\" \/>\n<script type=\"application\/ld+json\" class=\"yoast-schema-graph\">{\"@context\":\"https:\/\/schema.org\",\"@graph\":[{\"@type\":\"WebPage\",\"@id\":\"https:\/\/toto.hr\/split\/sv\/juridiska-uppgifter\/\",\"url\":\"https:\/\/toto.hr\/split\/sv\/juridiska-uppgifter\/\",\"name\":\"Juridiska uppgifter &#187; Toto Travel - Split\",\"isPartOf\":{\"@id\":\"https:\/\/toto.hr\/split\/#website\"},\"primaryImageOfPage\":{\"@id\":\"https:\/\/toto.hr\/split\/sv\/juridiska-uppgifter\/#primaryimage\"},\"image\":{\"@id\":\"https:\/\/toto.hr\/split\/sv\/juridiska-uppgifter\/#primaryimage\"},\"thumbnailUrl\":\"https:\/\/toto.hr\/split\/wp-content\/uploads\/sites\/3\/2020\/06\/spencer-davis-AHdHOIjJa64-unsplash-scaled.jpg\",\"datePublished\":\"2023-05-16T09:03:21+00:00\",\"dateModified\":\"2025-09-04T20:51:33+00:00\",\"description\":\"Juridiska uppgifter\",\"breadcrumb\":{\"@id\":\"https:\/\/toto.hr\/split\/sv\/juridiska-uppgifter\/#breadcrumb\"},\"inLanguage\":\"sv-SE\",\"potentialAction\":[{\"@type\":\"ReadAction\",\"target\":[\"https:\/\/toto.hr\/split\/sv\/juridiska-uppgifter\/\"]}]},{\"@type\":\"ImageObject\",\"inLanguage\":\"sv-SE\",\"@id\":\"https:\/\/toto.hr\/split\/sv\/juridiska-uppgifter\/#primaryimage\",\"url\":\"https:\/\/toto.hr\/split\/wp-content\/uploads\/sites\/3\/2020\/06\/spencer-davis-AHdHOIjJa64-unsplash-scaled.jpg\",\"contentUrl\":\"https:\/\/toto.hr\/split\/wp-content\/uploads\/sites\/3\/2020\/06\/spencer-davis-AHdHOIjJa64-unsplash-scaled.jpg\",\"width\":2560,\"height\":1600},{\"@type\":\"BreadcrumbList\",\"@id\":\"https:\/\/toto.hr\/split\/sv\/juridiska-uppgifter\/#breadcrumb\",\"itemListElement\":[{\"@type\":\"ListItem\",\"position\":1,\"name\":\"Home\",\"item\":\"https:\/\/toto.hr\/split\/sv\/\"},{\"@type\":\"ListItem\",\"position\":2,\"name\":\"Juridiska uppgifter\"}]},{\"@type\":\"WebSite\",\"@id\":\"https:\/\/toto.hr\/split\/#website\",\"url\":\"https:\/\/toto.hr\/split\/\",\"name\":\"Toto Travel - Split\",\"description\":\"Boat Trip Adventures from Split Croatia\",\"publisher\":{\"@id\":\"https:\/\/toto.hr\/split\/#organization\"},\"potentialAction\":[{\"@type\":\"SearchAction\",\"target\":{\"@type\":\"EntryPoint\",\"urlTemplate\":\"https:\/\/toto.hr\/split\/?s={search_term_string}\"},\"query-input\":{\"@type\":\"PropertyValueSpecification\",\"valueRequired\":true,\"valueName\":\"search_term_string\"}}],\"inLanguage\":\"sv-SE\"},{\"@type\":\"Organization\",\"@id\":\"https:\/\/toto.hr\/split\/#organization\",\"name\":\"Toto Travel - Boat Trips Adventures Split\",\"url\":\"https:\/\/toto.hr\/split\/\",\"logo\":{\"@type\":\"ImageObject\",\"inLanguage\":\"sv-SE\",\"@id\":\"https:\/\/toto.hr\/split\/#\/schema\/logo\/image\/\",\"url\":\"https:\/\/toto.hr\/split\/wp-content\/uploads\/sites\/3\/2020\/07\/toto_travel_logo.jpg\",\"contentUrl\":\"https:\/\/toto.hr\/split\/wp-content\/uploads\/sites\/3\/2020\/07\/toto_travel_logo.jpg\",\"width\":410,\"height\":195,\"caption\":\"Toto Travel - Boat Trips Adventures Split\"},\"image\":{\"@id\":\"https:\/\/toto.hr\/split\/#\/schema\/logo\/image\/\"},\"sameAs\":[\"https:\/\/web.facebook.com\/Toto-Travel-Boat-Trip-Adventures-104729731249453\",\"https:\/\/www.instagram.com\/toto_travel_split\/\"]}]}<\/script>\n<!-- \/ Yoast SEO plugin. -->","yoast_head_json":{"title":"Juridiska uppgifter &#187; Toto Travel - Split","description":"Juridiska uppgifter","robots":{"index":"index","follow":"follow","max-snippet":"max-snippet:-1","max-image-preview":"max-image-preview:large","max-video-preview":"max-video-preview:-1"},"canonical":"https:\/\/toto.hr\/split\/sv\/juridiska-uppgifter\/","twitter_misc":{"Ber\u00e4knad l\u00e4stid":"1 minut"},"schema":{"@context":"https:\/\/schema.org","@graph":[{"@type":"WebPage","@id":"https:\/\/toto.hr\/split\/sv\/juridiska-uppgifter\/","url":"https:\/\/toto.hr\/split\/sv\/juridiska-uppgifter\/","name":"Juridiska uppgifter &#187; Toto Travel - Split","isPartOf":{"@id":"https:\/\/toto.hr\/split\/#website"},"primaryImageOfPage":{"@id":"https:\/\/toto.hr\/split\/sv\/juridiska-uppgifter\/#primaryimage"},"image":{"@id":"https:\/\/toto.hr\/split\/sv\/juridiska-uppgifter\/#primaryimage"},"thumbnailUrl":"https:\/\/toto.hr\/split\/wp-content\/uploads\/sites\/3\/2020\/06\/spencer-davis-AHdHOIjJa64-unsplash-scaled.jpg","datePublished":"2023-05-16T09:03:21+00:00","dateModified":"2025-09-04T20:51:33+00:00","description":"Juridiska uppgifter","breadcrumb":{"@id":"https:\/\/toto.hr\/split\/sv\/juridiska-uppgifter\/#breadcrumb"},"inLanguage":"sv-SE","potentialAction":[{"@type":"ReadAction","target":["https:\/\/toto.hr\/split\/sv\/juridiska-uppgifter\/"]}]},{"@type":"ImageObject","inLanguage":"sv-SE","@id":"https:\/\/toto.hr\/split\/sv\/juridiska-uppgifter\/#primaryimage","url":"https:\/\/toto.hr\/split\/wp-content\/uploads\/sites\/3\/2020\/06\/spencer-davis-AHdHOIjJa64-unsplash-scaled.jpg","contentUrl":"https:\/\/toto.hr\/split\/wp-content\/uploads\/sites\/3\/2020\/06\/spencer-davis-AHdHOIjJa64-unsplash-scaled.jpg","width":2560,"height":1600},{"@type":"BreadcrumbList","@id":"https:\/\/toto.hr\/split\/sv\/juridiska-uppgifter\/#breadcrumb","itemListElement":[{"@type":"ListItem","position":1,"name":"Home","item":"https:\/\/toto.hr\/split\/sv\/"},{"@type":"ListItem","position":2,"name":"Juridiska uppgifter"}]},{"@type":"WebSite","@id":"https:\/\/toto.hr\/split\/#website","url":"https:\/\/toto.hr\/split\/","name":"Toto Travel - Split","description":"Boat Trip Adventures from Split Croatia","publisher":{"@id":"https:\/\/toto.hr\/split\/#organization"},"potentialAction":[{"@type":"SearchAction","target":{"@type":"EntryPoint","urlTemplate":"https:\/\/toto.hr\/split\/?s={search_term_string}"},"query-input":{"@type":"PropertyValueSpecification","valueRequired":true,"valueName":"search_term_string"}}],"inLanguage":"sv-SE"},{"@type":"Organization","@id":"https:\/\/toto.hr\/split\/#organization","name":"Toto Travel - Boat Trips Adventures Split","url":"https:\/\/toto.hr\/split\/","logo":{"@type":"ImageObject","inLanguage":"sv-SE","@id":"https:\/\/toto.hr\/split\/#\/schema\/logo\/image\/","url":"https:\/\/toto.hr\/split\/wp-content\/uploads\/sites\/3\/2020\/07\/toto_travel_logo.jpg","contentUrl":"https:\/\/toto.hr\/split\/wp-content\/uploads\/sites\/3\/2020\/07\/toto_travel_logo.jpg","width":410,"height":195,"caption":"Toto Travel - Boat Trips Adventures Split"},"image":{"@id":"https:\/\/toto.hr\/split\/#\/schema\/logo\/image\/"},"sameAs":["https:\/\/web.facebook.com\/Toto-Travel-Boat-Trip-Adventures-104729731249453","https:\/\/www.instagram.com\/toto_travel_split\/"]}]}},"_links":{"self":[{"href":"https:\/\/toto.hr\/split\/sv\/wp-json\/wp\/v2\/pages\/5617","targetHints":{"allow":["GET"]}}],"collection":[{"href":"https:\/\/toto.hr\/split\/sv\/wp-json\/wp\/v2\/pages"}],"about":[{"href":"https:\/\/toto.hr\/split\/sv\/wp-json\/wp\/v2\/types\/page"}],"author":[{"embeddable":true,"href":"https:\/\/toto.hr\/split\/sv\/wp-json\/wp\/v2\/users\/6"}],"replies":[{"embeddable":true,"href":"https:\/\/toto.hr\/split\/sv\/wp-json\/wp\/v2\/comments?post=5617"}],"version-history":[{"count":8,"href":"https:\/\/toto.hr\/split\/sv\/wp-json\/wp\/v2\/pages\/5617\/revisions"}],"predecessor-version":[{"id":8237,"href":"https:\/\/toto.hr\/split\/sv\/wp-json\/wp\/v2\/pages\/5617\/revisions\/8237"}],"wp:featuredmedia":[{"embeddable":true,"href":"https:\/\/toto.hr\/split\/sv\/wp-json\/wp\/v2\/media\/2920"}],"wp:attachment":[{"href":"https:\/\/toto.hr\/split\/sv\/wp-json\/wp\/v2\/media?parent=5617"}],"curies":[{"name":"wp","href":"https:\/\/api.w.org\/{rel}","templated":true}]}}