{"id":1759,"date":"2021-05-22T18:15:04","date_gmt":"2021-05-22T16:15:04","guid":{"rendered":"https:\/\/toto.hr\/split\/om-oss\/"},"modified":"2024-04-12T12:08:21","modified_gmt":"2024-04-12T10:08:21","slug":"om-oss","status":"publish","type":"page","link":"https:\/\/toto.hr\/split\/sv\/om-oss\/","title":{"rendered":"Om oss"},"content":{"rendered":"\n<section class=\"c-hero c-hero--has-overlay\"><img loading=\"lazy\" decoding=\"async\" width=\"1280\" height=\"800\" src=\"https:\/\/toto.hr\/split\/wp-content\/uploads\/sites\/3\/2020\/07\/spencer-davis-AHdHOIjJa64-unsplash-1280x800.jpg\" class=\"c-hero__background-image\" alt=\"spencer davis \" srcset=\"https:\/\/toto.hr\/split\/wp-content\/uploads\/sites\/3\/2020\/07\/spencer-davis-AHdHOIjJa64-unsplash-1280x800.jpg 1280w, https:\/\/toto.hr\/split\/wp-content\/uploads\/sites\/3\/2020\/07\/spencer-davis-AHdHOIjJa64-unsplash-300x187.jpg 300w, https:\/\/toto.hr\/split\/wp-content\/uploads\/sites\/3\/2020\/07\/spencer-davis-AHdHOIjJa64-unsplash-1024x640.jpg 1024w, https:\/\/toto.hr\/split\/wp-content\/uploads\/sites\/3\/2020\/07\/spencer-davis-AHdHOIjJa64-unsplash-768x480.jpg 768w, https:\/\/toto.hr\/split\/wp-content\/uploads\/sites\/3\/2020\/07\/spencer-davis-AHdHOIjJa64-unsplash-1536x960.jpg 1536w, https:\/\/toto.hr\/split\/wp-content\/uploads\/sites\/3\/2020\/07\/spencer-davis-AHdHOIjJa64-unsplash-2048x1280.jpg 2048w, https:\/\/toto.hr\/split\/wp-content\/uploads\/sites\/3\/2020\/07\/spencer-davis-AHdHOIjJa64-unsplash-800x500.jpg 800w\" sizes=\"auto, (max-width: 1280px) 100vw, 1280px\"><div class=\"o-container\"><div class=\"o-row\"><div class=\"o-col-12\"><h1 class=\"c-hero__heading\">Toto Travel Split<\/h1><div class=\"c-hero__description\">\n<p>Uppt\u00e4ck sk\u00f6nheten i Dalmatiska \u00f6arna och nationalparkerna med oss.<\/p>\n<\/div><\/div><\/div><\/div><\/section>\n\n<section class=\"wp-block-toto-outline o-container u-pt-2 u-pt-4@md\"><div class=\"o-row u-mb-4@md\"><div class=\"o-col-6@sm o-col-4@md u-mb-2\"><div class=\"u-h2 u-text-secondary-endeavour u-mb-1\"><svg class=\"o-icon\"><use xmlns:xlink=\"http:\/\/www.w3.org\/1999\/xlink\" xlink:href=\"https:\/\/toto.hr\/split\/wp-content\/themes\/toto\/assets\/sprite\/icons.svg#icon-person\"><\/use><\/svg><\/div><h3 class=\"u-h5 u-text-gray-300 u-mb-1\"><strong classname=\"u-text-secondary-endeavour\">130<\/strong> ,<strong classname=\"u-text-secondary-endeavour\"> 738<\/strong> glada resen\u00e4rer<\/h3><p class=\"u-text-md\">L\u00e5t oss utforska Dalmatien tillsammans &#8230;<\/p><\/div><div class=\"o-col-6@sm o-col-4@md u-mb-2\"><div class=\"u-h2 u-text-secondary-endeavour u-mb-1\"><svg class=\"o-icon\"><use xmlns:xlink=\"http:\/\/www.w3.org\/1999\/xlink\" xlink:href=\"https:\/\/toto.hr\/split\/wp-content\/themes\/toto\/assets\/sprite\/icons.svg#icon-sailing-boat\"><\/use><\/svg><\/div><h3 class=\"u-h5 u-text-gray-300 u-mb-1\"><strong classname=\"u-text-secondary-endeavour\">178<\/strong> ,<strong classname=\"u-text-secondary-endeavour\"> 500<\/strong> miles<\/h3><p class=\"u-text-md\">G\u00e5 med och kom ih\u00e5g Dalmatien f\u00f6r alltid!<\/p><\/div><div class=\"o-col-6@sm o-col-4@md u-mb-2\"><div class=\"u-h2 u-text-secondary-endeavour u-mb-1\"><svg class=\"o-icon\"><use xmlns:xlink=\"http:\/\/www.w3.org\/1999\/xlink\" xlink:href=\"https:\/\/toto.hr\/split\/wp-content\/themes\/toto\/assets\/sprite\/icons.svg#icon-beach\"><\/use><\/svg><\/div><h3 class=\"u-h5 u-text-gray-300 u-mb-1\"><strong classname=\"u-text-secondary-endeavour\">187<\/strong> arbetsdagar<\/h3><p class=\"u-text-md\">Alltid h\u00e4r f\u00f6r dig!<\/p><\/div><\/div><\/section>\n\n<section class=\"o-container\"><div class=\"o-row\"><div class=\"o-col-12\"><h3 class=\"u-h3\">Vem \u00e4r Toto Travel?<\/h3><\/div><\/div><div class=\"o-row u-mb-2 u-mb-6@md\">\n<section class=\"o-col-6@md\">\n<p>Toto Travel Agency har den st\u00f6rsta flottan av b\u00e5tar i Split, tillg\u00e4nglig f\u00f6r grupp- eller skr\u00e4ddarsydda dagliga turer. Med hj\u00e4lp av v\u00e5rt unga team av proffs vill vi ge v\u00e5ra kunder den b\u00e4sta upplevelsen att uppt\u00e4cka sk\u00f6nheten i dalmatiska st\u00e4der och \u00f6ar.<\/p>\n<\/section>\n\n\n\n<section class=\"o-col-6@md\">\n<p>Det har varit v\u00e5rt n\u00f6je att underl\u00e4tta \u00f6ver 150 000 n\u00f6jda resen\u00e4rer under de senaste 6 \u00e5ren med v\u00e5ra b\u00e5tturer och dagliga utflykter till nationalparker som Krka och Plitvice.<\/p>\n<\/section>\n<\/div><div class=\"o-row u-mb-4\"><div class=\"o-col-12\"><img decoding=\"async\" src=\"https:\/\/toto.hr\/split\/wp-content\/uploads\/sites\/3\/2020\/06\/about-us-content-1.jpg\" class=\"u-rounded-lg\" data-attachemnt_id=\"120\" data-size=\"large\"\/><\/div><\/div><\/section>\n\n<section class=\"o-container u-pt-2 u-pt-4@md\"><div class=\"o-row\"><div class=\"o-col-12\"><h3 class=\"u-h3 u-mb-2 u-mb-4@md\">Varf\u00f6r Toto Travel?<\/h3><\/div><\/div><div class=\"o-row u-mb-6@md\">\n<section class=\"o-col-6@sm o-col-4@lg u-mb-2\"><div class=\"u-h2 u-text-secondary-endeavour u-mb-1\"><svg class=\"o-icon\"><use xmlns:xlink=\"http:\/\/www.w3.org\/1999\/xlink\" xlink:href=\"https:\/\/toto.hr\/split\/wp-content\/themes\/toto\/assets\/sprite\/icons.svg#icon-life-belt\"><\/use><\/svg><\/div><h3 class=\"u-text-md\">S\u00e4kerheten f\u00f6rst<\/h3>\n<ul class=\"wp-block-toto-specifications-column-list c-list\"><li>Vi har erfarenhet av att segla i alla v\u00e4derf\u00f6rh\u00e5llanden.<\/li><li>Regelbundet underh\u00e5llna b\u00e5tar<\/li><li>Vi \u00e4r alltid uppdaterade med alla s\u00e4kerhetsrutiner och utrustning p\u00e5 v\u00e5ra b\u00e5tar<\/li><\/ul>\n\n\n\n<p><\/p>\n<\/section>\n\n\n\n<section class=\"o-col-6@sm o-col-4@lg u-mb-2\"><div class=\"u-h2 u-text-secondary-endeavour u-mb-1\"><svg class=\"o-icon\"><use xmlns:xlink=\"http:\/\/www.w3.org\/1999\/xlink\" xlink:href=\"https:\/\/toto.hr\/split\/wp-content\/themes\/toto\/assets\/sprite\/icons.svg#icon-flag\"><\/use><\/svg><\/div><h3 class=\"u-text-md\">Erfaren personal<\/h3>\n<ul class=\"wp-block-toto-specifications-column-list c-list\"><li>All v\u00e5r personal \u00e4r flerspr\u00e5kig<\/li><li>Bef\u00e4lhavare har minst 5 \u00e5rs lokal erfarenhet<\/li><li>Varje medlem i v\u00e5rt team har en grundlig kunskap om det lokala omr\u00e5det.<\/li><\/ul>\n\n\n\n<p><\/p>\n<\/section>\n\n\n\n<section class=\"o-col-6@sm o-col-4@lg u-mb-2\"><div class=\"u-h2 u-text-secondary-endeavour u-mb-1\"><svg class=\"o-icon\"><use xmlns:xlink=\"http:\/\/www.w3.org\/1999\/xlink\" xlink:href=\"https:\/\/toto.hr\/split\/wp-content\/themes\/toto\/assets\/sprite\/icons.svg#icon-office\"><\/use><\/svg><\/div><h3 class=\"u-text-md\">Kontor i centrum<\/h3>\n<ul class=\"wp-block-toto-specifications-column-list c-list\"><li>Vi \u00e4r inte virtuella, vi skulle g\u00e4rna tr\u00e4ffa dig \u00f6ver en ny kopp kaffe p\u00e5 v\u00e5rt Riva-kontor i Split.<\/li><li>Kom och bes\u00f6k oss om du passerar och beh\u00f6ver mer info<\/li><\/ul>\n\n\n\n<p><\/p>\n<\/section>\n\n\n\n<section class=\"o-col-6@sm o-col-4@lg u-mb-2\"><div class=\"u-h2 u-text-secondary-endeavour u-mb-1\"><svg class=\"o-icon\"><use xmlns:xlink=\"http:\/\/www.w3.org\/1999\/xlink\" xlink:href=\"https:\/\/toto.hr\/split\/wp-content\/themes\/toto\/assets\/sprite\/icons.svg#icon-compass\"><\/use><\/svg><\/div><h3 class=\"u-text-md\">St\u00f6rsta resebyr\u00e5n i Split<\/h3>\n<ul class=\"wp-block-toto-specifications-column-list c-list\"><li>Vi har den st\u00f6rsta flottan och det st\u00f6rsta antalet organiserade turer.<\/li><\/ul>\n<\/section>\n\n\n\n<section class=\"o-col-6@sm o-col-4@lg u-mb-2\"><div class=\"u-h2 u-text-secondary-endeavour u-mb-1\"><svg class=\"o-icon\"><use xmlns:xlink=\"http:\/\/www.w3.org\/1999\/xlink\" xlink:href=\"https:\/\/toto.hr\/split\/wp-content\/themes\/toto\/assets\/sprite\/icons.svg#icon-location\"><\/use><\/svg><\/div><h3 class=\"u-text-md\">Skr\u00e4ddarsydda turer<\/h3>\n<ul class=\"wp-block-toto-specifications-column-list c-list\"><li>Har du en vision om din ideala resa och beh\u00f6ver du en lokal partner som hj\u00e4lper dig att f\u00f6rverkliga den? Kontakta oss f\u00f6r att diskutera din egen skr\u00e4ddarsydda turn\u00e9!<\/li><\/ul>\n<\/section>\n<\/div><\/section>\n","protected":false},"excerpt":{"rendered":"","protected":false},"author":1,"featured_media":3591,"parent":0,"menu_order":0,"comment_status":"closed","ping_status":"closed","template":"","meta":{"_acf_changed":false,"_joinchat":[],"footnotes":""},"class_list":["post-1759","page","type-page","status-publish","has-post-thumbnail","hentry"],"acf":[],"yoast_head":"<!-- This site is optimized with the Yoast SEO plugin v25.3.1 - https:\/\/yoast.com\/wordpress\/plugins\/seo\/ -->\n<title>L\u00e4s mer om oss &quot; Toto Travel Split, Kroatien<\/title>\n<meta name=\"description\" content=\"Vi ger v\u00e5ra kunder den b\u00e4sta upplevelsen av att uppt\u00e4cka sk\u00f6nheten i mellersta Dalmatien med gruppresor och skr\u00e4ddarsydda dagliga turer.\" \/>\n<meta name=\"robots\" content=\"index, follow, max-snippet:-1, max-image-preview:large, max-video-preview:-1\" \/>\n<link rel=\"canonical\" href=\"https:\/\/toto.hr\/split\/sv\/om-oss\/\" \/>\n<meta name=\"twitter:label1\" content=\"Ber\u00e4knad l\u00e4stid\" \/>\n\t<meta name=\"twitter:data1\" content=\"1 minut\" \/>\n<script type=\"application\/ld+json\" class=\"yoast-schema-graph\">{\"@context\":\"https:\/\/schema.org\",\"@graph\":[{\"@type\":\"WebPage\",\"@id\":\"https:\/\/toto.hr\/split\/sv\/om-oss\/\",\"url\":\"https:\/\/toto.hr\/split\/sv\/om-oss\/\",\"name\":\"L\u00e4s mer om oss \\\" Toto Travel Split, Kroatien\",\"isPartOf\":{\"@id\":\"https:\/\/toto.hr\/split\/#website\"},\"primaryImageOfPage\":{\"@id\":\"https:\/\/toto.hr\/split\/sv\/om-oss\/#primaryimage\"},\"image\":{\"@id\":\"https:\/\/toto.hr\/split\/sv\/om-oss\/#primaryimage\"},\"thumbnailUrl\":\"https:\/\/toto.hr\/split\/wp-content\/uploads\/sites\/3\/2020\/07\/spencer-davis-AHdHOIjJa64-unsplash-scaled.jpg\",\"datePublished\":\"2021-05-22T16:15:04+00:00\",\"dateModified\":\"2024-04-12T10:08:21+00:00\",\"description\":\"Vi ger v\u00e5ra kunder den b\u00e4sta upplevelsen av att uppt\u00e4cka sk\u00f6nheten i mellersta Dalmatien med gruppresor och skr\u00e4ddarsydda dagliga turer.\",\"breadcrumb\":{\"@id\":\"https:\/\/toto.hr\/split\/sv\/om-oss\/#breadcrumb\"},\"inLanguage\":\"sv-SE\",\"potentialAction\":[{\"@type\":\"ReadAction\",\"target\":[\"https:\/\/toto.hr\/split\/sv\/om-oss\/\"]}]},{\"@type\":\"ImageObject\",\"inLanguage\":\"sv-SE\",\"@id\":\"https:\/\/toto.hr\/split\/sv\/om-oss\/#primaryimage\",\"url\":\"https:\/\/toto.hr\/split\/wp-content\/uploads\/sites\/3\/2020\/07\/spencer-davis-AHdHOIjJa64-unsplash-scaled.jpg\",\"contentUrl\":\"https:\/\/toto.hr\/split\/wp-content\/uploads\/sites\/3\/2020\/07\/spencer-davis-AHdHOIjJa64-unsplash-scaled.jpg\",\"width\":2560,\"height\":1600},{\"@type\":\"BreadcrumbList\",\"@id\":\"https:\/\/toto.hr\/split\/sv\/om-oss\/#breadcrumb\",\"itemListElement\":[{\"@type\":\"ListItem\",\"position\":1,\"name\":\"Home\",\"item\":\"https:\/\/toto.hr\/split\/sv\/\"},{\"@type\":\"ListItem\",\"position\":2,\"name\":\"Om oss\"}]},{\"@type\":\"WebSite\",\"@id\":\"https:\/\/toto.hr\/split\/#website\",\"url\":\"https:\/\/toto.hr\/split\/\",\"name\":\"Toto Travel - Split\",\"description\":\"Boat Trip Adventures from Split Croatia\",\"publisher\":{\"@id\":\"https:\/\/toto.hr\/split\/#organization\"},\"potentialAction\":[{\"@type\":\"SearchAction\",\"target\":{\"@type\":\"EntryPoint\",\"urlTemplate\":\"https:\/\/toto.hr\/split\/?s={search_term_string}\"},\"query-input\":{\"@type\":\"PropertyValueSpecification\",\"valueRequired\":true,\"valueName\":\"search_term_string\"}}],\"inLanguage\":\"sv-SE\"},{\"@type\":\"Organization\",\"@id\":\"https:\/\/toto.hr\/split\/#organization\",\"name\":\"Toto Travel - Boat Trips Adventures Split\",\"url\":\"https:\/\/toto.hr\/split\/\",\"logo\":{\"@type\":\"ImageObject\",\"inLanguage\":\"sv-SE\",\"@id\":\"https:\/\/toto.hr\/split\/#\/schema\/logo\/image\/\",\"url\":\"https:\/\/toto.hr\/split\/wp-content\/uploads\/sites\/3\/2020\/07\/toto_travel_logo.jpg\",\"contentUrl\":\"https:\/\/toto.hr\/split\/wp-content\/uploads\/sites\/3\/2020\/07\/toto_travel_logo.jpg\",\"width\":410,\"height\":195,\"caption\":\"Toto Travel - Boat Trips Adventures Split\"},\"image\":{\"@id\":\"https:\/\/toto.hr\/split\/#\/schema\/logo\/image\/\"},\"sameAs\":[\"https:\/\/web.facebook.com\/Toto-Travel-Boat-Trip-Adventures-104729731249453\",\"https:\/\/www.instagram.com\/toto_travel_split\/\"]}]}<\/script>\n<!-- \/ Yoast SEO plugin. -->","yoast_head_json":{"title":"L\u00e4s mer om oss \" Toto Travel Split, Kroatien","description":"Vi ger v\u00e5ra kunder den b\u00e4sta upplevelsen av att uppt\u00e4cka sk\u00f6nheten i mellersta Dalmatien med gruppresor och skr\u00e4ddarsydda dagliga turer.","robots":{"index":"index","follow":"follow","max-snippet":"max-snippet:-1","max-image-preview":"max-image-preview:large","max-video-preview":"max-video-preview:-1"},"canonical":"https:\/\/toto.hr\/split\/sv\/om-oss\/","twitter_misc":{"Ber\u00e4knad l\u00e4stid":"1 minut"},"schema":{"@context":"https:\/\/schema.org","@graph":[{"@type":"WebPage","@id":"https:\/\/toto.hr\/split\/sv\/om-oss\/","url":"https:\/\/toto.hr\/split\/sv\/om-oss\/","name":"L\u00e4s mer om oss \" Toto Travel Split, Kroatien","isPartOf":{"@id":"https:\/\/toto.hr\/split\/#website"},"primaryImageOfPage":{"@id":"https:\/\/toto.hr\/split\/sv\/om-oss\/#primaryimage"},"image":{"@id":"https:\/\/toto.hr\/split\/sv\/om-oss\/#primaryimage"},"thumbnailUrl":"https:\/\/toto.hr\/split\/wp-content\/uploads\/sites\/3\/2020\/07\/spencer-davis-AHdHOIjJa64-unsplash-scaled.jpg","datePublished":"2021-05-22T16:15:04+00:00","dateModified":"2024-04-12T10:08:21+00:00","description":"Vi ger v\u00e5ra kunder den b\u00e4sta upplevelsen av att uppt\u00e4cka sk\u00f6nheten i mellersta Dalmatien med gruppresor och skr\u00e4ddarsydda dagliga turer.","breadcrumb":{"@id":"https:\/\/toto.hr\/split\/sv\/om-oss\/#breadcrumb"},"inLanguage":"sv-SE","potentialAction":[{"@type":"ReadAction","target":["https:\/\/toto.hr\/split\/sv\/om-oss\/"]}]},{"@type":"ImageObject","inLanguage":"sv-SE","@id":"https:\/\/toto.hr\/split\/sv\/om-oss\/#primaryimage","url":"https:\/\/toto.hr\/split\/wp-content\/uploads\/sites\/3\/2020\/07\/spencer-davis-AHdHOIjJa64-unsplash-scaled.jpg","contentUrl":"https:\/\/toto.hr\/split\/wp-content\/uploads\/sites\/3\/2020\/07\/spencer-davis-AHdHOIjJa64-unsplash-scaled.jpg","width":2560,"height":1600},{"@type":"BreadcrumbList","@id":"https:\/\/toto.hr\/split\/sv\/om-oss\/#breadcrumb","itemListElement":[{"@type":"ListItem","position":1,"name":"Home","item":"https:\/\/toto.hr\/split\/sv\/"},{"@type":"ListItem","position":2,"name":"Om oss"}]},{"@type":"WebSite","@id":"https:\/\/toto.hr\/split\/#website","url":"https:\/\/toto.hr\/split\/","name":"Toto Travel - Split","description":"Boat Trip Adventures from Split Croatia","publisher":{"@id":"https:\/\/toto.hr\/split\/#organization"},"potentialAction":[{"@type":"SearchAction","target":{"@type":"EntryPoint","urlTemplate":"https:\/\/toto.hr\/split\/?s={search_term_string}"},"query-input":{"@type":"PropertyValueSpecification","valueRequired":true,"valueName":"search_term_string"}}],"inLanguage":"sv-SE"},{"@type":"Organization","@id":"https:\/\/toto.hr\/split\/#organization","name":"Toto Travel - Boat Trips Adventures Split","url":"https:\/\/toto.hr\/split\/","logo":{"@type":"ImageObject","inLanguage":"sv-SE","@id":"https:\/\/toto.hr\/split\/#\/schema\/logo\/image\/","url":"https:\/\/toto.hr\/split\/wp-content\/uploads\/sites\/3\/2020\/07\/toto_travel_logo.jpg","contentUrl":"https:\/\/toto.hr\/split\/wp-content\/uploads\/sites\/3\/2020\/07\/toto_travel_logo.jpg","width":410,"height":195,"caption":"Toto Travel - Boat Trips Adventures Split"},"image":{"@id":"https:\/\/toto.hr\/split\/#\/schema\/logo\/image\/"},"sameAs":["https:\/\/web.facebook.com\/Toto-Travel-Boat-Trip-Adventures-104729731249453","https:\/\/www.instagram.com\/toto_travel_split\/"]}]}},"_links":{"self":[{"href":"https:\/\/toto.hr\/split\/sv\/wp-json\/wp\/v2\/pages\/1759","targetHints":{"allow":["GET"]}}],"collection":[{"href":"https:\/\/toto.hr\/split\/sv\/wp-json\/wp\/v2\/pages"}],"about":[{"href":"https:\/\/toto.hr\/split\/sv\/wp-json\/wp\/v2\/types\/page"}],"author":[{"embeddable":true,"href":"https:\/\/toto.hr\/split\/sv\/wp-json\/wp\/v2\/users\/1"}],"replies":[{"embeddable":true,"href":"https:\/\/toto.hr\/split\/sv\/wp-json\/wp\/v2\/comments?post=1759"}],"version-history":[{"count":4,"href":"https:\/\/toto.hr\/split\/sv\/wp-json\/wp\/v2\/pages\/1759\/revisions"}],"predecessor-version":[{"id":6011,"href":"https:\/\/toto.hr\/split\/sv\/wp-json\/wp\/v2\/pages\/1759\/revisions\/6011"}],"wp:featuredmedia":[{"embeddable":true,"href":"https:\/\/toto.hr\/split\/sv\/wp-json\/wp\/v2\/media\/3591"}],"wp:attachment":[{"href":"https:\/\/toto.hr\/split\/sv\/wp-json\/wp\/v2\/media?parent=1759"}],"curies":[{"name":"wp","href":"https:\/\/api.w.org\/{rel}","templated":true}]}}