{"id":8341,"date":"2025-09-19T14:11:21","date_gmt":"2025-09-19T12:11:21","guid":{"rendered":"https:\/\/toto.hr\/split\/retningslinjer-for-personvern\/"},"modified":"2025-09-19T14:11:21","modified_gmt":"2025-09-19T12:11:21","slug":"retningslinjer-for-personvern","status":"publish","type":"page","link":"https:\/\/toto.hr\/split\/no\/retningslinjer-for-personvern\/","title":{"rendered":"Retningslinjer for personvern"},"content":{"rendered":"\n<section class=\"c-hero c-hero--has-overlay\"><img loading=\"lazy\" decoding=\"async\" width=\"1145\" height=\"550\" src=\"https:\/\/toto.hr\/split\/wp-content\/uploads\/sites\/3\/2025\/09\/about-us-content-1.jpg\" class=\"c-hero__background-image\" alt=\"about us content 1\" srcset=\"https:\/\/toto.hr\/split\/wp-content\/uploads\/sites\/3\/2025\/09\/about-us-content-1.jpg 1145w, https:\/\/toto.hr\/split\/wp-content\/uploads\/sites\/3\/2025\/09\/about-us-content-1-300x144.jpg 300w, https:\/\/toto.hr\/split\/wp-content\/uploads\/sites\/3\/2025\/09\/about-us-content-1-1024x492.jpg 1024w, https:\/\/toto.hr\/split\/wp-content\/uploads\/sites\/3\/2025\/09\/about-us-content-1-768x369.jpg 768w, https:\/\/toto.hr\/split\/wp-content\/uploads\/sites\/3\/2025\/09\/about-us-content-1-970x466.jpg 970w, https:\/\/toto.hr\/split\/wp-content\/uploads\/sites\/3\/2025\/09\/about-us-content-1-600x288.jpg 600w\" sizes=\"auto, (max-width: 1145px) 100vw, 1145px\"><div class=\"o-container\"><div class=\"o-row\"><div class=\"o-col-12\"><h1 class=\"c-hero__heading\">Personvernerkl\u00e6ring for Toto Travel<\/h1><div class=\"c-hero__description\">\n<p>Toto Travel samler inn enkelte personopplysninger fra sine brukere.<\/p>\n\n\n\n<p>Dette dokumentet kan skrives ut for referanse ved \u00e5 bruke utskriftskommandoen i innstillingene til en hvilken som helst nettleser.<\/p>\n<\/div><\/div><\/div><\/div><\/section>\n\n<section class=\"o-container\"><div class=\"o-row u-mb-2 u-mb-4@sm\"><div class=\"o-col-10@lg u-mx-auto\"><div class=\"u-h6\">\n<h4 class=\"wp-block-heading\"><br\/><strong>Eier og behandlingsansvarlig<\/strong><\/h4>\n\n\n\n<p>Toto reisebyr\u00e5<br\/>Drifter j.d.o.o.<br\/>Trumbi\u0107eva obala 2, 21 000 Split, Kroatia<br\/><strong>E-post for eierkontakt:<\/strong> info@toto.hr<\/p>\n<\/div><\/div><\/div><\/section>\n\n<section class=\"o-container\"><div class=\"o-row u-mb-2 u-mb-4@sm\"><div class=\"o-col-10@lg u-mx-auto\"><div class=\"u-h6\">\n<h4 class=\"wp-block-heading\"><strong>Typer data som samles inn<\/strong><\/h4>\n\n\n\n<p>Blant de typer personopplysninger som denne applikasjonen samler inn, av seg selv eller gjennom tredjeparter, er det: Informasjonskapsler; Bruksdata.<\/p>\n\n\n\n<p>Fullstendige detaljer om hver type personopplysninger som samles inn, finnes i de dedikerte avsnittene i denne personvernerkl\u00e6ringen eller i spesifikke forklaringstekster som vises f\u00f8r datainnsamlingen.<\/p>\n\n\n\n<p>Personopplysninger kan oppgis fritt av brukeren, eller, i tilfelle bruksdata, samles inn automatisk n\u00e5r du bruker denne applikasjonen.<\/p>\n\n\n\n<p>Med mindre annet er spesifisert, er alle data som denne applikasjonen ber om obligatorisk, og unnlatelse av \u00e5 oppgi disse dataene kan gj\u00f8re det umulig for denne applikasjonen \u00e5 tilby sine tjenester. I tilfeller der denne applikasjonen spesifikt angir at noen data ikke er obligatoriske, st\u00e5r brukerne fritt til ikke \u00e5 kommunisere disse dataene uten konsekvenser for tilgjengeligheten eller funksjonen til tjenesten. <\/p>\n\n\n\n<p>Brukere som er usikre p\u00e5 hvilke personopplysninger som er obligatoriske, er velkomne til \u00e5 kontakte eieren.<\/p>\n\n\n\n<p>All bruk av informasjonskapsler &#8211; eller andre sporingsverkt\u00f8y &#8211; av denne applikasjonen eller av eierne av tredjepartstjenester som brukes av denne applikasjonen, har som form\u00e5l \u00e5 levere tjenesten som kreves av brukeren, i tillegg til alle andre form\u00e5l som er beskrevet i dette dokumentet og i retningslinjene for informasjonskapsler, hvis tilgjengelig.<\/p>\n\n\n\n<p>Brukerne er ansvarlige for alle tredjeparts personopplysninger som innhentes, publiseres eller deles gjennom denne applikasjonen, og bekrefter at de har tredjepartens samtykke til \u00e5 gi dataene til eieren.<\/p>\n<\/div><\/div><\/div><\/section>\n\n<section class=\"o-container\"><div class=\"o-row u-mb-2 u-mb-4@sm\"><div class=\"o-col-10@lg u-mx-auto\"><div class=\"u-h6\">\n<h4 class=\"wp-block-heading\"><strong>M\u00e5te og sted for behandling av opplysningene<\/strong><\/h4>\n\n\n\n<p><strong>Metoder for behandling<\/strong><br\/>Eieren iverksetter egnede sikkerhetstiltak for \u00e5 forhindre uautorisert tilgang, utlevering, endring eller uautorisert \u00f8deleggelse av Dataene.<\/p>\n\n\n\n<p>Databehandlingen utf\u00f8res ved hjelp av datamaskiner og\/eller IT-aktiverte verkt\u00f8y, i henhold til organisatoriske prosedyrer og moduser som er strengt knyttet til de angitte form\u00e5lene. I tillegg til Eieren, i noen tilfeller <\/p>\n<\/div><\/div><\/div><\/section>\n","protected":false},"excerpt":{"rendered":"","protected":false},"author":6,"featured_media":8328,"parent":0,"menu_order":0,"comment_status":"closed","ping_status":"closed","template":"","meta":{"_acf_changed":false,"_joinchat":[],"footnotes":""},"class_list":["post-8341","page","type-page","status-publish","has-post-thumbnail","hentry"],"acf":[],"yoast_head":"<!-- This site is optimized with the Yoast SEO plugin v25.3.1 - https:\/\/yoast.com\/wordpress\/plugins\/seo\/ -->\n<title>Retningslinjer for personvern &#187; Toto Travel - Split<\/title>\n<meta name=\"description\" content=\"Retningslinjer for personvern\" \/>\n<meta name=\"robots\" content=\"index, follow, max-snippet:-1, max-image-preview:large, max-video-preview:-1\" \/>\n<link rel=\"canonical\" href=\"https:\/\/toto.hr\/split\/no\/retningslinjer-for-personvern\/\" \/>\n<meta name=\"twitter:label1\" content=\"Ansl. lesetid\" \/>\n\t<meta name=\"twitter:data1\" content=\"2 minutter\" \/>\n<script type=\"application\/ld+json\" class=\"yoast-schema-graph\">{\"@context\":\"https:\/\/schema.org\",\"@graph\":[{\"@type\":\"WebPage\",\"@id\":\"https:\/\/toto.hr\/split\/no\/retningslinjer-for-personvern\/\",\"url\":\"https:\/\/toto.hr\/split\/no\/retningslinjer-for-personvern\/\",\"name\":\"Retningslinjer for personvern &#187; Toto Travel - Split\",\"isPartOf\":{\"@id\":\"https:\/\/toto.hr\/split\/#website\"},\"primaryImageOfPage\":{\"@id\":\"https:\/\/toto.hr\/split\/no\/retningslinjer-for-personvern\/#primaryimage\"},\"image\":{\"@id\":\"https:\/\/toto.hr\/split\/no\/retningslinjer-for-personvern\/#primaryimage\"},\"thumbnailUrl\":\"https:\/\/toto.hr\/split\/wp-content\/uploads\/sites\/3\/2025\/09\/about-us-content-1.jpg\",\"datePublished\":\"2025-09-19T12:11:21+00:00\",\"description\":\"Retningslinjer for personvern\",\"breadcrumb\":{\"@id\":\"https:\/\/toto.hr\/split\/no\/retningslinjer-for-personvern\/#breadcrumb\"},\"inLanguage\":\"nb-NO\",\"potentialAction\":[{\"@type\":\"ReadAction\",\"target\":[\"https:\/\/toto.hr\/split\/no\/retningslinjer-for-personvern\/\"]}]},{\"@type\":\"ImageObject\",\"inLanguage\":\"nb-NO\",\"@id\":\"https:\/\/toto.hr\/split\/no\/retningslinjer-for-personvern\/#primaryimage\",\"url\":\"https:\/\/toto.hr\/split\/wp-content\/uploads\/sites\/3\/2025\/09\/about-us-content-1.jpg\",\"contentUrl\":\"https:\/\/toto.hr\/split\/wp-content\/uploads\/sites\/3\/2025\/09\/about-us-content-1.jpg\",\"width\":1145,\"height\":550},{\"@type\":\"BreadcrumbList\",\"@id\":\"https:\/\/toto.hr\/split\/no\/retningslinjer-for-personvern\/#breadcrumb\",\"itemListElement\":[{\"@type\":\"ListItem\",\"position\":1,\"name\":\"Home\",\"item\":\"https:\/\/toto.hr\/split\/no\/\"},{\"@type\":\"ListItem\",\"position\":2,\"name\":\"Retningslinjer for personvern\"}]},{\"@type\":\"WebSite\",\"@id\":\"https:\/\/toto.hr\/split\/#website\",\"url\":\"https:\/\/toto.hr\/split\/\",\"name\":\"Toto Travel - Split\",\"description\":\"Boat Trip Adventures from Split Croatia\",\"publisher\":{\"@id\":\"https:\/\/toto.hr\/split\/#organization\"},\"potentialAction\":[{\"@type\":\"SearchAction\",\"target\":{\"@type\":\"EntryPoint\",\"urlTemplate\":\"https:\/\/toto.hr\/split\/?s={search_term_string}\"},\"query-input\":{\"@type\":\"PropertyValueSpecification\",\"valueRequired\":true,\"valueName\":\"search_term_string\"}}],\"inLanguage\":\"nb-NO\"},{\"@type\":\"Organization\",\"@id\":\"https:\/\/toto.hr\/split\/#organization\",\"name\":\"Toto Travel - Boat Trips Adventures Split\",\"url\":\"https:\/\/toto.hr\/split\/\",\"logo\":{\"@type\":\"ImageObject\",\"inLanguage\":\"nb-NO\",\"@id\":\"https:\/\/toto.hr\/split\/#\/schema\/logo\/image\/\",\"url\":\"https:\/\/toto.hr\/split\/wp-content\/uploads\/sites\/3\/2020\/07\/toto_travel_logo.jpg\",\"contentUrl\":\"https:\/\/toto.hr\/split\/wp-content\/uploads\/sites\/3\/2020\/07\/toto_travel_logo.jpg\",\"width\":410,\"height\":195,\"caption\":\"Toto Travel - Boat Trips Adventures Split\"},\"image\":{\"@id\":\"https:\/\/toto.hr\/split\/#\/schema\/logo\/image\/\"},\"sameAs\":[\"https:\/\/web.facebook.com\/Toto-Travel-Boat-Trip-Adventures-104729731249453\",\"https:\/\/www.instagram.com\/toto_travel_split\/\"]}]}<\/script>\n<!-- \/ Yoast SEO plugin. -->","yoast_head_json":{"title":"Retningslinjer for personvern &#187; Toto Travel - Split","description":"Retningslinjer for personvern","robots":{"index":"index","follow":"follow","max-snippet":"max-snippet:-1","max-image-preview":"max-image-preview:large","max-video-preview":"max-video-preview:-1"},"canonical":"https:\/\/toto.hr\/split\/no\/retningslinjer-for-personvern\/","twitter_misc":{"Ansl. lesetid":"2 minutter"},"schema":{"@context":"https:\/\/schema.org","@graph":[{"@type":"WebPage","@id":"https:\/\/toto.hr\/split\/no\/retningslinjer-for-personvern\/","url":"https:\/\/toto.hr\/split\/no\/retningslinjer-for-personvern\/","name":"Retningslinjer for personvern &#187; Toto Travel - Split","isPartOf":{"@id":"https:\/\/toto.hr\/split\/#website"},"primaryImageOfPage":{"@id":"https:\/\/toto.hr\/split\/no\/retningslinjer-for-personvern\/#primaryimage"},"image":{"@id":"https:\/\/toto.hr\/split\/no\/retningslinjer-for-personvern\/#primaryimage"},"thumbnailUrl":"https:\/\/toto.hr\/split\/wp-content\/uploads\/sites\/3\/2025\/09\/about-us-content-1.jpg","datePublished":"2025-09-19T12:11:21+00:00","description":"Retningslinjer for personvern","breadcrumb":{"@id":"https:\/\/toto.hr\/split\/no\/retningslinjer-for-personvern\/#breadcrumb"},"inLanguage":"nb-NO","potentialAction":[{"@type":"ReadAction","target":["https:\/\/toto.hr\/split\/no\/retningslinjer-for-personvern\/"]}]},{"@type":"ImageObject","inLanguage":"nb-NO","@id":"https:\/\/toto.hr\/split\/no\/retningslinjer-for-personvern\/#primaryimage","url":"https:\/\/toto.hr\/split\/wp-content\/uploads\/sites\/3\/2025\/09\/about-us-content-1.jpg","contentUrl":"https:\/\/toto.hr\/split\/wp-content\/uploads\/sites\/3\/2025\/09\/about-us-content-1.jpg","width":1145,"height":550},{"@type":"BreadcrumbList","@id":"https:\/\/toto.hr\/split\/no\/retningslinjer-for-personvern\/#breadcrumb","itemListElement":[{"@type":"ListItem","position":1,"name":"Home","item":"https:\/\/toto.hr\/split\/no\/"},{"@type":"ListItem","position":2,"name":"Retningslinjer for personvern"}]},{"@type":"WebSite","@id":"https:\/\/toto.hr\/split\/#website","url":"https:\/\/toto.hr\/split\/","name":"Toto Travel - Split","description":"Boat Trip Adventures from Split Croatia","publisher":{"@id":"https:\/\/toto.hr\/split\/#organization"},"potentialAction":[{"@type":"SearchAction","target":{"@type":"EntryPoint","urlTemplate":"https:\/\/toto.hr\/split\/?s={search_term_string}"},"query-input":{"@type":"PropertyValueSpecification","valueRequired":true,"valueName":"search_term_string"}}],"inLanguage":"nb-NO"},{"@type":"Organization","@id":"https:\/\/toto.hr\/split\/#organization","name":"Toto Travel - Boat Trips Adventures Split","url":"https:\/\/toto.hr\/split\/","logo":{"@type":"ImageObject","inLanguage":"nb-NO","@id":"https:\/\/toto.hr\/split\/#\/schema\/logo\/image\/","url":"https:\/\/toto.hr\/split\/wp-content\/uploads\/sites\/3\/2020\/07\/toto_travel_logo.jpg","contentUrl":"https:\/\/toto.hr\/split\/wp-content\/uploads\/sites\/3\/2020\/07\/toto_travel_logo.jpg","width":410,"height":195,"caption":"Toto Travel - Boat Trips Adventures Split"},"image":{"@id":"https:\/\/toto.hr\/split\/#\/schema\/logo\/image\/"},"sameAs":["https:\/\/web.facebook.com\/Toto-Travel-Boat-Trip-Adventures-104729731249453","https:\/\/www.instagram.com\/toto_travel_split\/"]}]}},"_links":{"self":[{"href":"https:\/\/toto.hr\/split\/no\/wp-json\/wp\/v2\/pages\/8341","targetHints":{"allow":["GET"]}}],"collection":[{"href":"https:\/\/toto.hr\/split\/no\/wp-json\/wp\/v2\/pages"}],"about":[{"href":"https:\/\/toto.hr\/split\/no\/wp-json\/wp\/v2\/types\/page"}],"author":[{"embeddable":true,"href":"https:\/\/toto.hr\/split\/no\/wp-json\/wp\/v2\/users\/6"}],"replies":[{"embeddable":true,"href":"https:\/\/toto.hr\/split\/no\/wp-json\/wp\/v2\/comments?post=8341"}],"version-history":[{"count":1,"href":"https:\/\/toto.hr\/split\/no\/wp-json\/wp\/v2\/pages\/8341\/revisions"}],"predecessor-version":[{"id":8342,"href":"https:\/\/toto.hr\/split\/no\/wp-json\/wp\/v2\/pages\/8341\/revisions\/8342"}],"wp:featuredmedia":[{"embeddable":true,"href":"https:\/\/toto.hr\/split\/no\/wp-json\/wp\/v2\/media\/8328"}],"wp:attachment":[{"href":"https:\/\/toto.hr\/split\/no\/wp-json\/wp\/v2\/media?parent=8341"}],"curies":[{"name":"wp","href":"https:\/\/api.w.org\/{rel}","templated":true}]}}