{"id":1755,"date":"2021-05-22T18:14:52","date_gmt":"2021-05-22T16:14:52","guid":{"rendered":"https:\/\/toto.hr\/split\/om-oss\/"},"modified":"2024-04-12T12:08:21","modified_gmt":"2024-04-12T10:08:21","slug":"om-oss","status":"publish","type":"page","link":"https:\/\/toto.hr\/split\/no\/om-oss\/","title":{"rendered":"Om oss"},"content":{"rendered":"\n<section class=\"c-hero c-hero--has-overlay\"><img loading=\"lazy\" decoding=\"async\" width=\"1280\" height=\"800\" src=\"https:\/\/toto.hr\/split\/wp-content\/uploads\/sites\/3\/2020\/07\/spencer-davis-AHdHOIjJa64-unsplash-1280x800.jpg\" class=\"c-hero__background-image\" alt=\"spencer davis \" srcset=\"https:\/\/toto.hr\/split\/wp-content\/uploads\/sites\/3\/2020\/07\/spencer-davis-AHdHOIjJa64-unsplash-1280x800.jpg 1280w, https:\/\/toto.hr\/split\/wp-content\/uploads\/sites\/3\/2020\/07\/spencer-davis-AHdHOIjJa64-unsplash-300x187.jpg 300w, https:\/\/toto.hr\/split\/wp-content\/uploads\/sites\/3\/2020\/07\/spencer-davis-AHdHOIjJa64-unsplash-1024x640.jpg 1024w, https:\/\/toto.hr\/split\/wp-content\/uploads\/sites\/3\/2020\/07\/spencer-davis-AHdHOIjJa64-unsplash-768x480.jpg 768w, https:\/\/toto.hr\/split\/wp-content\/uploads\/sites\/3\/2020\/07\/spencer-davis-AHdHOIjJa64-unsplash-1536x960.jpg 1536w, https:\/\/toto.hr\/split\/wp-content\/uploads\/sites\/3\/2020\/07\/spencer-davis-AHdHOIjJa64-unsplash-2048x1280.jpg 2048w, https:\/\/toto.hr\/split\/wp-content\/uploads\/sites\/3\/2020\/07\/spencer-davis-AHdHOIjJa64-unsplash-800x500.jpg 800w\" sizes=\"auto, (max-width: 1280px) 100vw, 1280px\"><div class=\"o-container\"><div class=\"o-row\"><div class=\"o-col-12\"><h1 class=\"c-hero__heading\">Toto Travel Split<\/h1><div class=\"c-hero__description\">\n<p>Oppdag skj\u00f8nnheten til Dalmatian Islands og National Parks med oss.<\/p>\n<\/div><\/div><\/div><\/div><\/section>\n\n<section class=\"wp-block-toto-outline o-container u-pt-2 u-pt-4@md\"><div class=\"o-row u-mb-4@md\"><div class=\"o-col-6@sm o-col-4@md u-mb-2\"><div class=\"u-h2 u-text-secondary-endeavour u-mb-1\"><svg class=\"o-icon\"><use xmlns:xlink=\"http:\/\/www.w3.org\/1999\/xlink\" xlink:href=\"https:\/\/toto.hr\/split\/wp-content\/themes\/toto\/assets\/sprite\/icons.svg#icon-person\"><\/use><\/svg><\/div><h3 class=\"u-h5 u-text-gray-300 u-mb-1\"><strong classname=\"u-text-secondary-endeavour\">130<\/strong> ,<strong classname=\"u-text-secondary-endeavour\"> 738<\/strong> glade reisende<\/h3><p class=\"u-text-md\">La oss utforske Dalmatia sammen &#8230;<\/p><\/div><div class=\"o-col-6@sm o-col-4@md u-mb-2\"><div class=\"u-h2 u-text-secondary-endeavour u-mb-1\"><svg class=\"o-icon\"><use xmlns:xlink=\"http:\/\/www.w3.org\/1999\/xlink\" xlink:href=\"https:\/\/toto.hr\/split\/wp-content\/themes\/toto\/assets\/sprite\/icons.svg#icon-sailing-boat\"><\/use><\/svg><\/div><h3 class=\"u-h5 u-text-gray-300 u-mb-1\"><strong classname=\"u-text-secondary-endeavour\">178<\/strong> ,<strong classname=\"u-text-secondary-endeavour\"> 500<\/strong> miles<\/h3><p class=\"u-text-md\">Bli med og husk Dalmatia for alltid!<\/p><\/div><div class=\"o-col-6@sm o-col-4@md u-mb-2\"><div class=\"u-h2 u-text-secondary-endeavour u-mb-1\"><svg class=\"o-icon\"><use xmlns:xlink=\"http:\/\/www.w3.org\/1999\/xlink\" xlink:href=\"https:\/\/toto.hr\/split\/wp-content\/themes\/toto\/assets\/sprite\/icons.svg#icon-beach\"><\/use><\/svg><\/div><h3 class=\"u-h5 u-text-gray-300 u-mb-1\"><strong classname=\"u-text-secondary-endeavour\">187<\/strong> driftsdager<\/h3><p class=\"u-text-md\">Alltid her for deg!<\/p><\/div><\/div><\/section>\n\n<section class=\"o-container\"><div class=\"o-row\"><div class=\"o-col-12\"><h3 class=\"u-h3\">Hvem er Toto Travel?<\/h3><\/div><\/div><div class=\"o-row u-mb-2 u-mb-6@md\">\n<section class=\"o-col-6@md\">\n<p>Toto reisebyr\u00e5 har den st\u00f8rste fl\u00e5ten med b\u00e5ter i Split, tilgjengelig for gruppe- eller skreddersydde daglige turer. Ved hjelp av v\u00e5rt unge team av profesjonelle \u00f8nsker vi \u00e5 gi kundene v\u00e5re den beste opplevelsen i \u00e5 oppdage skj\u00f8nnheten i dalmatiske byer og \u00f8yer.<\/p>\n<\/section>\n\n\n\n<section class=\"o-col-6@md\">\n<p>Det har v\u00e6rt v\u00e5r glede \u00e5 legge til rette for over 150 000 forn\u00f8yde reisende de siste 6 \u00e5rene med v\u00e5re b\u00e5tturer og daglige utflukter til nasjonalparker som Krka og Plitvice.<\/p>\n<\/section>\n<\/div><div class=\"o-row u-mb-4\"><div class=\"o-col-12\"><img decoding=\"async\" src=\"https:\/\/toto.hr\/split\/wp-content\/uploads\/sites\/3\/2020\/06\/about-us-content-1.jpg\" class=\"u-rounded-lg\" data-attachemnt_id=\"120\" data-size=\"large\"\/><\/div><\/div><\/section>\n\n<section class=\"o-container u-pt-2 u-pt-4@md\"><div class=\"o-row\"><div class=\"o-col-12\"><h3 class=\"u-h3 u-mb-2 u-mb-4@md\">Hvorfor Toto Travel?<\/h3><\/div><\/div><div class=\"o-row u-mb-6@md\">\n<section class=\"o-col-6@sm o-col-4@lg u-mb-2\"><div class=\"u-h2 u-text-secondary-endeavour u-mb-1\"><svg class=\"o-icon\"><use xmlns:xlink=\"http:\/\/www.w3.org\/1999\/xlink\" xlink:href=\"https:\/\/toto.hr\/split\/wp-content\/themes\/toto\/assets\/sprite\/icons.svg#icon-life-belt\"><\/use><\/svg><\/div><h3 class=\"u-text-md\">Sikkerhet f\u00f8rst<\/h3>\n<ul class=\"wp-block-toto-specifications-column-list c-list\"><li>Vi har erfaring med seiling under alle v\u00e6rforhold.<\/li><li>Regelmessig vedlikeholdte b\u00e5ter<\/li><li>Vi er alltid oppdatert med alle sikkerhetsprosedyrer og utstyr p\u00e5 b\u00e5tene v\u00e5re<\/li><\/ul>\n\n\n\n<p><\/p>\n<\/section>\n\n\n\n<section class=\"o-col-6@sm o-col-4@lg u-mb-2\"><div class=\"u-h2 u-text-secondary-endeavour u-mb-1\"><svg class=\"o-icon\"><use xmlns:xlink=\"http:\/\/www.w3.org\/1999\/xlink\" xlink:href=\"https:\/\/toto.hr\/split\/wp-content\/themes\/toto\/assets\/sprite\/icons.svg#icon-flag\"><\/use><\/svg><\/div><h3 class=\"u-text-md\">Erfaren stab<\/h3>\n<ul class=\"wp-block-toto-specifications-column-list c-list\"><li>Alle ansatte er flerspr\u00e5klige<\/li><li>Skippere har minimum 5 \u00e5rs lokal erfaring<\/li><li>Hvert medlem av teamet v\u00e5rt har grundig kunnskap om lokalomr\u00e5det.<\/li><\/ul>\n\n\n\n<p><\/p>\n<\/section>\n\n\n\n<section class=\"o-col-6@sm o-col-4@lg u-mb-2\"><div class=\"u-h2 u-text-secondary-endeavour u-mb-1\"><svg class=\"o-icon\"><use xmlns:xlink=\"http:\/\/www.w3.org\/1999\/xlink\" xlink:href=\"https:\/\/toto.hr\/split\/wp-content\/themes\/toto\/assets\/sprite\/icons.svg#icon-office\"><\/use><\/svg><\/div><h3 class=\"u-text-md\">Kontor i sentrum<\/h3>\n<ul class=\"wp-block-toto-specifications-column-list c-list\"><li>Vi er ikke virtuelle, vi vil gjerne m\u00f8te deg over en ny kopp kaffe p\u00e5 v\u00e5rt Riva-kontor i Split.<\/li><li>Kom og bes\u00f8k oss hvis du g\u00e5r forbi og trenger mer info<\/li><\/ul>\n\n\n\n<p><\/p>\n<\/section>\n\n\n\n<section class=\"o-col-6@sm o-col-4@lg u-mb-2\"><div class=\"u-h2 u-text-secondary-endeavour u-mb-1\"><svg class=\"o-icon\"><use xmlns:xlink=\"http:\/\/www.w3.org\/1999\/xlink\" xlink:href=\"https:\/\/toto.hr\/split\/wp-content\/themes\/toto\/assets\/sprite\/icons.svg#icon-compass\"><\/use><\/svg><\/div><h3 class=\"u-text-md\">St\u00f8rste reisebyr\u00e5 i Split<\/h3>\n<ul class=\"wp-block-toto-specifications-column-list c-list\"><li>Vi har den st\u00f8rste fl\u00e5ten og det st\u00f8rste antallet organiserte turer.<\/li><\/ul>\n<\/section>\n\n\n\n<section class=\"o-col-6@sm o-col-4@lg u-mb-2\"><div class=\"u-h2 u-text-secondary-endeavour u-mb-1\"><svg class=\"o-icon\"><use xmlns:xlink=\"http:\/\/www.w3.org\/1999\/xlink\" xlink:href=\"https:\/\/toto.hr\/split\/wp-content\/themes\/toto\/assets\/sprite\/icons.svg#icon-location\"><\/use><\/svg><\/div><h3 class=\"u-text-md\">Skreddersydde turer<\/h3>\n<ul class=\"wp-block-toto-specifications-column-list c-list\"><li>Har du en visjon om din ideelle tur, og trenger en lokal partner som hjelper deg med \u00e5 realisere den? Kontakt oss for \u00e5 diskutere din egen skreddersydde tur!<\/li><\/ul>\n<\/section>\n<\/div><\/section>\n","protected":false},"excerpt":{"rendered":"","protected":false},"author":1,"featured_media":3590,"parent":0,"menu_order":0,"comment_status":"closed","ping_status":"closed","template":"","meta":{"_acf_changed":false,"_joinchat":[],"footnotes":""},"class_list":["post-1755","page","type-page","status-publish","has-post-thumbnail","hentry"],"acf":[],"yoast_head":"<!-- This site is optimized with the Yoast SEO plugin v25.3.1 - https:\/\/yoast.com\/wordpress\/plugins\/seo\/ -->\n<title>Finn ut mer om oss \u00bb Toto Travel Split, Kroatia<\/title>\n<meta name=\"description\" content=\"Vi gir v\u00e5re kunder den beste opplevelsen av \u00e5 oppdage skj\u00f8nnheten i Midt-Dalmatia med gruppe- og skreddersydde daglige turer.\" \/>\n<meta name=\"robots\" content=\"index, follow, max-snippet:-1, max-image-preview:large, max-video-preview:-1\" \/>\n<link rel=\"canonical\" href=\"https:\/\/toto.hr\/split\/no\/om-oss\/\" \/>\n<meta name=\"twitter:label1\" content=\"Ansl. lesetid\" \/>\n\t<meta name=\"twitter:data1\" content=\"1 minutt\" \/>\n<script type=\"application\/ld+json\" class=\"yoast-schema-graph\">{\"@context\":\"https:\/\/schema.org\",\"@graph\":[{\"@type\":\"WebPage\",\"@id\":\"https:\/\/toto.hr\/split\/no\/om-oss\/\",\"url\":\"https:\/\/toto.hr\/split\/no\/om-oss\/\",\"name\":\"Finn ut mer om oss \u00bb Toto Travel Split, Kroatia\",\"isPartOf\":{\"@id\":\"https:\/\/toto.hr\/split\/#website\"},\"primaryImageOfPage\":{\"@id\":\"https:\/\/toto.hr\/split\/no\/om-oss\/#primaryimage\"},\"image\":{\"@id\":\"https:\/\/toto.hr\/split\/no\/om-oss\/#primaryimage\"},\"thumbnailUrl\":\"https:\/\/toto.hr\/split\/wp-content\/uploads\/sites\/3\/2020\/07\/spencer-davis-AHdHOIjJa64-unsplash-scaled.jpg\",\"datePublished\":\"2021-05-22T16:14:52+00:00\",\"dateModified\":\"2024-04-12T10:08:21+00:00\",\"description\":\"Vi gir v\u00e5re kunder den beste opplevelsen av \u00e5 oppdage skj\u00f8nnheten i Midt-Dalmatia med gruppe- og skreddersydde daglige turer.\",\"breadcrumb\":{\"@id\":\"https:\/\/toto.hr\/split\/no\/om-oss\/#breadcrumb\"},\"inLanguage\":\"nb-NO\",\"potentialAction\":[{\"@type\":\"ReadAction\",\"target\":[\"https:\/\/toto.hr\/split\/no\/om-oss\/\"]}]},{\"@type\":\"ImageObject\",\"inLanguage\":\"nb-NO\",\"@id\":\"https:\/\/toto.hr\/split\/no\/om-oss\/#primaryimage\",\"url\":\"https:\/\/toto.hr\/split\/wp-content\/uploads\/sites\/3\/2020\/07\/spencer-davis-AHdHOIjJa64-unsplash-scaled.jpg\",\"contentUrl\":\"https:\/\/toto.hr\/split\/wp-content\/uploads\/sites\/3\/2020\/07\/spencer-davis-AHdHOIjJa64-unsplash-scaled.jpg\",\"width\":2560,\"height\":1600},{\"@type\":\"BreadcrumbList\",\"@id\":\"https:\/\/toto.hr\/split\/no\/om-oss\/#breadcrumb\",\"itemListElement\":[{\"@type\":\"ListItem\",\"position\":1,\"name\":\"Home\",\"item\":\"https:\/\/toto.hr\/split\/no\/\"},{\"@type\":\"ListItem\",\"position\":2,\"name\":\"Om oss\"}]},{\"@type\":\"WebSite\",\"@id\":\"https:\/\/toto.hr\/split\/#website\",\"url\":\"https:\/\/toto.hr\/split\/\",\"name\":\"Toto Travel - Split\",\"description\":\"Boat Trip Adventures from Split Croatia\",\"publisher\":{\"@id\":\"https:\/\/toto.hr\/split\/#organization\"},\"potentialAction\":[{\"@type\":\"SearchAction\",\"target\":{\"@type\":\"EntryPoint\",\"urlTemplate\":\"https:\/\/toto.hr\/split\/?s={search_term_string}\"},\"query-input\":{\"@type\":\"PropertyValueSpecification\",\"valueRequired\":true,\"valueName\":\"search_term_string\"}}],\"inLanguage\":\"nb-NO\"},{\"@type\":\"Organization\",\"@id\":\"https:\/\/toto.hr\/split\/#organization\",\"name\":\"Toto Travel - Boat Trips Adventures Split\",\"url\":\"https:\/\/toto.hr\/split\/\",\"logo\":{\"@type\":\"ImageObject\",\"inLanguage\":\"nb-NO\",\"@id\":\"https:\/\/toto.hr\/split\/#\/schema\/logo\/image\/\",\"url\":\"https:\/\/toto.hr\/split\/wp-content\/uploads\/sites\/3\/2020\/07\/toto_travel_logo.jpg\",\"contentUrl\":\"https:\/\/toto.hr\/split\/wp-content\/uploads\/sites\/3\/2020\/07\/toto_travel_logo.jpg\",\"width\":410,\"height\":195,\"caption\":\"Toto Travel - Boat Trips Adventures Split\"},\"image\":{\"@id\":\"https:\/\/toto.hr\/split\/#\/schema\/logo\/image\/\"},\"sameAs\":[\"https:\/\/web.facebook.com\/Toto-Travel-Boat-Trip-Adventures-104729731249453\",\"https:\/\/www.instagram.com\/toto_travel_split\/\"]}]}<\/script>\n<!-- \/ Yoast SEO plugin. -->","yoast_head_json":{"title":"Finn ut mer om oss \u00bb Toto Travel Split, Kroatia","description":"Vi gir v\u00e5re kunder den beste opplevelsen av \u00e5 oppdage skj\u00f8nnheten i Midt-Dalmatia med gruppe- og skreddersydde daglige turer.","robots":{"index":"index","follow":"follow","max-snippet":"max-snippet:-1","max-image-preview":"max-image-preview:large","max-video-preview":"max-video-preview:-1"},"canonical":"https:\/\/toto.hr\/split\/no\/om-oss\/","twitter_misc":{"Ansl. lesetid":"1 minutt"},"schema":{"@context":"https:\/\/schema.org","@graph":[{"@type":"WebPage","@id":"https:\/\/toto.hr\/split\/no\/om-oss\/","url":"https:\/\/toto.hr\/split\/no\/om-oss\/","name":"Finn ut mer om oss \u00bb Toto Travel Split, Kroatia","isPartOf":{"@id":"https:\/\/toto.hr\/split\/#website"},"primaryImageOfPage":{"@id":"https:\/\/toto.hr\/split\/no\/om-oss\/#primaryimage"},"image":{"@id":"https:\/\/toto.hr\/split\/no\/om-oss\/#primaryimage"},"thumbnailUrl":"https:\/\/toto.hr\/split\/wp-content\/uploads\/sites\/3\/2020\/07\/spencer-davis-AHdHOIjJa64-unsplash-scaled.jpg","datePublished":"2021-05-22T16:14:52+00:00","dateModified":"2024-04-12T10:08:21+00:00","description":"Vi gir v\u00e5re kunder den beste opplevelsen av \u00e5 oppdage skj\u00f8nnheten i Midt-Dalmatia med gruppe- og skreddersydde daglige turer.","breadcrumb":{"@id":"https:\/\/toto.hr\/split\/no\/om-oss\/#breadcrumb"},"inLanguage":"nb-NO","potentialAction":[{"@type":"ReadAction","target":["https:\/\/toto.hr\/split\/no\/om-oss\/"]}]},{"@type":"ImageObject","inLanguage":"nb-NO","@id":"https:\/\/toto.hr\/split\/no\/om-oss\/#primaryimage","url":"https:\/\/toto.hr\/split\/wp-content\/uploads\/sites\/3\/2020\/07\/spencer-davis-AHdHOIjJa64-unsplash-scaled.jpg","contentUrl":"https:\/\/toto.hr\/split\/wp-content\/uploads\/sites\/3\/2020\/07\/spencer-davis-AHdHOIjJa64-unsplash-scaled.jpg","width":2560,"height":1600},{"@type":"BreadcrumbList","@id":"https:\/\/toto.hr\/split\/no\/om-oss\/#breadcrumb","itemListElement":[{"@type":"ListItem","position":1,"name":"Home","item":"https:\/\/toto.hr\/split\/no\/"},{"@type":"ListItem","position":2,"name":"Om oss"}]},{"@type":"WebSite","@id":"https:\/\/toto.hr\/split\/#website","url":"https:\/\/toto.hr\/split\/","name":"Toto Travel - Split","description":"Boat Trip Adventures from Split Croatia","publisher":{"@id":"https:\/\/toto.hr\/split\/#organization"},"potentialAction":[{"@type":"SearchAction","target":{"@type":"EntryPoint","urlTemplate":"https:\/\/toto.hr\/split\/?s={search_term_string}"},"query-input":{"@type":"PropertyValueSpecification","valueRequired":true,"valueName":"search_term_string"}}],"inLanguage":"nb-NO"},{"@type":"Organization","@id":"https:\/\/toto.hr\/split\/#organization","name":"Toto Travel - Boat Trips Adventures Split","url":"https:\/\/toto.hr\/split\/","logo":{"@type":"ImageObject","inLanguage":"nb-NO","@id":"https:\/\/toto.hr\/split\/#\/schema\/logo\/image\/","url":"https:\/\/toto.hr\/split\/wp-content\/uploads\/sites\/3\/2020\/07\/toto_travel_logo.jpg","contentUrl":"https:\/\/toto.hr\/split\/wp-content\/uploads\/sites\/3\/2020\/07\/toto_travel_logo.jpg","width":410,"height":195,"caption":"Toto Travel - Boat Trips Adventures Split"},"image":{"@id":"https:\/\/toto.hr\/split\/#\/schema\/logo\/image\/"},"sameAs":["https:\/\/web.facebook.com\/Toto-Travel-Boat-Trip-Adventures-104729731249453","https:\/\/www.instagram.com\/toto_travel_split\/"]}]}},"_links":{"self":[{"href":"https:\/\/toto.hr\/split\/no\/wp-json\/wp\/v2\/pages\/1755","targetHints":{"allow":["GET"]}}],"collection":[{"href":"https:\/\/toto.hr\/split\/no\/wp-json\/wp\/v2\/pages"}],"about":[{"href":"https:\/\/toto.hr\/split\/no\/wp-json\/wp\/v2\/types\/page"}],"author":[{"embeddable":true,"href":"https:\/\/toto.hr\/split\/no\/wp-json\/wp\/v2\/users\/1"}],"replies":[{"embeddable":true,"href":"https:\/\/toto.hr\/split\/no\/wp-json\/wp\/v2\/comments?post=1755"}],"version-history":[{"count":4,"href":"https:\/\/toto.hr\/split\/no\/wp-json\/wp\/v2\/pages\/1755\/revisions"}],"predecessor-version":[{"id":6012,"href":"https:\/\/toto.hr\/split\/no\/wp-json\/wp\/v2\/pages\/1755\/revisions\/6012"}],"wp:featuredmedia":[{"embeddable":true,"href":"https:\/\/toto.hr\/split\/no\/wp-json\/wp\/v2\/media\/3590"}],"wp:attachment":[{"href":"https:\/\/toto.hr\/split\/no\/wp-json\/wp\/v2\/media?parent=1755"}],"curies":[{"name":"wp","href":"https:\/\/api.w.org\/{rel}","templated":true}]}}