{"id":1744,"date":"2021-05-22T18:14:10","date_gmt":"2021-05-22T16:14:10","guid":{"rendered":"https:\/\/toto.hr\/split\/ta-kontakt-med\/"},"modified":"2024-11-15T09:03:46","modified_gmt":"2024-11-15T08:03:46","slug":"ta-kontakt-med","status":"publish","type":"page","link":"https:\/\/toto.hr\/split\/no\/ta-kontakt-med\/","title":{"rendered":"Ta kontakt med"},"content":{"rendered":"\n<section class=\"c-hero c-hero--has-overlay\"><img loading=\"lazy\" decoding=\"async\" width=\"1280\" height=\"800\" src=\"https:\/\/toto.hr\/split\/wp-content\/uploads\/sites\/3\/2020\/06\/spencer-davis-AHdHOIjJa64-unsplash-1280x800.jpg\" class=\"c-hero__background-image\" alt=\"spencer davis \" srcset=\"https:\/\/toto.hr\/split\/wp-content\/uploads\/sites\/3\/2020\/06\/spencer-davis-AHdHOIjJa64-unsplash-1280x800.jpg 1280w, https:\/\/toto.hr\/split\/wp-content\/uploads\/sites\/3\/2020\/06\/spencer-davis-AHdHOIjJa64-unsplash-300x187.jpg 300w, https:\/\/toto.hr\/split\/wp-content\/uploads\/sites\/3\/2020\/06\/spencer-davis-AHdHOIjJa64-unsplash-1024x640.jpg 1024w, https:\/\/toto.hr\/split\/wp-content\/uploads\/sites\/3\/2020\/06\/spencer-davis-AHdHOIjJa64-unsplash-768x480.jpg 768w, https:\/\/toto.hr\/split\/wp-content\/uploads\/sites\/3\/2020\/06\/spencer-davis-AHdHOIjJa64-unsplash-1536x960.jpg 1536w, https:\/\/toto.hr\/split\/wp-content\/uploads\/sites\/3\/2020\/06\/spencer-davis-AHdHOIjJa64-unsplash-2048x1280.jpg 2048w, https:\/\/toto.hr\/split\/wp-content\/uploads\/sites\/3\/2020\/06\/spencer-davis-AHdHOIjJa64-unsplash-256x160.jpg 256w, https:\/\/toto.hr\/split\/wp-content\/uploads\/sites\/3\/2020\/06\/spencer-davis-AHdHOIjJa64-unsplash-336x210.jpg 336w, https:\/\/toto.hr\/split\/wp-content\/uploads\/sites\/3\/2020\/06\/spencer-davis-AHdHOIjJa64-unsplash-544x340.jpg 544w, https:\/\/toto.hr\/split\/wp-content\/uploads\/sites\/3\/2020\/06\/spencer-davis-AHdHOIjJa64-unsplash-800x500.jpg 800w, https:\/\/toto.hr\/split\/wp-content\/uploads\/sites\/3\/2020\/06\/spencer-davis-AHdHOIjJa64-unsplash-600x375.jpg 600w\" sizes=\"auto, (max-width: 1280px) 100vw, 1280px\"><div class=\"o-container\"><div class=\"o-row\"><div class=\"o-col-12\"><h1 class=\"c-hero__heading\">Hvordan kan vi hjelpe deg?\u00a0<br><\/h1><div class=\"c-hero__description\">\n<p>Ta kontakt! Vi vil gj\u00f8re ditt opphold i Split uforglemmelig. <\/p>\n<\/div><\/div><\/div><\/div><\/section>\n","protected":false},"excerpt":{"rendered":"","protected":false},"author":1,"featured_media":2919,"parent":0,"menu_order":0,"comment_status":"closed","ping_status":"closed","template":"templates\/contact.php","meta":{"_acf_changed":false,"_joinchat":[],"footnotes":""},"class_list":["post-1744","page","type-page","status-publish","has-post-thumbnail","hentry"],"acf":[],"yoast_head":"<!-- This site is optimized with the Yoast SEO plugin v25.3.1 - https:\/\/yoast.com\/wordpress\/plugins\/seo\/ -->\n<title>Toto-kontakt - Ta kontakt \u00bb Toto Travel Split<\/title>\n<meta name=\"description\" content=\"Vi vil gj\u00f8re ditt opphold i Split uforglemmelig. Fortell oss hva du er interessert i eller hva du trenger, s\u00e5 finner vi en l\u00f8sning for deg.\" \/>\n<meta name=\"robots\" content=\"index, follow, max-snippet:-1, max-image-preview:large, max-video-preview:-1\" \/>\n<link rel=\"canonical\" href=\"https:\/\/toto.hr\/split\/no\/ta-kontakt-med\/\" \/>\n<meta name=\"twitter:label1\" content=\"Ansl. lesetid\" \/>\n\t<meta name=\"twitter:data1\" content=\"1 minutt\" \/>\n<script type=\"application\/ld+json\" class=\"yoast-schema-graph\">{\"@context\":\"https:\/\/schema.org\",\"@graph\":[{\"@type\":\"WebPage\",\"@id\":\"https:\/\/toto.hr\/split\/no\/ta-kontakt-med\/\",\"url\":\"https:\/\/toto.hr\/split\/no\/ta-kontakt-med\/\",\"name\":\"Toto-kontakt - Ta kontakt \u00bb Toto Travel Split\",\"isPartOf\":{\"@id\":\"https:\/\/toto.hr\/split\/#website\"},\"primaryImageOfPage\":{\"@id\":\"https:\/\/toto.hr\/split\/no\/ta-kontakt-med\/#primaryimage\"},\"image\":{\"@id\":\"https:\/\/toto.hr\/split\/no\/ta-kontakt-med\/#primaryimage\"},\"thumbnailUrl\":\"https:\/\/toto.hr\/split\/wp-content\/uploads\/sites\/3\/2020\/06\/spencer-davis-AHdHOIjJa64-unsplash-scaled.jpg\",\"datePublished\":\"2021-05-22T16:14:10+00:00\",\"dateModified\":\"2024-11-15T08:03:46+00:00\",\"description\":\"Vi vil gj\u00f8re ditt opphold i Split uforglemmelig. Fortell oss hva du er interessert i eller hva du trenger, s\u00e5 finner vi en l\u00f8sning for deg.\",\"breadcrumb\":{\"@id\":\"https:\/\/toto.hr\/split\/no\/ta-kontakt-med\/#breadcrumb\"},\"inLanguage\":\"nb-NO\",\"potentialAction\":[{\"@type\":\"ReadAction\",\"target\":[\"https:\/\/toto.hr\/split\/no\/ta-kontakt-med\/\"]}]},{\"@type\":\"ImageObject\",\"inLanguage\":\"nb-NO\",\"@id\":\"https:\/\/toto.hr\/split\/no\/ta-kontakt-med\/#primaryimage\",\"url\":\"https:\/\/toto.hr\/split\/wp-content\/uploads\/sites\/3\/2020\/06\/spencer-davis-AHdHOIjJa64-unsplash-scaled.jpg\",\"contentUrl\":\"https:\/\/toto.hr\/split\/wp-content\/uploads\/sites\/3\/2020\/06\/spencer-davis-AHdHOIjJa64-unsplash-scaled.jpg\",\"width\":2560,\"height\":1600},{\"@type\":\"BreadcrumbList\",\"@id\":\"https:\/\/toto.hr\/split\/no\/ta-kontakt-med\/#breadcrumb\",\"itemListElement\":[{\"@type\":\"ListItem\",\"position\":1,\"name\":\"Hjem\",\"item\":\"https:\/\/toto.hr\/split\/no\/\"},{\"@type\":\"ListItem\",\"position\":2,\"name\":\"Ta kontakt med\"}]},{\"@type\":\"WebSite\",\"@id\":\"https:\/\/toto.hr\/split\/#website\",\"url\":\"https:\/\/toto.hr\/split\/\",\"name\":\"Toto Travel - Split\",\"description\":\"Boat Trip Adventures from Split Croatia\",\"publisher\":{\"@id\":\"https:\/\/toto.hr\/split\/#organization\"},\"potentialAction\":[{\"@type\":\"SearchAction\",\"target\":{\"@type\":\"EntryPoint\",\"urlTemplate\":\"https:\/\/toto.hr\/split\/?s={search_term_string}\"},\"query-input\":{\"@type\":\"PropertyValueSpecification\",\"valueRequired\":true,\"valueName\":\"search_term_string\"}}],\"inLanguage\":\"nb-NO\"},{\"@type\":\"Organization\",\"@id\":\"https:\/\/toto.hr\/split\/#organization\",\"name\":\"Toto Travel - Boat Trips Adventures Split\",\"url\":\"https:\/\/toto.hr\/split\/\",\"logo\":{\"@type\":\"ImageObject\",\"inLanguage\":\"nb-NO\",\"@id\":\"https:\/\/toto.hr\/split\/#\/schema\/logo\/image\/\",\"url\":\"https:\/\/toto.hr\/split\/wp-content\/uploads\/sites\/3\/2020\/07\/toto_travel_logo.jpg\",\"contentUrl\":\"https:\/\/toto.hr\/split\/wp-content\/uploads\/sites\/3\/2020\/07\/toto_travel_logo.jpg\",\"width\":410,\"height\":195,\"caption\":\"Toto Travel - Boat Trips Adventures Split\"},\"image\":{\"@id\":\"https:\/\/toto.hr\/split\/#\/schema\/logo\/image\/\"},\"sameAs\":[\"https:\/\/web.facebook.com\/Toto-Travel-Boat-Trip-Adventures-104729731249453\",\"https:\/\/www.instagram.com\/toto_travel_split\/\"]}]}<\/script>\n<!-- \/ Yoast SEO plugin. -->","yoast_head_json":{"title":"Toto-kontakt - Ta kontakt \u00bb Toto Travel Split","description":"Vi vil gj\u00f8re ditt opphold i Split uforglemmelig. Fortell oss hva du er interessert i eller hva du trenger, s\u00e5 finner vi en l\u00f8sning for deg.","robots":{"index":"index","follow":"follow","max-snippet":"max-snippet:-1","max-image-preview":"max-image-preview:large","max-video-preview":"max-video-preview:-1"},"canonical":"https:\/\/toto.hr\/split\/no\/ta-kontakt-med\/","twitter_misc":{"Ansl. lesetid":"1 minutt"},"schema":{"@context":"https:\/\/schema.org","@graph":[{"@type":"WebPage","@id":"https:\/\/toto.hr\/split\/no\/ta-kontakt-med\/","url":"https:\/\/toto.hr\/split\/no\/ta-kontakt-med\/","name":"Toto-kontakt - Ta kontakt \u00bb Toto Travel Split","isPartOf":{"@id":"https:\/\/toto.hr\/split\/#website"},"primaryImageOfPage":{"@id":"https:\/\/toto.hr\/split\/no\/ta-kontakt-med\/#primaryimage"},"image":{"@id":"https:\/\/toto.hr\/split\/no\/ta-kontakt-med\/#primaryimage"},"thumbnailUrl":"https:\/\/toto.hr\/split\/wp-content\/uploads\/sites\/3\/2020\/06\/spencer-davis-AHdHOIjJa64-unsplash-scaled.jpg","datePublished":"2021-05-22T16:14:10+00:00","dateModified":"2024-11-15T08:03:46+00:00","description":"Vi vil gj\u00f8re ditt opphold i Split uforglemmelig. Fortell oss hva du er interessert i eller hva du trenger, s\u00e5 finner vi en l\u00f8sning for deg.","breadcrumb":{"@id":"https:\/\/toto.hr\/split\/no\/ta-kontakt-med\/#breadcrumb"},"inLanguage":"nb-NO","potentialAction":[{"@type":"ReadAction","target":["https:\/\/toto.hr\/split\/no\/ta-kontakt-med\/"]}]},{"@type":"ImageObject","inLanguage":"nb-NO","@id":"https:\/\/toto.hr\/split\/no\/ta-kontakt-med\/#primaryimage","url":"https:\/\/toto.hr\/split\/wp-content\/uploads\/sites\/3\/2020\/06\/spencer-davis-AHdHOIjJa64-unsplash-scaled.jpg","contentUrl":"https:\/\/toto.hr\/split\/wp-content\/uploads\/sites\/3\/2020\/06\/spencer-davis-AHdHOIjJa64-unsplash-scaled.jpg","width":2560,"height":1600},{"@type":"BreadcrumbList","@id":"https:\/\/toto.hr\/split\/no\/ta-kontakt-med\/#breadcrumb","itemListElement":[{"@type":"ListItem","position":1,"name":"Hjem","item":"https:\/\/toto.hr\/split\/no\/"},{"@type":"ListItem","position":2,"name":"Ta kontakt med"}]},{"@type":"WebSite","@id":"https:\/\/toto.hr\/split\/#website","url":"https:\/\/toto.hr\/split\/","name":"Toto Travel - Split","description":"Boat Trip Adventures from Split Croatia","publisher":{"@id":"https:\/\/toto.hr\/split\/#organization"},"potentialAction":[{"@type":"SearchAction","target":{"@type":"EntryPoint","urlTemplate":"https:\/\/toto.hr\/split\/?s={search_term_string}"},"query-input":{"@type":"PropertyValueSpecification","valueRequired":true,"valueName":"search_term_string"}}],"inLanguage":"nb-NO"},{"@type":"Organization","@id":"https:\/\/toto.hr\/split\/#organization","name":"Toto Travel - Boat Trips Adventures Split","url":"https:\/\/toto.hr\/split\/","logo":{"@type":"ImageObject","inLanguage":"nb-NO","@id":"https:\/\/toto.hr\/split\/#\/schema\/logo\/image\/","url":"https:\/\/toto.hr\/split\/wp-content\/uploads\/sites\/3\/2020\/07\/toto_travel_logo.jpg","contentUrl":"https:\/\/toto.hr\/split\/wp-content\/uploads\/sites\/3\/2020\/07\/toto_travel_logo.jpg","width":410,"height":195,"caption":"Toto Travel - Boat Trips Adventures Split"},"image":{"@id":"https:\/\/toto.hr\/split\/#\/schema\/logo\/image\/"},"sameAs":["https:\/\/web.facebook.com\/Toto-Travel-Boat-Trip-Adventures-104729731249453","https:\/\/www.instagram.com\/toto_travel_split\/"]}]}},"_links":{"self":[{"href":"https:\/\/toto.hr\/split\/no\/wp-json\/wp\/v2\/pages\/1744","targetHints":{"allow":["GET"]}}],"collection":[{"href":"https:\/\/toto.hr\/split\/no\/wp-json\/wp\/v2\/pages"}],"about":[{"href":"https:\/\/toto.hr\/split\/no\/wp-json\/wp\/v2\/types\/page"}],"author":[{"embeddable":true,"href":"https:\/\/toto.hr\/split\/no\/wp-json\/wp\/v2\/users\/1"}],"replies":[{"embeddable":true,"href":"https:\/\/toto.hr\/split\/no\/wp-json\/wp\/v2\/comments?post=1744"}],"version-history":[{"count":6,"href":"https:\/\/toto.hr\/split\/no\/wp-json\/wp\/v2\/pages\/1744\/revisions"}],"predecessor-version":[{"id":7225,"href":"https:\/\/toto.hr\/split\/no\/wp-json\/wp\/v2\/pages\/1744\/revisions\/7225"}],"wp:featuredmedia":[{"embeddable":true,"href":"https:\/\/toto.hr\/split\/no\/wp-json\/wp\/v2\/media\/2919"}],"wp:attachment":[{"href":"https:\/\/toto.hr\/split\/no\/wp-json\/wp\/v2\/media?parent=1744"}],"curies":[{"name":"wp","href":"https:\/\/api.w.org\/{rel}","templated":true}]}}