{"id":8331,"date":"2025-09-19T14:11:17","date_gmt":"2025-09-19T12:11:17","guid":{"rendered":"https:\/\/toto.hr\/split\/pravila-o-privatnosti\/"},"modified":"2025-09-19T14:11:17","modified_gmt":"2025-09-19T12:11:17","slug":"pravila-o-privatnosti","status":"publish","type":"page","link":"https:\/\/toto.hr\/split\/hr\/pravila-o-privatnosti\/","title":{"rendered":"Pravila o privatnosti"},"content":{"rendered":"\n<section class=\"c-hero c-hero--has-overlay\"><img loading=\"lazy\" decoding=\"async\" width=\"1145\" height=\"550\" src=\"https:\/\/toto.hr\/split\/wp-content\/uploads\/sites\/3\/2025\/09\/about-us-content-1.jpg\" class=\"c-hero__background-image\" alt=\"about us content 1\" srcset=\"https:\/\/toto.hr\/split\/wp-content\/uploads\/sites\/3\/2025\/09\/about-us-content-1.jpg 1145w, https:\/\/toto.hr\/split\/wp-content\/uploads\/sites\/3\/2025\/09\/about-us-content-1-300x144.jpg 300w, https:\/\/toto.hr\/split\/wp-content\/uploads\/sites\/3\/2025\/09\/about-us-content-1-1024x492.jpg 1024w, https:\/\/toto.hr\/split\/wp-content\/uploads\/sites\/3\/2025\/09\/about-us-content-1-768x369.jpg 768w, https:\/\/toto.hr\/split\/wp-content\/uploads\/sites\/3\/2025\/09\/about-us-content-1-970x466.jpg 970w, https:\/\/toto.hr\/split\/wp-content\/uploads\/sites\/3\/2025\/09\/about-us-content-1-600x288.jpg 600w\" sizes=\"auto, (max-width: 1145px) 100vw, 1145px\"><div class=\"o-container\"><div class=\"o-row\"><div class=\"o-col-12\"><h1 class=\"c-hero__heading\">Pravila privatnosti Toto Travela<\/h1><div class=\"c-hero__description\">\n<p>Toto Travel prikuplja neke osobne podatke od svojih korisnika.<\/p>\n\n\n\n<p>Ovaj dokument se mo\u017ee ispisati za referencu pomo\u0107u naredbe print u postavkama bilo kojeg preglednika.<\/p>\n<\/div><\/div><\/div><\/div><\/section>\n\n<section class=\"o-container\"><div class=\"o-row u-mb-2 u-mb-4@sm\"><div class=\"o-col-10@lg u-mx-auto\"><div class=\"u-h6\">\n<h4 class=\"wp-block-heading\"><br\/><strong>Vlasnik i voditelj obrade podataka<\/strong><\/h4>\n\n\n\n<p>Toto putni\u010dka agencija<br\/> Drifter jdoo<br\/> Trumbi\u0107eva obala 2, 21 000 Split, Hrvatska<br\/> <strong>Kontakt e-mail vlasnika:<\/strong> info@toto.hr<\/p>\n<\/div><\/div><\/div><\/section>\n\n<section class=\"o-container\"><div class=\"o-row u-mb-2 u-mb-4@sm\"><div class=\"o-col-10@lg u-mx-auto\"><div class=\"u-h6\">\n<h4 class=\"wp-block-heading\"><strong>Vrste prikupljenih podataka<\/strong><\/h4>\n\n\n\n<p>Me\u0111u vrstama osobnih podataka koje ova aplikacija prikuplja, sama ili putem tre\u0107ih strana, nalaze se: kola\u010di\u0107i; podaci o kori\u0161tenju.<\/p>\n\n\n\n<p>Potpuni detalji o svakoj vrsti prikupljenih osobnih podataka navedeni su u posebnim odjeljcima ove politike privatnosti ili putem posebnih obja\u0161njenja prikazanih prije prikupljanja podataka.<\/p>\n\n\n\n<p>Osobne podatke korisnik mo\u017ee slobodno dati ili, u slu\u010daju podataka o kori\u0161tenju, automatski se prikupljaju prilikom kori\u0161tenja ove Aplikacije.<\/p>\n\n\n\n<p>Osim ako nije druga\u010dije navedeno, svi podaci koje zahtijeva ova Aplikacija su obvezni i ako se ti podaci ne dostave, Aplikacija mo\u017eda ne\u0107e mo\u0107i pru\u017eati svoje usluge. U slu\u010dajevima kada ova Aplikacija izri\u010dito navede da neki podaci nisu obvezni, Korisnici ih ne moraju dati bez posljedica za dostupnost ili funkcioniranje Usluge. <\/p>\n\n\n\n<p>Korisnici koji nisu sigurni koji su osobni podaci obvezni, mogu se obratiti Vlasniku.<\/p>\n\n\n\n<p>Bilo kakva upotreba kola\u010di\u0107a \u2013 ili drugih alata za pra\u0107enje \u2013 od strane ove Aplikacije ili vlasnika usluga tre\u0107ih strana koje koristi ova Aplikacija slu\u017ei za pru\u017eanje Usluge koju zahtijeva Korisnik, uz sve ostale svrhe opisane u ovom dokumentu i u Pravilima o kola\u010di\u0107ima, ako su dostupna.<\/p>\n\n\n\n<p>Korisnici su odgovorni za sve osobne podatke tre\u0107ih strana dobivene, objavljene ili dijeljene putem ove Aplikacije te potvr\u0111uju da imaju privolu tre\u0107e strane za pru\u017eanje Podataka Vlasniku.<\/p>\n<\/div><\/div><\/div><\/section>\n\n<section class=\"o-container\"><div class=\"o-row u-mb-2 u-mb-4@sm\"><div class=\"o-col-10@lg u-mx-auto\"><div class=\"u-h6\">\n<h4 class=\"wp-block-heading\"><strong>Na\u010din i mjesto obrade podataka<\/strong><\/h4>\n\n\n\n<p><strong>Metode obrade<\/strong><br\/> Vlasnik poduzima odgovaraju\u0107e sigurnosne mjere kako bi sprije\u010dio neovla\u0161teni pristup, otkrivanje, izmjenu ili neovla\u0161teno uni\u0161tavanje podataka.<\/p>\n\n\n\n<p>Obrada podataka provodi se pomo\u0107u ra\u010dunala i\/ili IT alata, slijede\u0107i organizacijske postupke i na\u010dine rada strogo povezane s navedenim svrhama. Uz Vlasnika, u nekim <\/p>\n<\/div><\/div><\/div><\/section>\n","protected":false},"excerpt":{"rendered":"","protected":false},"author":6,"featured_media":8324,"parent":0,"menu_order":0,"comment_status":"closed","ping_status":"closed","template":"","meta":{"_acf_changed":false,"_joinchat":[],"footnotes":""},"class_list":["post-8331","page","type-page","status-publish","has-post-thumbnail","hentry"],"acf":[],"yoast_head":"<!-- This site is optimized with the Yoast SEO plugin v25.3.1 - https:\/\/yoast.com\/wordpress\/plugins\/seo\/ -->\n<title>Pravila o privatnosti &#187; Toto Travel - Split<\/title>\n<meta name=\"description\" content=\"Pravila o privatnosti\" \/>\n<meta name=\"robots\" content=\"index, follow, max-snippet:-1, max-image-preview:large, max-video-preview:-1\" \/>\n<link rel=\"canonical\" href=\"https:\/\/toto.hr\/split\/hr\/pravila-o-privatnosti\/\" \/>\n<meta name=\"twitter:label1\" content=\"Procijenjeno vrijeme \u010ditanja\" \/>\n\t<meta name=\"twitter:data1\" content=\"2 minute\" \/>\n<script type=\"application\/ld+json\" class=\"yoast-schema-graph\">{\"@context\":\"https:\/\/schema.org\",\"@graph\":[{\"@type\":\"WebPage\",\"@id\":\"https:\/\/toto.hr\/split\/hr\/pravila-o-privatnosti\/\",\"url\":\"https:\/\/toto.hr\/split\/hr\/pravila-o-privatnosti\/\",\"name\":\"Pravila o privatnosti &#187; Toto Travel - Split\",\"isPartOf\":{\"@id\":\"https:\/\/toto.hr\/split\/#website\"},\"primaryImageOfPage\":{\"@id\":\"https:\/\/toto.hr\/split\/hr\/pravila-o-privatnosti\/#primaryimage\"},\"image\":{\"@id\":\"https:\/\/toto.hr\/split\/hr\/pravila-o-privatnosti\/#primaryimage\"},\"thumbnailUrl\":\"https:\/\/toto.hr\/split\/wp-content\/uploads\/sites\/3\/2025\/09\/about-us-content-1.jpg\",\"datePublished\":\"2025-09-19T12:11:17+00:00\",\"description\":\"Pravila o privatnosti\",\"breadcrumb\":{\"@id\":\"https:\/\/toto.hr\/split\/hr\/pravila-o-privatnosti\/#breadcrumb\"},\"inLanguage\":\"hr\",\"potentialAction\":[{\"@type\":\"ReadAction\",\"target\":[\"https:\/\/toto.hr\/split\/hr\/pravila-o-privatnosti\/\"]}]},{\"@type\":\"ImageObject\",\"inLanguage\":\"hr\",\"@id\":\"https:\/\/toto.hr\/split\/hr\/pravila-o-privatnosti\/#primaryimage\",\"url\":\"https:\/\/toto.hr\/split\/wp-content\/uploads\/sites\/3\/2025\/09\/about-us-content-1.jpg\",\"contentUrl\":\"https:\/\/toto.hr\/split\/wp-content\/uploads\/sites\/3\/2025\/09\/about-us-content-1.jpg\",\"width\":1145,\"height\":550},{\"@type\":\"BreadcrumbList\",\"@id\":\"https:\/\/toto.hr\/split\/hr\/pravila-o-privatnosti\/#breadcrumb\",\"itemListElement\":[{\"@type\":\"ListItem\",\"position\":1,\"name\":\"Home\",\"item\":\"https:\/\/toto.hr\/split\/hr\/\"},{\"@type\":\"ListItem\",\"position\":2,\"name\":\"Pravila o privatnosti\"}]},{\"@type\":\"WebSite\",\"@id\":\"https:\/\/toto.hr\/split\/#website\",\"url\":\"https:\/\/toto.hr\/split\/\",\"name\":\"Toto Travel - Split\",\"description\":\"Boat Trip Adventures from Split Croatia\",\"publisher\":{\"@id\":\"https:\/\/toto.hr\/split\/#organization\"},\"potentialAction\":[{\"@type\":\"SearchAction\",\"target\":{\"@type\":\"EntryPoint\",\"urlTemplate\":\"https:\/\/toto.hr\/split\/?s={search_term_string}\"},\"query-input\":{\"@type\":\"PropertyValueSpecification\",\"valueRequired\":true,\"valueName\":\"search_term_string\"}}],\"inLanguage\":\"hr\"},{\"@type\":\"Organization\",\"@id\":\"https:\/\/toto.hr\/split\/#organization\",\"name\":\"Toto Travel - Boat Trips Adventures Split\",\"url\":\"https:\/\/toto.hr\/split\/\",\"logo\":{\"@type\":\"ImageObject\",\"inLanguage\":\"hr\",\"@id\":\"https:\/\/toto.hr\/split\/#\/schema\/logo\/image\/\",\"url\":\"https:\/\/toto.hr\/split\/wp-content\/uploads\/sites\/3\/2020\/07\/toto_travel_logo.jpg\",\"contentUrl\":\"https:\/\/toto.hr\/split\/wp-content\/uploads\/sites\/3\/2020\/07\/toto_travel_logo.jpg\",\"width\":410,\"height\":195,\"caption\":\"Toto Travel - Boat Trips Adventures Split\"},\"image\":{\"@id\":\"https:\/\/toto.hr\/split\/#\/schema\/logo\/image\/\"},\"sameAs\":[\"https:\/\/web.facebook.com\/Toto-Travel-Boat-Trip-Adventures-104729731249453\",\"https:\/\/www.instagram.com\/toto_travel_split\/\"]}]}<\/script>\n<!-- \/ Yoast SEO plugin. -->","yoast_head_json":{"title":"Pravila o privatnosti &#187; Toto Travel - Split","description":"Pravila o privatnosti","robots":{"index":"index","follow":"follow","max-snippet":"max-snippet:-1","max-image-preview":"max-image-preview:large","max-video-preview":"max-video-preview:-1"},"canonical":"https:\/\/toto.hr\/split\/hr\/pravila-o-privatnosti\/","twitter_misc":{"Procijenjeno vrijeme \u010ditanja":"2 minute"},"schema":{"@context":"https:\/\/schema.org","@graph":[{"@type":"WebPage","@id":"https:\/\/toto.hr\/split\/hr\/pravila-o-privatnosti\/","url":"https:\/\/toto.hr\/split\/hr\/pravila-o-privatnosti\/","name":"Pravila o privatnosti &#187; Toto Travel - Split","isPartOf":{"@id":"https:\/\/toto.hr\/split\/#website"},"primaryImageOfPage":{"@id":"https:\/\/toto.hr\/split\/hr\/pravila-o-privatnosti\/#primaryimage"},"image":{"@id":"https:\/\/toto.hr\/split\/hr\/pravila-o-privatnosti\/#primaryimage"},"thumbnailUrl":"https:\/\/toto.hr\/split\/wp-content\/uploads\/sites\/3\/2025\/09\/about-us-content-1.jpg","datePublished":"2025-09-19T12:11:17+00:00","description":"Pravila o privatnosti","breadcrumb":{"@id":"https:\/\/toto.hr\/split\/hr\/pravila-o-privatnosti\/#breadcrumb"},"inLanguage":"hr","potentialAction":[{"@type":"ReadAction","target":["https:\/\/toto.hr\/split\/hr\/pravila-o-privatnosti\/"]}]},{"@type":"ImageObject","inLanguage":"hr","@id":"https:\/\/toto.hr\/split\/hr\/pravila-o-privatnosti\/#primaryimage","url":"https:\/\/toto.hr\/split\/wp-content\/uploads\/sites\/3\/2025\/09\/about-us-content-1.jpg","contentUrl":"https:\/\/toto.hr\/split\/wp-content\/uploads\/sites\/3\/2025\/09\/about-us-content-1.jpg","width":1145,"height":550},{"@type":"BreadcrumbList","@id":"https:\/\/toto.hr\/split\/hr\/pravila-o-privatnosti\/#breadcrumb","itemListElement":[{"@type":"ListItem","position":1,"name":"Home","item":"https:\/\/toto.hr\/split\/hr\/"},{"@type":"ListItem","position":2,"name":"Pravila o privatnosti"}]},{"@type":"WebSite","@id":"https:\/\/toto.hr\/split\/#website","url":"https:\/\/toto.hr\/split\/","name":"Toto Travel - Split","description":"Boat Trip Adventures from Split Croatia","publisher":{"@id":"https:\/\/toto.hr\/split\/#organization"},"potentialAction":[{"@type":"SearchAction","target":{"@type":"EntryPoint","urlTemplate":"https:\/\/toto.hr\/split\/?s={search_term_string}"},"query-input":{"@type":"PropertyValueSpecification","valueRequired":true,"valueName":"search_term_string"}}],"inLanguage":"hr"},{"@type":"Organization","@id":"https:\/\/toto.hr\/split\/#organization","name":"Toto Travel - Boat Trips Adventures Split","url":"https:\/\/toto.hr\/split\/","logo":{"@type":"ImageObject","inLanguage":"hr","@id":"https:\/\/toto.hr\/split\/#\/schema\/logo\/image\/","url":"https:\/\/toto.hr\/split\/wp-content\/uploads\/sites\/3\/2020\/07\/toto_travel_logo.jpg","contentUrl":"https:\/\/toto.hr\/split\/wp-content\/uploads\/sites\/3\/2020\/07\/toto_travel_logo.jpg","width":410,"height":195,"caption":"Toto Travel - Boat Trips Adventures Split"},"image":{"@id":"https:\/\/toto.hr\/split\/#\/schema\/logo\/image\/"},"sameAs":["https:\/\/web.facebook.com\/Toto-Travel-Boat-Trip-Adventures-104729731249453","https:\/\/www.instagram.com\/toto_travel_split\/"]}]}},"_links":{"self":[{"href":"https:\/\/toto.hr\/split\/hr\/wp-json\/wp\/v2\/pages\/8331","targetHints":{"allow":["GET"]}}],"collection":[{"href":"https:\/\/toto.hr\/split\/hr\/wp-json\/wp\/v2\/pages"}],"about":[{"href":"https:\/\/toto.hr\/split\/hr\/wp-json\/wp\/v2\/types\/page"}],"author":[{"embeddable":true,"href":"https:\/\/toto.hr\/split\/hr\/wp-json\/wp\/v2\/users\/6"}],"replies":[{"embeddable":true,"href":"https:\/\/toto.hr\/split\/hr\/wp-json\/wp\/v2\/comments?post=8331"}],"version-history":[{"count":1,"href":"https:\/\/toto.hr\/split\/hr\/wp-json\/wp\/v2\/pages\/8331\/revisions"}],"predecessor-version":[{"id":8332,"href":"https:\/\/toto.hr\/split\/hr\/wp-json\/wp\/v2\/pages\/8331\/revisions\/8332"}],"wp:featuredmedia":[{"embeddable":true,"href":"https:\/\/toto.hr\/split\/hr\/wp-json\/wp\/v2\/media\/8324"}],"wp:attachment":[{"href":"https:\/\/toto.hr\/split\/hr\/wp-json\/wp\/v2\/media?parent=8331"}],"curies":[{"name":"wp","href":"https:\/\/api.w.org\/{rel}","templated":true}]}}