{"id":8246,"date":"2025-09-04T23:13:41","date_gmt":"2025-09-04T21:13:41","guid":{"rendered":"https:\/\/toto.hr\/split\/pravila-povrata-i-vracanja-novca\/"},"modified":"2025-09-04T23:13:41","modified_gmt":"2025-09-04T21:13:41","slug":"pravila-povrata-i-vracanja-novca","status":"publish","type":"page","link":"https:\/\/toto.hr\/split\/hr\/pravila-povrata-i-vracanja-novca\/","title":{"rendered":"Pravila povrata i vra\u0107anja novca"},"content":{"rendered":"\n<p><b>Ovo je primjer stranice.<\/b><\/p>\n\n<h3>Overview<\/h3>\n\n<p>Na\u0161a politika povrata novca i vra\u0107anja traje 30 dana. Ako je pro\u0161lo 30 dana od va\u0161e kupnje, ne mo\u017eemo vam ponuditi puni povrat novca ili zamjenu. <\/p>\n\n<p>Da biste ispunili uvjete za povrat, va\u0161 artikl mora biti nekori\u0161ten i u istom stanju u kojem ste ga primili. Tako\u0111er mora biti u originalnoj ambala\u017ei. <\/p>\n\n<p>Nekoliko vrsta robe je izuzeto od povrata. Pokvarljiva roba poput hrane, cvije\u0107a, novina ili \u010dasopisa ne mo\u017ee se vratiti. Tako\u0111er ne prihva\u0107amo proizvode koji su intimna ili sanitarna roba, opasni materijali ili zapaljive teku\u0107ine ili plinovi.  <\/p>\n\n<p>Dodatni artikli koji se ne mogu vratiti:<\/p>\n\n<ul class=\"wp-block-list\">\n<li>Poklon kartice<\/li>\n<li>Softverski proizvodi za preuzimanje<\/li>\n<li>Neki proizvodi za zdravlje i osobnu njegu<\/li>\n<\/ul>\n\n<p>Za dovr\u0161etak va\u0161eg povrata potreban nam je ra\u010dun ili dokaz o kupnji.<\/p>\n\n<p>Molimo vas da ne \u0161aljete svoju kupnju natrag proizvo\u0111a\u010du.<\/p>\n\n<p>Postoje odre\u0111ene situacije u kojima se odobrava samo djelomi\u010dni povrat novca:<\/p>\n\n<ul class=\"wp-block-list\">\n<li>Knjiga s vidljivim znakovima kori\u0161tenja<\/li>\n<li>CD, DVD, VHS kaseta, softver, videoigra, kaseta ili vinilna plo\u010da koja je otvorena.<\/li>\n<li>Bilo koji predmet koji nije u izvornom stanju, o\u0161te\u0107en je ili mu nedostaju dijelovi iz razloga koji nisu uzrokovani na\u0161om pogre\u0161kom.<\/li>\n<li>Bilo koja roba koja je vra\u0107ena vi\u0161e od 30 dana nakon isporuke<\/li>\n<\/ul>\n\n<h2>Refunds<\/h2>\n\n<p>Nakon \u0161to primimo i pregledamo va\u0161 povrat, poslat \u0107emo vam e-poruku s obavijesti da smo primili va\u0161 vra\u0107eni artikl. Tako\u0111er \u0107emo vas obavijestiti o odobrenju ili odbijanju va\u0161eg povrata novca. <\/p>\n\n<p>Ako vam se odobri povrat novca, va\u0161 \u0107e se povrat novca obraditi i kredit \u0107e se automatski primijeniti na va\u0161u kreditnu karticu ili izvorni na\u010din pla\u0107anja u roku od odre\u0111enog broja dana.<\/p>\n\n<b>Late or missing refunds<\/b>\n\n<p>Ako jo\u0161 niste primili povrat novca, prvo ponovno provjerite svoj bankovni ra\u010dun.<\/p>\n\n<p>Zatim se obratite tvrtki koja vam je izdala kreditnu karticu; mo\u017ee pro\u0107i neko vrijeme prije nego \u0161to se va\u0161 povrat novca slu\u017ebeno objavi.<\/p>\n\n<p>Zatim se obratite svojoj banci. \u010cesto je potrebno neko vrijeme za obradu prije nego \u0161to se povrat novca knji\u017ei. <\/p>\n\n<p>Ako ste sve ovo u\u010dinili i jo\u0161 uvijek niste primili povrat novca, kontaktirajte nas na {email address}.<\/p>\n\n<b>Sale items<\/b>\n\n<p>Povrat novca mogu\u0107 je samo za artikle po redovnoj cijeni. Povrat novca za artikle na sni\u017eenju nije mogu\u0107. <\/p>\n\n<h2>Exchanges<\/h2>\n\n<p>Zamjenjujemo artikle samo ako su neispravni ili o\u0161te\u0107eni. Ako ga trebate zamijeniti za isti artikl, po\u0161aljite nam e-poruku na {email address} i po\u0161aljite svoj artikl na: {physical address}. <\/p>\n\n<h2>Gifts<\/h2>\n\n<p>Ako je artikl ozna\u010den kao poklon prilikom kupnje i poslan vam izravno, primit \u0107ete poklon-bon u vrijednosti povrata. Nakon \u0161to primimo vra\u0107eni artikl, po\u0161tom \u0107emo vam poslati poklon-bon. <\/p>\n\n<p>Ako artikl nije bio ozna\u010den kao poklon prilikom kupnje ili je darovatelj naru\u010dio da mu se narud\u017eba po\u0161alje kako bi je vama kasnije dao, poslat \u0107emo povrat novca darovatelju, a on \u0107e saznati o va\u0161em povratu.<\/p>\n\n<h2>Shipping returns<\/h2>\n\n<p>Za povrat proizvoda, po\u0161aljite ga po\u0161tom na: {physical address}.<\/p>\n\n<p>Tro\u0161kove dostave za povrat artikla snosit \u0107ete sami. Tro\u0161kovi dostave se ne vra\u0107aju. Ako primite povrat novca, tro\u0161ak povratne dostave bit \u0107e odbijen od iznosa povrata.  <\/p>\n\n<p>Ovisno o tome gdje \u017eivite, vrijeme potrebno da vam zamijenjeni proizvod stigne mo\u017ee varirati.<\/p>\n\n<p>Ako vra\u0107ate skuplje artikle, mo\u017eete razmisliti o kori\u0161tenju usluge dostave s mogu\u0107no\u0161\u0107u pra\u0107enja ili kupnji osiguranja dostave. Ne jam\u010dimo da \u0107emo primiti va\u0161 vra\u0107eni artikl. <\/p>\n\n<h2>Need help?<\/h2>\n\n<p>Kontaktirajte nas na{email} za pitanja vezana uz povrat novca i povrat robe.<\/p>\n","protected":false},"excerpt":{"rendered":"<p>Ovo je primjer stranice. Overview Na\u0161a politika povrata novca i vra\u0107anja traje 30 dana. Ako&#8230;<\/p>\n","protected":false},"author":1,"featured_media":0,"parent":0,"menu_order":0,"comment_status":"closed","ping_status":"closed","template":"","meta":{"_acf_changed":false,"_joinchat":[],"footnotes":""},"class_list":["post-8246","page","type-page","status-publish","hentry"],"acf":[],"yoast_head":"<!-- This site is optimized with the Yoast SEO plugin v25.3.1 - https:\/\/yoast.com\/wordpress\/plugins\/seo\/ -->\n<title>Pravila povrata i vra\u0107anja novca &#187; Toto Travel - Split<\/title>\n<meta name=\"description\" content=\"Pravila povrata i vra\u0107anja novca\" \/>\n<meta name=\"robots\" content=\"index, follow, max-snippet:-1, max-image-preview:large, max-video-preview:-1\" \/>\n<link rel=\"canonical\" href=\"https:\/\/toto.hr\/split\/hr\/pravila-povrata-i-vracanja-novca\/\" \/>\n<meta name=\"twitter:label1\" content=\"Procijenjeno vrijeme \u010ditanja\" \/>\n\t<meta name=\"twitter:data1\" content=\"3 minuta\" \/>\n<script type=\"application\/ld+json\" class=\"yoast-schema-graph\">{\"@context\":\"https:\/\/schema.org\",\"@graph\":[{\"@type\":\"WebPage\",\"@id\":\"https:\/\/toto.hr\/split\/hr\/pravila-povrata-i-vracanja-novca\/\",\"url\":\"https:\/\/toto.hr\/split\/hr\/pravila-povrata-i-vracanja-novca\/\",\"name\":\"Pravila povrata i vra\u0107anja novca &#187; Toto Travel - Split\",\"isPartOf\":{\"@id\":\"https:\/\/toto.hr\/split\/#website\"},\"datePublished\":\"2025-09-04T21:13:41+00:00\",\"description\":\"Pravila povrata i vra\u0107anja novca\",\"breadcrumb\":{\"@id\":\"https:\/\/toto.hr\/split\/hr\/pravila-povrata-i-vracanja-novca\/#breadcrumb\"},\"inLanguage\":\"hr\",\"potentialAction\":[{\"@type\":\"ReadAction\",\"target\":[\"https:\/\/toto.hr\/split\/hr\/pravila-povrata-i-vracanja-novca\/\"]}]},{\"@type\":\"BreadcrumbList\",\"@id\":\"https:\/\/toto.hr\/split\/hr\/pravila-povrata-i-vracanja-novca\/#breadcrumb\",\"itemListElement\":[{\"@type\":\"ListItem\",\"position\":1,\"name\":\"Dom\",\"item\":\"https:\/\/toto.hr\/split\/hr\/\"},{\"@type\":\"ListItem\",\"position\":2,\"name\":\"Pravila povrata i vra\u0107anja novca\"}]},{\"@type\":\"WebSite\",\"@id\":\"https:\/\/toto.hr\/split\/#website\",\"url\":\"https:\/\/toto.hr\/split\/\",\"name\":\"Toto Travel - Split\",\"description\":\"Boat Trip Adventures from Split Croatia\",\"publisher\":{\"@id\":\"https:\/\/toto.hr\/split\/#organization\"},\"potentialAction\":[{\"@type\":\"SearchAction\",\"target\":{\"@type\":\"EntryPoint\",\"urlTemplate\":\"https:\/\/toto.hr\/split\/?s={search_term_string}\"},\"query-input\":{\"@type\":\"PropertyValueSpecification\",\"valueRequired\":true,\"valueName\":\"search_term_string\"}}],\"inLanguage\":\"hr\"},{\"@type\":\"Organization\",\"@id\":\"https:\/\/toto.hr\/split\/#organization\",\"name\":\"Toto Travel - Boat Trips Adventures Split\",\"url\":\"https:\/\/toto.hr\/split\/\",\"logo\":{\"@type\":\"ImageObject\",\"inLanguage\":\"hr\",\"@id\":\"https:\/\/toto.hr\/split\/#\/schema\/logo\/image\/\",\"url\":\"https:\/\/toto.hr\/split\/wp-content\/uploads\/sites\/3\/2020\/07\/toto_travel_logo.jpg\",\"contentUrl\":\"https:\/\/toto.hr\/split\/wp-content\/uploads\/sites\/3\/2020\/07\/toto_travel_logo.jpg\",\"width\":410,\"height\":195,\"caption\":\"Toto Travel - Boat Trips Adventures Split\"},\"image\":{\"@id\":\"https:\/\/toto.hr\/split\/#\/schema\/logo\/image\/\"},\"sameAs\":[\"https:\/\/web.facebook.com\/Toto-Travel-Boat-Trip-Adventures-104729731249453\",\"https:\/\/www.instagram.com\/toto_travel_split\/\"]}]}<\/script>\n<!-- \/ Yoast SEO plugin. -->","yoast_head_json":{"title":"Pravila povrata i vra\u0107anja novca &#187; Toto Travel - Split","description":"Pravila povrata i vra\u0107anja novca","robots":{"index":"index","follow":"follow","max-snippet":"max-snippet:-1","max-image-preview":"max-image-preview:large","max-video-preview":"max-video-preview:-1"},"canonical":"https:\/\/toto.hr\/split\/hr\/pravila-povrata-i-vracanja-novca\/","twitter_misc":{"Procijenjeno vrijeme \u010ditanja":"3 minuta"},"schema":{"@context":"https:\/\/schema.org","@graph":[{"@type":"WebPage","@id":"https:\/\/toto.hr\/split\/hr\/pravila-povrata-i-vracanja-novca\/","url":"https:\/\/toto.hr\/split\/hr\/pravila-povrata-i-vracanja-novca\/","name":"Pravila povrata i vra\u0107anja novca &#187; Toto Travel - Split","isPartOf":{"@id":"https:\/\/toto.hr\/split\/#website"},"datePublished":"2025-09-04T21:13:41+00:00","description":"Pravila povrata i vra\u0107anja novca","breadcrumb":{"@id":"https:\/\/toto.hr\/split\/hr\/pravila-povrata-i-vracanja-novca\/#breadcrumb"},"inLanguage":"hr","potentialAction":[{"@type":"ReadAction","target":["https:\/\/toto.hr\/split\/hr\/pravila-povrata-i-vracanja-novca\/"]}]},{"@type":"BreadcrumbList","@id":"https:\/\/toto.hr\/split\/hr\/pravila-povrata-i-vracanja-novca\/#breadcrumb","itemListElement":[{"@type":"ListItem","position":1,"name":"Dom","item":"https:\/\/toto.hr\/split\/hr\/"},{"@type":"ListItem","position":2,"name":"Pravila povrata i vra\u0107anja novca"}]},{"@type":"WebSite","@id":"https:\/\/toto.hr\/split\/#website","url":"https:\/\/toto.hr\/split\/","name":"Toto Travel - Split","description":"Boat Trip Adventures from Split Croatia","publisher":{"@id":"https:\/\/toto.hr\/split\/#organization"},"potentialAction":[{"@type":"SearchAction","target":{"@type":"EntryPoint","urlTemplate":"https:\/\/toto.hr\/split\/?s={search_term_string}"},"query-input":{"@type":"PropertyValueSpecification","valueRequired":true,"valueName":"search_term_string"}}],"inLanguage":"hr"},{"@type":"Organization","@id":"https:\/\/toto.hr\/split\/#organization","name":"Toto Travel - Boat Trips Adventures Split","url":"https:\/\/toto.hr\/split\/","logo":{"@type":"ImageObject","inLanguage":"hr","@id":"https:\/\/toto.hr\/split\/#\/schema\/logo\/image\/","url":"https:\/\/toto.hr\/split\/wp-content\/uploads\/sites\/3\/2020\/07\/toto_travel_logo.jpg","contentUrl":"https:\/\/toto.hr\/split\/wp-content\/uploads\/sites\/3\/2020\/07\/toto_travel_logo.jpg","width":410,"height":195,"caption":"Toto Travel - Boat Trips Adventures Split"},"image":{"@id":"https:\/\/toto.hr\/split\/#\/schema\/logo\/image\/"},"sameAs":["https:\/\/web.facebook.com\/Toto-Travel-Boat-Trip-Adventures-104729731249453","https:\/\/www.instagram.com\/toto_travel_split\/"]}]}},"_links":{"self":[{"href":"https:\/\/toto.hr\/split\/hr\/wp-json\/wp\/v2\/pages\/8246","targetHints":{"allow":["GET"]}}],"collection":[{"href":"https:\/\/toto.hr\/split\/hr\/wp-json\/wp\/v2\/pages"}],"about":[{"href":"https:\/\/toto.hr\/split\/hr\/wp-json\/wp\/v2\/types\/page"}],"author":[{"embeddable":true,"href":"https:\/\/toto.hr\/split\/hr\/wp-json\/wp\/v2\/users\/1"}],"replies":[{"embeddable":true,"href":"https:\/\/toto.hr\/split\/hr\/wp-json\/wp\/v2\/comments?post=8246"}],"version-history":[{"count":1,"href":"https:\/\/toto.hr\/split\/hr\/wp-json\/wp\/v2\/pages\/8246\/revisions"}],"predecessor-version":[{"id":8247,"href":"https:\/\/toto.hr\/split\/hr\/wp-json\/wp\/v2\/pages\/8246\/revisions\/8247"}],"wp:attachment":[{"href":"https:\/\/toto.hr\/split\/hr\/wp-json\/wp\/v2\/media?parent=8246"}],"curies":[{"name":"wp","href":"https:\/\/api.w.org\/{rel}","templated":true}]}}