{"id":5607,"date":"2023-05-16T11:03:18","date_gmt":"2023-05-16T09:03:18","guid":{"rendered":"https:\/\/toto.hr\/split\/pravni-podaci\/"},"modified":"2025-09-04T22:55:00","modified_gmt":"2025-09-04T20:55:00","slug":"pravni-podaci","status":"publish","type":"page","link":"https:\/\/toto.hr\/split\/hr\/pravni-podaci\/","title":{"rendered":"Pravni podaci"},"content":{"rendered":"\n<section class=\"c-hero c-hero--has-overlay\"><img loading=\"lazy\" decoding=\"async\" width=\"1280\" height=\"800\" src=\"https:\/\/toto.hr\/split\/wp-content\/uploads\/sites\/3\/2020\/06\/spencer-davis-AHdHOIjJa64-unsplash-1280x800.jpg\" class=\"c-hero__background-image\" alt=\"spencer davis \" srcset=\"https:\/\/toto.hr\/split\/wp-content\/uploads\/sites\/3\/2020\/06\/spencer-davis-AHdHOIjJa64-unsplash-1280x800.jpg 1280w, https:\/\/toto.hr\/split\/wp-content\/uploads\/sites\/3\/2020\/06\/spencer-davis-AHdHOIjJa64-unsplash-300x187.jpg 300w, https:\/\/toto.hr\/split\/wp-content\/uploads\/sites\/3\/2020\/06\/spencer-davis-AHdHOIjJa64-unsplash-1024x640.jpg 1024w, https:\/\/toto.hr\/split\/wp-content\/uploads\/sites\/3\/2020\/06\/spencer-davis-AHdHOIjJa64-unsplash-768x480.jpg 768w, https:\/\/toto.hr\/split\/wp-content\/uploads\/sites\/3\/2020\/06\/spencer-davis-AHdHOIjJa64-unsplash-1536x960.jpg 1536w, https:\/\/toto.hr\/split\/wp-content\/uploads\/sites\/3\/2020\/06\/spencer-davis-AHdHOIjJa64-unsplash-2048x1280.jpg 2048w, https:\/\/toto.hr\/split\/wp-content\/uploads\/sites\/3\/2020\/06\/spencer-davis-AHdHOIjJa64-unsplash-256x160.jpg 256w, https:\/\/toto.hr\/split\/wp-content\/uploads\/sites\/3\/2020\/06\/spencer-davis-AHdHOIjJa64-unsplash-336x210.jpg 336w, https:\/\/toto.hr\/split\/wp-content\/uploads\/sites\/3\/2020\/06\/spencer-davis-AHdHOIjJa64-unsplash-544x340.jpg 544w, https:\/\/toto.hr\/split\/wp-content\/uploads\/sites\/3\/2020\/06\/spencer-davis-AHdHOIjJa64-unsplash-800x500.jpg 800w, https:\/\/toto.hr\/split\/wp-content\/uploads\/sites\/3\/2020\/06\/spencer-davis-AHdHOIjJa64-unsplash-600x375.jpg 600w\" sizes=\"auto, (max-width: 1280px) 100vw, 1280px\"><div class=\"o-container\"><div class=\"o-row\"><div class=\"o-col-12\"><h1 class=\"c-hero__heading\">Pravni podaci<\/h1><div class=\"c-hero__description\"><\/div><\/div><\/div><\/div><\/section>\n\n<section class=\"o-container\"><div class=\"o-row u-mb-2 u-mb-4@sm\"><div class=\"o-col-10@lg u-mx-auto\"><div class=\"u-h6\">\n<h1 class=\"wp-block-heading\"><\/h1>\n\n\n\n<h2 class=\"wp-block-heading\">Glavna informacija<\/h2>\n\n\n\n<p><strong>NAZIV TVRTKE<\/strong> Drifter jdoo.<\/p>\n\n\n\n<p><strong>OSNOVNI KAPITAL<\/strong> 10,00 kn upla\u0107en u cijelosti<\/p>\n\n\n\n<p><strong>ADRESA<\/strong> Trumbi\u0107eva obala 2, 21 000<br\/> Split, Hrvatska.<\/p>\n\n\n\n<p><strong>SUD<\/strong> Registriran na Trgova\u010dkom sudu u Splitu Tt-17\/3252-2<\/p>\n\n\n\n<p><strong>OIB<\/strong> 43446457122<\/p>\n\n\n\n<p><strong>MBS<\/strong> 060363225<\/p>\n\n\n\n<p><strong>PDV ID<\/strong> HR43446457122<\/p>\n\n\n\n<p><strong>VODITELJICA AGENCIJE \/ POSLOVNA VODITELJICA<\/strong> Petra \u0160karo, voditeljica poslovnice<\/p>\n\n\n\n<p><strong>NADZORNO TIJELO<\/strong> Dr\u017eavni inspektorat, Turisti\u010dka inspekcija, \u0160ubi\u0107eva 29, 10 000 Zagreb<\/p>\n\n\n\n<h2 class=\"wp-block-heading\">ERSTE&amp;STEIERM\u00c4RKISCHE BANK dd &#8211; Poslovni ra\u010dun<\/h2>\n\n\n\n<p><strong>NAZIV BANKE<\/strong> ERSTE&amp;STEIERM\u00c4RKISCHE BANK dd<\/p>\n\n\n\n<p><strong>ADRESA BANKE<\/strong> JADRANSKI TRG 3a, 51000 RIJEKA, REPUBLIKA HRVATSKA<\/p>\n\n\n\n<p><strong>IBAN<\/strong> HR0224020061101018668<\/p>\n\n\n\n<p><strong>RA\u010cUN<\/strong> HR0224020061101018668<\/p>\n\n\n\n<p><strong>SWIFT<\/strong> ESBCHR22<\/p>\n\n\n\n<p><\/p>\n\n\n\n<h2 class=\"wp-block-heading\"><strong>OBAVIJEST O NA\u010cINU PODNO\u0160ENJA PISMENE PRITU\u017dBE<\/strong><\/h2>\n\n\n\n<p>Sukladno odredbama \u010dlanka 6. to\u010dke 3. Zakona o pru\u017eanju usluga u turizmu (Narodne novine br. 130\/17, 25\/19, 98\/19, 42\/20 i 70\/21), korisniku usluge dopu\u0161teno je predati pisani ugovor u poslovnim prostorijama, te po\u0161tom na adresu: Trumbi\u0107eva obala 2, 21 000 Split ili putem e-po\u0161te: info@toto.hr <\/p>\n\n\n\n<p>Na pisanu pritu\u017ebu odgovorit \u0107emo pismeno u roku od 15 dana od primitka pritu\u017ebe.<\/p>\n\n\n\n<p><\/p>\n\n\n\n<h2 class=\"wp-block-heading\"><strong>URED U SPLITU  <\/strong><\/h2>\n\n\n\n<p><strong>ADRESA<\/strong> Trumbi\u0107eva obala 2, Split<\/p>\n\n\n\n<p><strong>MOBITEL<\/strong> +385 99 757 4222<\/p>\n\n\n\n<p><strong>E-PO\u0160TA<\/strong> info@toto.hr<\/p>\n\n\n\n<p><strong>RADNO VRIJEME<\/strong> 07:30h &#8211; 20:00h<br\/> Ponedjeljak &#8211; Nedjelja  <\/p>\n<\/div><\/div><\/div><\/section>\n","protected":false},"excerpt":{"rendered":"","protected":false},"author":6,"featured_media":2916,"parent":0,"menu_order":0,"comment_status":"closed","ping_status":"closed","template":"","meta":{"_acf_changed":false,"_joinchat":[],"footnotes":""},"class_list":["post-5607","page","type-page","status-publish","has-post-thumbnail","hentry"],"acf":[],"yoast_head":"<!-- This site is optimized with the Yoast SEO plugin v25.3.1 - https:\/\/yoast.com\/wordpress\/plugins\/seo\/ -->\n<title>Pravni podaci &#187; Toto Travel - Split<\/title>\n<meta name=\"description\" content=\"Pravni podaci\" \/>\n<meta name=\"robots\" content=\"index, follow, max-snippet:-1, max-image-preview:large, max-video-preview:-1\" \/>\n<link rel=\"canonical\" href=\"https:\/\/toto.hr\/split\/hr\/pravni-podaci\/\" \/>\n<meta name=\"twitter:label1\" content=\"Procijenjeno vrijeme \u010ditanja\" \/>\n\t<meta name=\"twitter:data1\" content=\"2 minute\" \/>\n<script type=\"application\/ld+json\" class=\"yoast-schema-graph\">{\"@context\":\"https:\/\/schema.org\",\"@graph\":[{\"@type\":\"WebPage\",\"@id\":\"https:\/\/toto.hr\/split\/hr\/pravni-podaci\/\",\"url\":\"https:\/\/toto.hr\/split\/hr\/pravni-podaci\/\",\"name\":\"Pravni podaci &#187; Toto Travel - Split\",\"isPartOf\":{\"@id\":\"https:\/\/toto.hr\/split\/#website\"},\"primaryImageOfPage\":{\"@id\":\"https:\/\/toto.hr\/split\/hr\/pravni-podaci\/#primaryimage\"},\"image\":{\"@id\":\"https:\/\/toto.hr\/split\/hr\/pravni-podaci\/#primaryimage\"},\"thumbnailUrl\":\"https:\/\/toto.hr\/split\/wp-content\/uploads\/sites\/3\/2020\/06\/spencer-davis-AHdHOIjJa64-unsplash-scaled.jpg\",\"datePublished\":\"2023-05-16T09:03:18+00:00\",\"dateModified\":\"2025-09-04T20:55:00+00:00\",\"description\":\"Pravni podaci\",\"breadcrumb\":{\"@id\":\"https:\/\/toto.hr\/split\/hr\/pravni-podaci\/#breadcrumb\"},\"inLanguage\":\"hr\",\"potentialAction\":[{\"@type\":\"ReadAction\",\"target\":[\"https:\/\/toto.hr\/split\/hr\/pravni-podaci\/\"]}]},{\"@type\":\"ImageObject\",\"inLanguage\":\"hr\",\"@id\":\"https:\/\/toto.hr\/split\/hr\/pravni-podaci\/#primaryimage\",\"url\":\"https:\/\/toto.hr\/split\/wp-content\/uploads\/sites\/3\/2020\/06\/spencer-davis-AHdHOIjJa64-unsplash-scaled.jpg\",\"contentUrl\":\"https:\/\/toto.hr\/split\/wp-content\/uploads\/sites\/3\/2020\/06\/spencer-davis-AHdHOIjJa64-unsplash-scaled.jpg\",\"width\":2560,\"height\":1600},{\"@type\":\"BreadcrumbList\",\"@id\":\"https:\/\/toto.hr\/split\/hr\/pravni-podaci\/#breadcrumb\",\"itemListElement\":[{\"@type\":\"ListItem\",\"position\":1,\"name\":\"Home\",\"item\":\"https:\/\/toto.hr\/split\/hr\/\"},{\"@type\":\"ListItem\",\"position\":2,\"name\":\"Pravni podaci\"}]},{\"@type\":\"WebSite\",\"@id\":\"https:\/\/toto.hr\/split\/#website\",\"url\":\"https:\/\/toto.hr\/split\/\",\"name\":\"Toto Travel - Split\",\"description\":\"Boat Trip Adventures from Split Croatia\",\"publisher\":{\"@id\":\"https:\/\/toto.hr\/split\/#organization\"},\"potentialAction\":[{\"@type\":\"SearchAction\",\"target\":{\"@type\":\"EntryPoint\",\"urlTemplate\":\"https:\/\/toto.hr\/split\/?s={search_term_string}\"},\"query-input\":{\"@type\":\"PropertyValueSpecification\",\"valueRequired\":true,\"valueName\":\"search_term_string\"}}],\"inLanguage\":\"hr\"},{\"@type\":\"Organization\",\"@id\":\"https:\/\/toto.hr\/split\/#organization\",\"name\":\"Toto Travel - Boat Trips Adventures Split\",\"url\":\"https:\/\/toto.hr\/split\/\",\"logo\":{\"@type\":\"ImageObject\",\"inLanguage\":\"hr\",\"@id\":\"https:\/\/toto.hr\/split\/#\/schema\/logo\/image\/\",\"url\":\"https:\/\/toto.hr\/split\/wp-content\/uploads\/sites\/3\/2020\/07\/toto_travel_logo.jpg\",\"contentUrl\":\"https:\/\/toto.hr\/split\/wp-content\/uploads\/sites\/3\/2020\/07\/toto_travel_logo.jpg\",\"width\":410,\"height\":195,\"caption\":\"Toto Travel - Boat Trips Adventures Split\"},\"image\":{\"@id\":\"https:\/\/toto.hr\/split\/#\/schema\/logo\/image\/\"},\"sameAs\":[\"https:\/\/web.facebook.com\/Toto-Travel-Boat-Trip-Adventures-104729731249453\",\"https:\/\/www.instagram.com\/toto_travel_split\/\"]}]}<\/script>\n<!-- \/ Yoast SEO plugin. -->","yoast_head_json":{"title":"Pravni podaci &#187; Toto Travel - Split","description":"Pravni podaci","robots":{"index":"index","follow":"follow","max-snippet":"max-snippet:-1","max-image-preview":"max-image-preview:large","max-video-preview":"max-video-preview:-1"},"canonical":"https:\/\/toto.hr\/split\/hr\/pravni-podaci\/","twitter_misc":{"Procijenjeno vrijeme \u010ditanja":"2 minute"},"schema":{"@context":"https:\/\/schema.org","@graph":[{"@type":"WebPage","@id":"https:\/\/toto.hr\/split\/hr\/pravni-podaci\/","url":"https:\/\/toto.hr\/split\/hr\/pravni-podaci\/","name":"Pravni podaci &#187; Toto Travel - Split","isPartOf":{"@id":"https:\/\/toto.hr\/split\/#website"},"primaryImageOfPage":{"@id":"https:\/\/toto.hr\/split\/hr\/pravni-podaci\/#primaryimage"},"image":{"@id":"https:\/\/toto.hr\/split\/hr\/pravni-podaci\/#primaryimage"},"thumbnailUrl":"https:\/\/toto.hr\/split\/wp-content\/uploads\/sites\/3\/2020\/06\/spencer-davis-AHdHOIjJa64-unsplash-scaled.jpg","datePublished":"2023-05-16T09:03:18+00:00","dateModified":"2025-09-04T20:55:00+00:00","description":"Pravni podaci","breadcrumb":{"@id":"https:\/\/toto.hr\/split\/hr\/pravni-podaci\/#breadcrumb"},"inLanguage":"hr","potentialAction":[{"@type":"ReadAction","target":["https:\/\/toto.hr\/split\/hr\/pravni-podaci\/"]}]},{"@type":"ImageObject","inLanguage":"hr","@id":"https:\/\/toto.hr\/split\/hr\/pravni-podaci\/#primaryimage","url":"https:\/\/toto.hr\/split\/wp-content\/uploads\/sites\/3\/2020\/06\/spencer-davis-AHdHOIjJa64-unsplash-scaled.jpg","contentUrl":"https:\/\/toto.hr\/split\/wp-content\/uploads\/sites\/3\/2020\/06\/spencer-davis-AHdHOIjJa64-unsplash-scaled.jpg","width":2560,"height":1600},{"@type":"BreadcrumbList","@id":"https:\/\/toto.hr\/split\/hr\/pravni-podaci\/#breadcrumb","itemListElement":[{"@type":"ListItem","position":1,"name":"Home","item":"https:\/\/toto.hr\/split\/hr\/"},{"@type":"ListItem","position":2,"name":"Pravni podaci"}]},{"@type":"WebSite","@id":"https:\/\/toto.hr\/split\/#website","url":"https:\/\/toto.hr\/split\/","name":"Toto Travel - Split","description":"Boat Trip Adventures from Split Croatia","publisher":{"@id":"https:\/\/toto.hr\/split\/#organization"},"potentialAction":[{"@type":"SearchAction","target":{"@type":"EntryPoint","urlTemplate":"https:\/\/toto.hr\/split\/?s={search_term_string}"},"query-input":{"@type":"PropertyValueSpecification","valueRequired":true,"valueName":"search_term_string"}}],"inLanguage":"hr"},{"@type":"Organization","@id":"https:\/\/toto.hr\/split\/#organization","name":"Toto Travel - Boat Trips Adventures Split","url":"https:\/\/toto.hr\/split\/","logo":{"@type":"ImageObject","inLanguage":"hr","@id":"https:\/\/toto.hr\/split\/#\/schema\/logo\/image\/","url":"https:\/\/toto.hr\/split\/wp-content\/uploads\/sites\/3\/2020\/07\/toto_travel_logo.jpg","contentUrl":"https:\/\/toto.hr\/split\/wp-content\/uploads\/sites\/3\/2020\/07\/toto_travel_logo.jpg","width":410,"height":195,"caption":"Toto Travel - Boat Trips Adventures Split"},"image":{"@id":"https:\/\/toto.hr\/split\/#\/schema\/logo\/image\/"},"sameAs":["https:\/\/web.facebook.com\/Toto-Travel-Boat-Trip-Adventures-104729731249453","https:\/\/www.instagram.com\/toto_travel_split\/"]}]}},"_links":{"self":[{"href":"https:\/\/toto.hr\/split\/hr\/wp-json\/wp\/v2\/pages\/5607","targetHints":{"allow":["GET"]}}],"collection":[{"href":"https:\/\/toto.hr\/split\/hr\/wp-json\/wp\/v2\/pages"}],"about":[{"href":"https:\/\/toto.hr\/split\/hr\/wp-json\/wp\/v2\/types\/page"}],"author":[{"embeddable":true,"href":"https:\/\/toto.hr\/split\/hr\/wp-json\/wp\/v2\/users\/6"}],"replies":[{"embeddable":true,"href":"https:\/\/toto.hr\/split\/hr\/wp-json\/wp\/v2\/comments?post=5607"}],"version-history":[{"count":11,"href":"https:\/\/toto.hr\/split\/hr\/wp-json\/wp\/v2\/pages\/5607\/revisions"}],"predecessor-version":[{"id":8243,"href":"https:\/\/toto.hr\/split\/hr\/wp-json\/wp\/v2\/pages\/5607\/revisions\/8243"}],"wp:featuredmedia":[{"embeddable":true,"href":"https:\/\/toto.hr\/split\/hr\/wp-json\/wp\/v2\/media\/2916"}],"wp:attachment":[{"href":"https:\/\/toto.hr\/split\/hr\/wp-json\/wp\/v2\/media?parent=5607"}],"curies":[{"name":"wp","href":"https:\/\/api.w.org\/{rel}","templated":true}]}}