{"id":2768,"date":"2021-06-30T11:22:10","date_gmt":"2021-06-30T09:22:10","guid":{"rendered":"https:\/\/toto.hr\/split\/kontakt\/"},"modified":"2024-11-15T09:04:03","modified_gmt":"2024-11-15T08:04:03","slug":"kontakt","status":"publish","type":"page","link":"https:\/\/toto.hr\/split\/hr\/kontakt\/","title":{"rendered":"Kontakt"},"content":{"rendered":"\n<section class=\"c-hero c-hero--has-overlay\"><img loading=\"lazy\" decoding=\"async\" width=\"1280\" height=\"800\" src=\"https:\/\/toto.hr\/split\/wp-content\/uploads\/sites\/3\/2020\/06\/spencer-davis-AHdHOIjJa64-unsplash-1280x800.jpg\" class=\"c-hero__background-image\" alt=\"spencer davis \" srcset=\"https:\/\/toto.hr\/split\/wp-content\/uploads\/sites\/3\/2020\/06\/spencer-davis-AHdHOIjJa64-unsplash-1280x800.jpg 1280w, https:\/\/toto.hr\/split\/wp-content\/uploads\/sites\/3\/2020\/06\/spencer-davis-AHdHOIjJa64-unsplash-300x187.jpg 300w, https:\/\/toto.hr\/split\/wp-content\/uploads\/sites\/3\/2020\/06\/spencer-davis-AHdHOIjJa64-unsplash-1024x640.jpg 1024w, https:\/\/toto.hr\/split\/wp-content\/uploads\/sites\/3\/2020\/06\/spencer-davis-AHdHOIjJa64-unsplash-768x480.jpg 768w, https:\/\/toto.hr\/split\/wp-content\/uploads\/sites\/3\/2020\/06\/spencer-davis-AHdHOIjJa64-unsplash-1536x960.jpg 1536w, https:\/\/toto.hr\/split\/wp-content\/uploads\/sites\/3\/2020\/06\/spencer-davis-AHdHOIjJa64-unsplash-2048x1280.jpg 2048w, https:\/\/toto.hr\/split\/wp-content\/uploads\/sites\/3\/2020\/06\/spencer-davis-AHdHOIjJa64-unsplash-256x160.jpg 256w, https:\/\/toto.hr\/split\/wp-content\/uploads\/sites\/3\/2020\/06\/spencer-davis-AHdHOIjJa64-unsplash-336x210.jpg 336w, https:\/\/toto.hr\/split\/wp-content\/uploads\/sites\/3\/2020\/06\/spencer-davis-AHdHOIjJa64-unsplash-544x340.jpg 544w, https:\/\/toto.hr\/split\/wp-content\/uploads\/sites\/3\/2020\/06\/spencer-davis-AHdHOIjJa64-unsplash-800x500.jpg 800w, https:\/\/toto.hr\/split\/wp-content\/uploads\/sites\/3\/2020\/06\/spencer-davis-AHdHOIjJa64-unsplash-600x375.jpg 600w\" sizes=\"auto, (max-width: 1280px) 100vw, 1280px\"><div class=\"o-container\"><div class=\"o-row\"><div class=\"o-col-12\"><h1 class=\"c-hero__heading\">Kako vam mo\u017eemo pomo\u0107i?<br><\/h1><div class=\"c-hero__description\">\n<p>Javite se! U\u010dinit \u0107emo va\u0161 boravak u Splitu nezaboravnim. <\/p>\n<\/div><\/div><\/div><\/div><\/section>\n","protected":false},"excerpt":{"rendered":"","protected":false},"author":1,"featured_media":2916,"parent":0,"menu_order":0,"comment_status":"closed","ping_status":"closed","template":"templates\/contact.php","meta":{"_acf_changed":false,"_joinchat":[],"footnotes":""},"class_list":["post-2768","page","type-page","status-publish","has-post-thumbnail","hentry"],"acf":[],"yoast_head":"<!-- This site is optimized with the Yoast SEO plugin v25.3.1 - https:\/\/yoast.com\/wordpress\/plugins\/seo\/ -->\n<title>Toto Kontakt - Javite se \u00bb Toto Travel Split<\/title>\n<meta name=\"description\" content=\"Va\u0161 boravak u Splitu u\u010dinit \u0107emo nezaboravnim. Javite nam \u0161to vas zanima ili \u0161to vam treba i prona\u0107i \u0107emo rje\u0161enje za vas.\" \/>\n<meta name=\"robots\" content=\"index, follow, max-snippet:-1, max-image-preview:large, max-video-preview:-1\" \/>\n<link rel=\"canonical\" href=\"https:\/\/toto.hr\/split\/hr\/kontakt\/\" \/>\n<meta name=\"twitter:label1\" content=\"Procijenjeno vrijeme \u010ditanja\" \/>\n\t<meta name=\"twitter:data1\" content=\"1 minuta\" \/>\n<script type=\"application\/ld+json\" class=\"yoast-schema-graph\">{\"@context\":\"https:\/\/schema.org\",\"@graph\":[{\"@type\":\"WebPage\",\"@id\":\"https:\/\/toto.hr\/split\/hr\/kontakt\/\",\"url\":\"https:\/\/toto.hr\/split\/hr\/kontakt\/\",\"name\":\"Toto Kontakt - Javite se \u00bb Toto Travel Split\",\"isPartOf\":{\"@id\":\"https:\/\/toto.hr\/split\/#website\"},\"primaryImageOfPage\":{\"@id\":\"https:\/\/toto.hr\/split\/hr\/kontakt\/#primaryimage\"},\"image\":{\"@id\":\"https:\/\/toto.hr\/split\/hr\/kontakt\/#primaryimage\"},\"thumbnailUrl\":\"https:\/\/toto.hr\/split\/wp-content\/uploads\/sites\/3\/2020\/06\/spencer-davis-AHdHOIjJa64-unsplash-scaled.jpg\",\"datePublished\":\"2021-06-30T09:22:10+00:00\",\"dateModified\":\"2024-11-15T08:04:03+00:00\",\"description\":\"Va\u0161 boravak u Splitu u\u010dinit \u0107emo nezaboravnim. Javite nam \u0161to vas zanima ili \u0161to vam treba i prona\u0107i \u0107emo rje\u0161enje za vas.\",\"breadcrumb\":{\"@id\":\"https:\/\/toto.hr\/split\/hr\/kontakt\/#breadcrumb\"},\"inLanguage\":\"hr\",\"potentialAction\":[{\"@type\":\"ReadAction\",\"target\":[\"https:\/\/toto.hr\/split\/hr\/kontakt\/\"]}]},{\"@type\":\"ImageObject\",\"inLanguage\":\"hr\",\"@id\":\"https:\/\/toto.hr\/split\/hr\/kontakt\/#primaryimage\",\"url\":\"https:\/\/toto.hr\/split\/wp-content\/uploads\/sites\/3\/2020\/06\/spencer-davis-AHdHOIjJa64-unsplash-scaled.jpg\",\"contentUrl\":\"https:\/\/toto.hr\/split\/wp-content\/uploads\/sites\/3\/2020\/06\/spencer-davis-AHdHOIjJa64-unsplash-scaled.jpg\",\"width\":2560,\"height\":1600},{\"@type\":\"BreadcrumbList\",\"@id\":\"https:\/\/toto.hr\/split\/hr\/kontakt\/#breadcrumb\",\"itemListElement\":[{\"@type\":\"ListItem\",\"position\":1,\"name\":\"Dom\",\"item\":\"https:\/\/toto.hr\/split\/hr\/\"},{\"@type\":\"ListItem\",\"position\":2,\"name\":\"Kontakt\"}]},{\"@type\":\"WebSite\",\"@id\":\"https:\/\/toto.hr\/split\/#website\",\"url\":\"https:\/\/toto.hr\/split\/\",\"name\":\"Toto Travel - Split\",\"description\":\"Boat Trip Adventures from Split Croatia\",\"publisher\":{\"@id\":\"https:\/\/toto.hr\/split\/#organization\"},\"potentialAction\":[{\"@type\":\"SearchAction\",\"target\":{\"@type\":\"EntryPoint\",\"urlTemplate\":\"https:\/\/toto.hr\/split\/?s={search_term_string}\"},\"query-input\":{\"@type\":\"PropertyValueSpecification\",\"valueRequired\":true,\"valueName\":\"search_term_string\"}}],\"inLanguage\":\"hr\"},{\"@type\":\"Organization\",\"@id\":\"https:\/\/toto.hr\/split\/#organization\",\"name\":\"Toto Travel - Boat Trips Adventures Split\",\"url\":\"https:\/\/toto.hr\/split\/\",\"logo\":{\"@type\":\"ImageObject\",\"inLanguage\":\"hr\",\"@id\":\"https:\/\/toto.hr\/split\/#\/schema\/logo\/image\/\",\"url\":\"https:\/\/toto.hr\/split\/wp-content\/uploads\/sites\/3\/2020\/07\/toto_travel_logo.jpg\",\"contentUrl\":\"https:\/\/toto.hr\/split\/wp-content\/uploads\/sites\/3\/2020\/07\/toto_travel_logo.jpg\",\"width\":410,\"height\":195,\"caption\":\"Toto Travel - Boat Trips Adventures Split\"},\"image\":{\"@id\":\"https:\/\/toto.hr\/split\/#\/schema\/logo\/image\/\"},\"sameAs\":[\"https:\/\/web.facebook.com\/Toto-Travel-Boat-Trip-Adventures-104729731249453\",\"https:\/\/www.instagram.com\/toto_travel_split\/\"]}]}<\/script>\n<!-- \/ Yoast SEO plugin. -->","yoast_head_json":{"title":"Toto Kontakt - Javite se \u00bb Toto Travel Split","description":"Va\u0161 boravak u Splitu u\u010dinit \u0107emo nezaboravnim. Javite nam \u0161to vas zanima ili \u0161to vam treba i prona\u0107i \u0107emo rje\u0161enje za vas.","robots":{"index":"index","follow":"follow","max-snippet":"max-snippet:-1","max-image-preview":"max-image-preview:large","max-video-preview":"max-video-preview:-1"},"canonical":"https:\/\/toto.hr\/split\/hr\/kontakt\/","twitter_misc":{"Procijenjeno vrijeme \u010ditanja":"1 minuta"},"schema":{"@context":"https:\/\/schema.org","@graph":[{"@type":"WebPage","@id":"https:\/\/toto.hr\/split\/hr\/kontakt\/","url":"https:\/\/toto.hr\/split\/hr\/kontakt\/","name":"Toto Kontakt - Javite se \u00bb Toto Travel Split","isPartOf":{"@id":"https:\/\/toto.hr\/split\/#website"},"primaryImageOfPage":{"@id":"https:\/\/toto.hr\/split\/hr\/kontakt\/#primaryimage"},"image":{"@id":"https:\/\/toto.hr\/split\/hr\/kontakt\/#primaryimage"},"thumbnailUrl":"https:\/\/toto.hr\/split\/wp-content\/uploads\/sites\/3\/2020\/06\/spencer-davis-AHdHOIjJa64-unsplash-scaled.jpg","datePublished":"2021-06-30T09:22:10+00:00","dateModified":"2024-11-15T08:04:03+00:00","description":"Va\u0161 boravak u Splitu u\u010dinit \u0107emo nezaboravnim. Javite nam \u0161to vas zanima ili \u0161to vam treba i prona\u0107i \u0107emo rje\u0161enje za vas.","breadcrumb":{"@id":"https:\/\/toto.hr\/split\/hr\/kontakt\/#breadcrumb"},"inLanguage":"hr","potentialAction":[{"@type":"ReadAction","target":["https:\/\/toto.hr\/split\/hr\/kontakt\/"]}]},{"@type":"ImageObject","inLanguage":"hr","@id":"https:\/\/toto.hr\/split\/hr\/kontakt\/#primaryimage","url":"https:\/\/toto.hr\/split\/wp-content\/uploads\/sites\/3\/2020\/06\/spencer-davis-AHdHOIjJa64-unsplash-scaled.jpg","contentUrl":"https:\/\/toto.hr\/split\/wp-content\/uploads\/sites\/3\/2020\/06\/spencer-davis-AHdHOIjJa64-unsplash-scaled.jpg","width":2560,"height":1600},{"@type":"BreadcrumbList","@id":"https:\/\/toto.hr\/split\/hr\/kontakt\/#breadcrumb","itemListElement":[{"@type":"ListItem","position":1,"name":"Dom","item":"https:\/\/toto.hr\/split\/hr\/"},{"@type":"ListItem","position":2,"name":"Kontakt"}]},{"@type":"WebSite","@id":"https:\/\/toto.hr\/split\/#website","url":"https:\/\/toto.hr\/split\/","name":"Toto Travel - Split","description":"Boat Trip Adventures from Split Croatia","publisher":{"@id":"https:\/\/toto.hr\/split\/#organization"},"potentialAction":[{"@type":"SearchAction","target":{"@type":"EntryPoint","urlTemplate":"https:\/\/toto.hr\/split\/?s={search_term_string}"},"query-input":{"@type":"PropertyValueSpecification","valueRequired":true,"valueName":"search_term_string"}}],"inLanguage":"hr"},{"@type":"Organization","@id":"https:\/\/toto.hr\/split\/#organization","name":"Toto Travel - Boat Trips Adventures Split","url":"https:\/\/toto.hr\/split\/","logo":{"@type":"ImageObject","inLanguage":"hr","@id":"https:\/\/toto.hr\/split\/#\/schema\/logo\/image\/","url":"https:\/\/toto.hr\/split\/wp-content\/uploads\/sites\/3\/2020\/07\/toto_travel_logo.jpg","contentUrl":"https:\/\/toto.hr\/split\/wp-content\/uploads\/sites\/3\/2020\/07\/toto_travel_logo.jpg","width":410,"height":195,"caption":"Toto Travel - Boat Trips Adventures Split"},"image":{"@id":"https:\/\/toto.hr\/split\/#\/schema\/logo\/image\/"},"sameAs":["https:\/\/web.facebook.com\/Toto-Travel-Boat-Trip-Adventures-104729731249453","https:\/\/www.instagram.com\/toto_travel_split\/"]}]}},"_links":{"self":[{"href":"https:\/\/toto.hr\/split\/hr\/wp-json\/wp\/v2\/pages\/2768","targetHints":{"allow":["GET"]}}],"collection":[{"href":"https:\/\/toto.hr\/split\/hr\/wp-json\/wp\/v2\/pages"}],"about":[{"href":"https:\/\/toto.hr\/split\/hr\/wp-json\/wp\/v2\/types\/page"}],"author":[{"embeddable":true,"href":"https:\/\/toto.hr\/split\/hr\/wp-json\/wp\/v2\/users\/1"}],"replies":[{"embeddable":true,"href":"https:\/\/toto.hr\/split\/hr\/wp-json\/wp\/v2\/comments?post=2768"}],"version-history":[{"count":5,"href":"https:\/\/toto.hr\/split\/hr\/wp-json\/wp\/v2\/pages\/2768\/revisions"}],"predecessor-version":[{"id":7441,"href":"https:\/\/toto.hr\/split\/hr\/wp-json\/wp\/v2\/pages\/2768\/revisions\/7441"}],"wp:featuredmedia":[{"embeddable":true,"href":"https:\/\/toto.hr\/split\/hr\/wp-json\/wp\/v2\/media\/2916"}],"wp:attachment":[{"href":"https:\/\/toto.hr\/split\/hr\/wp-json\/wp\/v2\/media?parent=2768"}],"curies":[{"name":"wp","href":"https:\/\/api.w.org\/{rel}","templated":true}]}}