{"id":2760,"date":"2021-06-30T11:21:07","date_gmt":"2021-06-30T09:21:07","guid":{"rendered":"https:\/\/toto.hr\/split\/o-nama\/"},"modified":"2024-04-12T12:08:18","modified_gmt":"2024-04-12T10:08:18","slug":"o-nama","status":"publish","type":"page","link":"https:\/\/toto.hr\/split\/hr\/o-nama\/","title":{"rendered":"O nama"},"content":{"rendered":"\n<section class=\"c-hero c-hero--has-overlay\"><img loading=\"lazy\" decoding=\"async\" width=\"1280\" height=\"800\" src=\"https:\/\/toto.hr\/split\/wp-content\/uploads\/sites\/3\/2020\/07\/spencer-davis-AHdHOIjJa64-unsplash-1280x800.jpg\" class=\"c-hero__background-image\" alt=\"spencer davis \" srcset=\"https:\/\/toto.hr\/split\/wp-content\/uploads\/sites\/3\/2020\/07\/spencer-davis-AHdHOIjJa64-unsplash-1280x800.jpg 1280w, https:\/\/toto.hr\/split\/wp-content\/uploads\/sites\/3\/2020\/07\/spencer-davis-AHdHOIjJa64-unsplash-300x187.jpg 300w, https:\/\/toto.hr\/split\/wp-content\/uploads\/sites\/3\/2020\/07\/spencer-davis-AHdHOIjJa64-unsplash-1024x640.jpg 1024w, https:\/\/toto.hr\/split\/wp-content\/uploads\/sites\/3\/2020\/07\/spencer-davis-AHdHOIjJa64-unsplash-768x480.jpg 768w, https:\/\/toto.hr\/split\/wp-content\/uploads\/sites\/3\/2020\/07\/spencer-davis-AHdHOIjJa64-unsplash-1536x960.jpg 1536w, https:\/\/toto.hr\/split\/wp-content\/uploads\/sites\/3\/2020\/07\/spencer-davis-AHdHOIjJa64-unsplash-2048x1280.jpg 2048w, https:\/\/toto.hr\/split\/wp-content\/uploads\/sites\/3\/2020\/07\/spencer-davis-AHdHOIjJa64-unsplash-800x500.jpg 800w\" sizes=\"auto, (max-width: 1280px) 100vw, 1280px\"><div class=\"o-container\"><div class=\"o-row\"><div class=\"o-col-12\"><h1 class=\"c-hero__heading\">Toto Travel Split<\/h1><div class=\"c-hero__description\">\n<p>Otkrijte s nama ljepotu dalmatinskih otoka i nacionalnih parkova.<\/p>\n<\/div><\/div><\/div><\/div><\/section>\n\n<section class=\"wp-block-toto-outline o-container u-pt-2 u-pt-4@md\"><div class=\"o-row u-mb-4@md\"><div class=\"o-col-6@sm o-col-4@md u-mb-2\"><div class=\"u-h2 u-text-secondary-endeavour u-mb-1\"><svg class=\"o-icon\"><use xmlns:xlink=\"http:\/\/www.w3.org\/1999\/xlink\" xlink:href=\"https:\/\/toto.hr\/split\/wp-content\/themes\/toto\/assets\/sprite\/icons.svg#icon-person\"><\/use><\/svg><\/div><h3 class=\"u-h5 u-text-gray-300 u-mb-1\"><strong classname=\"u-text-secondary-endeavour\">130<\/strong> ,<strong classname=\"u-text-secondary-endeavour\"> 738<\/strong> sretni putnici<\/h3><p class=\"u-text-md\">Istra\u017eimo zajedno Dalmaciju &#8230;<\/p><\/div><div class=\"o-col-6@sm o-col-4@md u-mb-2\"><div class=\"u-h2 u-text-secondary-endeavour u-mb-1\"><svg class=\"o-icon\"><use xmlns:xlink=\"http:\/\/www.w3.org\/1999\/xlink\" xlink:href=\"https:\/\/toto.hr\/split\/wp-content\/themes\/toto\/assets\/sprite\/icons.svg#icon-sailing-boat\"><\/use><\/svg><\/div><h3 class=\"u-h5 u-text-gray-300 u-mb-1\"><strong classname=\"u-text-secondary-endeavour\">178<\/strong> ,<strong classname=\"u-text-secondary-endeavour\"> 500<\/strong> milja<\/h3><p class=\"u-text-md\">Pridru\u017eite nam se i pamtite Dalmaciju zauvijek!<\/p><\/div><div class=\"o-col-6@sm o-col-4@md u-mb-2\"><div class=\"u-h2 u-text-secondary-endeavour u-mb-1\"><svg class=\"o-icon\"><use xmlns:xlink=\"http:\/\/www.w3.org\/1999\/xlink\" xlink:href=\"https:\/\/toto.hr\/split\/wp-content\/themes\/toto\/assets\/sprite\/icons.svg#icon-beach\"><\/use><\/svg><\/div><h3 class=\"u-h5 u-text-gray-300 u-mb-1\"><strong classname=\"u-text-secondary-endeavour\">187<\/strong> operativni dani<\/h3><p class=\"u-text-md\">Uvijek ovdje za vas!<\/p><\/div><\/div><\/section>\n\n<section class=\"o-container\"><div class=\"o-row\"><div class=\"o-col-12\"><h3 class=\"u-h3\">Tko je Toto Travel?<\/h3><\/div><\/div><div class=\"o-row u-mb-2 u-mb-6@md\">\n<section class=\"o-col-6@md\">\n<p>Agencija Toto Travel ima najve\u0107u flotu brodova smje\u0161tenih u Splitu, dostupnih za grupne ili prilago\u0111ene dnevne ture. Uz pomo\u0107 na\u0161eg mladog tima profesionalaca na\u0161im kupcima \u017eelimo pru\u017eiti najbolje iskustvo u otkrivanju ljepota dalmatinskih gradova i otoka.<\/p>\n<\/section>\n\n\n\n<section class=\"o-col-6@md\">\n<p>Zadovoljstvo nam je omogu\u0107iti preko 150 000 zadovoljnih putnika u zadnjih 6 godina na\u0161im brodskim turama i dnevnim izletima u nacionalne parkove poput Krke i Plitvica.<\/p>\n<\/section>\n<\/div><div class=\"o-row u-mb-4\"><div class=\"o-col-12\"><img decoding=\"async\" src=\"https:\/\/toto.hr\/split\/wp-content\/uploads\/sites\/3\/2020\/06\/about-us-content-1.jpg\" class=\"u-rounded-lg\" data-attachemnt_id=\"120\" data-size=\"large\"\/><\/div><\/div><\/section>\n\n<section class=\"o-container u-pt-2 u-pt-4@md\"><div class=\"o-row\"><div class=\"o-col-12\"><h3 class=\"u-h3 u-mb-2 u-mb-4@md\">Za\u0161to Toto Travel?<\/h3><\/div><\/div><div class=\"o-row u-mb-6@md\">\n<section class=\"o-col-6@sm o-col-4@lg u-mb-2\"><div class=\"u-h2 u-text-secondary-endeavour u-mb-1\"><svg class=\"o-icon\"><use xmlns:xlink=\"http:\/\/www.w3.org\/1999\/xlink\" xlink:href=\"https:\/\/toto.hr\/split\/wp-content\/themes\/toto\/assets\/sprite\/icons.svg#icon-life-belt\"><\/use><\/svg><\/div><h3 class=\"u-text-md\">Sigurnost na prvom mjestu<\/h3>\n<ul class=\"wp-block-toto-specifications-column-list c-list\"><li>Imamo iskustva u plovidbi u svim vremenskim uvjetima.<\/li><li>Redovito odr\u017eavani \u010damci<\/li><li>Uvijek smo u toku sa svim sigurnosnim postupcima i opremom na na\u0161im brodovima<\/li><\/ul>\n\n\n\n<p><\/p>\n<\/section>\n\n\n\n<section class=\"o-col-6@sm o-col-4@lg u-mb-2\"><div class=\"u-h2 u-text-secondary-endeavour u-mb-1\"><svg class=\"o-icon\"><use xmlns:xlink=\"http:\/\/www.w3.org\/1999\/xlink\" xlink:href=\"https:\/\/toto.hr\/split\/wp-content\/themes\/toto\/assets\/sprite\/icons.svg#icon-flag\"><\/use><\/svg><\/div><h3 class=\"u-text-md\">Iskusno osoblje<\/h3>\n<ul class=\"wp-block-toto-specifications-column-list c-list\"><li>Sve na\u0161e osoblje je vi\u0161ejezi\u010dno<\/li><li>Skiperi imaju najmanje 5 godina lokalnog iskustva<\/li><li>Svaki \u010dlan na\u0161eg tima dobro poznaje lokalno podru\u010dje.<\/li><\/ul>\n\n\n\n<p><\/p>\n<\/section>\n\n\n\n<section class=\"o-col-6@sm o-col-4@lg u-mb-2\"><div class=\"u-h2 u-text-secondary-endeavour u-mb-1\"><svg class=\"o-icon\"><use xmlns:xlink=\"http:\/\/www.w3.org\/1999\/xlink\" xlink:href=\"https:\/\/toto.hr\/split\/wp-content\/themes\/toto\/assets\/sprite\/icons.svg#icon-office\"><\/use><\/svg><\/div><h3 class=\"u-text-md\">Ured u centru grada<\/h3>\n<ul class=\"wp-block-toto-specifications-column-list c-list\"><li>Nismo virtualni, voljeli bismo vas upoznati uz svje\u017eu \u0161alicu kave u na\u0161em uredu Riva u Splitu.<\/li><li>Do\u0111ite nas posjetiti ako prolazite i trebate vi\u0161e informacija<\/li><\/ul>\n\n\n\n<p><\/p>\n<\/section>\n\n\n\n<section class=\"o-col-6@sm o-col-4@lg u-mb-2\"><div class=\"u-h2 u-text-secondary-endeavour u-mb-1\"><svg class=\"o-icon\"><use xmlns:xlink=\"http:\/\/www.w3.org\/1999\/xlink\" xlink:href=\"https:\/\/toto.hr\/split\/wp-content\/themes\/toto\/assets\/sprite\/icons.svg#icon-compass\"><\/use><\/svg><\/div><h3 class=\"u-text-md\">Najve\u0107a putni\u010dka agencija u Splitu<\/h3>\n<ul class=\"wp-block-toto-specifications-column-list c-list\"><li>Imamo najve\u0107u flotu i najve\u0107i broj organiziranih tura.<\/li><\/ul>\n<\/section>\n\n\n\n<section class=\"o-col-6@sm o-col-4@lg u-mb-2\"><div class=\"u-h2 u-text-secondary-endeavour u-mb-1\"><svg class=\"o-icon\"><use xmlns:xlink=\"http:\/\/www.w3.org\/1999\/xlink\" xlink:href=\"https:\/\/toto.hr\/split\/wp-content\/themes\/toto\/assets\/sprite\/icons.svg#icon-location\"><\/use><\/svg><\/div><h3 class=\"u-text-md\">Ture po mjeri<\/h3>\n<ul class=\"wp-block-toto-specifications-column-list c-list\"><li>Imate viziju svog idealnog putovanja i trebate lokalnog partnera koji \u0107e vam pomo\u0107i da to ostvarite? Obratite nam se kako bismo razgovarali o vlastitom obilasku po mjeri!<\/li><\/ul>\n<\/section>\n<\/div><\/section>\n","protected":false},"excerpt":{"rendered":"","protected":false},"author":1,"featured_media":3587,"parent":0,"menu_order":0,"comment_status":"closed","ping_status":"closed","template":"","meta":{"_acf_changed":false,"_joinchat":[],"footnotes":""},"class_list":["post-2760","page","type-page","status-publish","has-post-thumbnail","hentry"],"acf":[],"yoast_head":"<!-- This site is optimized with the Yoast SEO plugin v25.3.1 - https:\/\/yoast.com\/wordpress\/plugins\/seo\/ -->\n<title>Saznajte vi\u0161e o nama \u00bb Toto Travel Split, Hrvatska<\/title>\n<meta name=\"description\" content=\"Svojim klijentima pru\u017eamo najbolje iskustvo u otkrivanju ljepote Srednje Dalmacije uz grupne i prilago\u0111ene dnevne ture.\" \/>\n<meta name=\"robots\" content=\"index, follow, max-snippet:-1, max-image-preview:large, max-video-preview:-1\" \/>\n<link rel=\"canonical\" href=\"https:\/\/toto.hr\/split\/hr\/o-nama\/\" \/>\n<meta name=\"twitter:label1\" content=\"Procijenjeno vrijeme \u010ditanja\" \/>\n\t<meta name=\"twitter:data1\" content=\"1 minuta\" \/>\n<script type=\"application\/ld+json\" class=\"yoast-schema-graph\">{\"@context\":\"https:\/\/schema.org\",\"@graph\":[{\"@type\":\"WebPage\",\"@id\":\"https:\/\/toto.hr\/split\/hr\/o-nama\/\",\"url\":\"https:\/\/toto.hr\/split\/hr\/o-nama\/\",\"name\":\"Saznajte vi\u0161e o nama \u00bb Toto Travel Split, Hrvatska\",\"isPartOf\":{\"@id\":\"https:\/\/toto.hr\/split\/#website\"},\"primaryImageOfPage\":{\"@id\":\"https:\/\/toto.hr\/split\/hr\/o-nama\/#primaryimage\"},\"image\":{\"@id\":\"https:\/\/toto.hr\/split\/hr\/o-nama\/#primaryimage\"},\"thumbnailUrl\":\"https:\/\/toto.hr\/split\/wp-content\/uploads\/sites\/3\/2020\/07\/spencer-davis-AHdHOIjJa64-unsplash-scaled.jpg\",\"datePublished\":\"2021-06-30T09:21:07+00:00\",\"dateModified\":\"2024-04-12T10:08:18+00:00\",\"description\":\"Svojim klijentima pru\u017eamo najbolje iskustvo u otkrivanju ljepote Srednje Dalmacije uz grupne i prilago\u0111ene dnevne ture.\",\"breadcrumb\":{\"@id\":\"https:\/\/toto.hr\/split\/hr\/o-nama\/#breadcrumb\"},\"inLanguage\":\"hr\",\"potentialAction\":[{\"@type\":\"ReadAction\",\"target\":[\"https:\/\/toto.hr\/split\/hr\/o-nama\/\"]}]},{\"@type\":\"ImageObject\",\"inLanguage\":\"hr\",\"@id\":\"https:\/\/toto.hr\/split\/hr\/o-nama\/#primaryimage\",\"url\":\"https:\/\/toto.hr\/split\/wp-content\/uploads\/sites\/3\/2020\/07\/spencer-davis-AHdHOIjJa64-unsplash-scaled.jpg\",\"contentUrl\":\"https:\/\/toto.hr\/split\/wp-content\/uploads\/sites\/3\/2020\/07\/spencer-davis-AHdHOIjJa64-unsplash-scaled.jpg\",\"width\":2560,\"height\":1600},{\"@type\":\"BreadcrumbList\",\"@id\":\"https:\/\/toto.hr\/split\/hr\/o-nama\/#breadcrumb\",\"itemListElement\":[{\"@type\":\"ListItem\",\"position\":1,\"name\":\"Home\",\"item\":\"https:\/\/toto.hr\/split\/hr\/\"},{\"@type\":\"ListItem\",\"position\":2,\"name\":\"O nama\"}]},{\"@type\":\"WebSite\",\"@id\":\"https:\/\/toto.hr\/split\/#website\",\"url\":\"https:\/\/toto.hr\/split\/\",\"name\":\"Toto Travel - Split\",\"description\":\"Boat Trip Adventures from Split Croatia\",\"publisher\":{\"@id\":\"https:\/\/toto.hr\/split\/#organization\"},\"potentialAction\":[{\"@type\":\"SearchAction\",\"target\":{\"@type\":\"EntryPoint\",\"urlTemplate\":\"https:\/\/toto.hr\/split\/?s={search_term_string}\"},\"query-input\":{\"@type\":\"PropertyValueSpecification\",\"valueRequired\":true,\"valueName\":\"search_term_string\"}}],\"inLanguage\":\"hr\"},{\"@type\":\"Organization\",\"@id\":\"https:\/\/toto.hr\/split\/#organization\",\"name\":\"Toto Travel - Boat Trips Adventures Split\",\"url\":\"https:\/\/toto.hr\/split\/\",\"logo\":{\"@type\":\"ImageObject\",\"inLanguage\":\"hr\",\"@id\":\"https:\/\/toto.hr\/split\/#\/schema\/logo\/image\/\",\"url\":\"https:\/\/toto.hr\/split\/wp-content\/uploads\/sites\/3\/2020\/07\/toto_travel_logo.jpg\",\"contentUrl\":\"https:\/\/toto.hr\/split\/wp-content\/uploads\/sites\/3\/2020\/07\/toto_travel_logo.jpg\",\"width\":410,\"height\":195,\"caption\":\"Toto Travel - Boat Trips Adventures Split\"},\"image\":{\"@id\":\"https:\/\/toto.hr\/split\/#\/schema\/logo\/image\/\"},\"sameAs\":[\"https:\/\/web.facebook.com\/Toto-Travel-Boat-Trip-Adventures-104729731249453\",\"https:\/\/www.instagram.com\/toto_travel_split\/\"]}]}<\/script>\n<!-- \/ Yoast SEO plugin. -->","yoast_head_json":{"title":"Saznajte vi\u0161e o nama \u00bb Toto Travel Split, Hrvatska","description":"Svojim klijentima pru\u017eamo najbolje iskustvo u otkrivanju ljepote Srednje Dalmacije uz grupne i prilago\u0111ene dnevne ture.","robots":{"index":"index","follow":"follow","max-snippet":"max-snippet:-1","max-image-preview":"max-image-preview:large","max-video-preview":"max-video-preview:-1"},"canonical":"https:\/\/toto.hr\/split\/hr\/o-nama\/","twitter_misc":{"Procijenjeno vrijeme \u010ditanja":"1 minuta"},"schema":{"@context":"https:\/\/schema.org","@graph":[{"@type":"WebPage","@id":"https:\/\/toto.hr\/split\/hr\/o-nama\/","url":"https:\/\/toto.hr\/split\/hr\/o-nama\/","name":"Saznajte vi\u0161e o nama \u00bb Toto Travel Split, Hrvatska","isPartOf":{"@id":"https:\/\/toto.hr\/split\/#website"},"primaryImageOfPage":{"@id":"https:\/\/toto.hr\/split\/hr\/o-nama\/#primaryimage"},"image":{"@id":"https:\/\/toto.hr\/split\/hr\/o-nama\/#primaryimage"},"thumbnailUrl":"https:\/\/toto.hr\/split\/wp-content\/uploads\/sites\/3\/2020\/07\/spencer-davis-AHdHOIjJa64-unsplash-scaled.jpg","datePublished":"2021-06-30T09:21:07+00:00","dateModified":"2024-04-12T10:08:18+00:00","description":"Svojim klijentima pru\u017eamo najbolje iskustvo u otkrivanju ljepote Srednje Dalmacije uz grupne i prilago\u0111ene dnevne ture.","breadcrumb":{"@id":"https:\/\/toto.hr\/split\/hr\/o-nama\/#breadcrumb"},"inLanguage":"hr","potentialAction":[{"@type":"ReadAction","target":["https:\/\/toto.hr\/split\/hr\/o-nama\/"]}]},{"@type":"ImageObject","inLanguage":"hr","@id":"https:\/\/toto.hr\/split\/hr\/o-nama\/#primaryimage","url":"https:\/\/toto.hr\/split\/wp-content\/uploads\/sites\/3\/2020\/07\/spencer-davis-AHdHOIjJa64-unsplash-scaled.jpg","contentUrl":"https:\/\/toto.hr\/split\/wp-content\/uploads\/sites\/3\/2020\/07\/spencer-davis-AHdHOIjJa64-unsplash-scaled.jpg","width":2560,"height":1600},{"@type":"BreadcrumbList","@id":"https:\/\/toto.hr\/split\/hr\/o-nama\/#breadcrumb","itemListElement":[{"@type":"ListItem","position":1,"name":"Home","item":"https:\/\/toto.hr\/split\/hr\/"},{"@type":"ListItem","position":2,"name":"O nama"}]},{"@type":"WebSite","@id":"https:\/\/toto.hr\/split\/#website","url":"https:\/\/toto.hr\/split\/","name":"Toto Travel - Split","description":"Boat Trip Adventures from Split Croatia","publisher":{"@id":"https:\/\/toto.hr\/split\/#organization"},"potentialAction":[{"@type":"SearchAction","target":{"@type":"EntryPoint","urlTemplate":"https:\/\/toto.hr\/split\/?s={search_term_string}"},"query-input":{"@type":"PropertyValueSpecification","valueRequired":true,"valueName":"search_term_string"}}],"inLanguage":"hr"},{"@type":"Organization","@id":"https:\/\/toto.hr\/split\/#organization","name":"Toto Travel - Boat Trips Adventures Split","url":"https:\/\/toto.hr\/split\/","logo":{"@type":"ImageObject","inLanguage":"hr","@id":"https:\/\/toto.hr\/split\/#\/schema\/logo\/image\/","url":"https:\/\/toto.hr\/split\/wp-content\/uploads\/sites\/3\/2020\/07\/toto_travel_logo.jpg","contentUrl":"https:\/\/toto.hr\/split\/wp-content\/uploads\/sites\/3\/2020\/07\/toto_travel_logo.jpg","width":410,"height":195,"caption":"Toto Travel - Boat Trips Adventures Split"},"image":{"@id":"https:\/\/toto.hr\/split\/#\/schema\/logo\/image\/"},"sameAs":["https:\/\/web.facebook.com\/Toto-Travel-Boat-Trip-Adventures-104729731249453","https:\/\/www.instagram.com\/toto_travel_split\/"]}]}},"_links":{"self":[{"href":"https:\/\/toto.hr\/split\/hr\/wp-json\/wp\/v2\/pages\/2760","targetHints":{"allow":["GET"]}}],"collection":[{"href":"https:\/\/toto.hr\/split\/hr\/wp-json\/wp\/v2\/pages"}],"about":[{"href":"https:\/\/toto.hr\/split\/hr\/wp-json\/wp\/v2\/types\/page"}],"author":[{"embeddable":true,"href":"https:\/\/toto.hr\/split\/hr\/wp-json\/wp\/v2\/users\/1"}],"replies":[{"embeddable":true,"href":"https:\/\/toto.hr\/split\/hr\/wp-json\/wp\/v2\/comments?post=2760"}],"version-history":[{"count":5,"href":"https:\/\/toto.hr\/split\/hr\/wp-json\/wp\/v2\/pages\/2760\/revisions"}],"predecessor-version":[{"id":6007,"href":"https:\/\/toto.hr\/split\/hr\/wp-json\/wp\/v2\/pages\/2760\/revisions\/6007"}],"wp:featuredmedia":[{"embeddable":true,"href":"https:\/\/toto.hr\/split\/hr\/wp-json\/wp\/v2\/media\/3587"}],"wp:attachment":[{"href":"https:\/\/toto.hr\/split\/hr\/wp-json\/wp\/v2\/media?parent=2760"}],"curies":[{"name":"wp","href":"https:\/\/api.w.org\/{rel}","templated":true}]}}