{"id":8333,"date":"2025-09-19T14:11:17","date_gmt":"2025-09-19T12:11:17","guid":{"rendered":"https:\/\/toto.hr\/split\/politique-de-confidentialite\/"},"modified":"2025-09-19T14:11:18","modified_gmt":"2025-09-19T12:11:18","slug":"politique-de-confidentialite","status":"publish","type":"page","link":"https:\/\/toto.hr\/split\/fr\/politique-de-confidentialite\/","title":{"rendered":"Politique de confidentialit\u00e9"},"content":{"rendered":"\n<section class=\"c-hero c-hero--has-overlay\"><img loading=\"lazy\" decoding=\"async\" width=\"1145\" height=\"550\" src=\"https:\/\/toto.hr\/split\/wp-content\/uploads\/sites\/3\/2025\/09\/about-us-content-1.jpg\" class=\"c-hero__background-image\" alt=\"about us content 1\" srcset=\"https:\/\/toto.hr\/split\/wp-content\/uploads\/sites\/3\/2025\/09\/about-us-content-1.jpg 1145w, https:\/\/toto.hr\/split\/wp-content\/uploads\/sites\/3\/2025\/09\/about-us-content-1-300x144.jpg 300w, https:\/\/toto.hr\/split\/wp-content\/uploads\/sites\/3\/2025\/09\/about-us-content-1-1024x492.jpg 1024w, https:\/\/toto.hr\/split\/wp-content\/uploads\/sites\/3\/2025\/09\/about-us-content-1-768x369.jpg 768w, https:\/\/toto.hr\/split\/wp-content\/uploads\/sites\/3\/2025\/09\/about-us-content-1-970x466.jpg 970w, https:\/\/toto.hr\/split\/wp-content\/uploads\/sites\/3\/2025\/09\/about-us-content-1-600x288.jpg 600w\" sizes=\"auto, (max-width: 1145px) 100vw, 1145px\"><div class=\"o-container\"><div class=\"o-row\"><div class=\"o-col-12\"><h1 class=\"c-hero__heading\">Politique de confidentialit\u00e9 de Toto Travel<\/h1><div class=\"c-hero__description\">\n<p>Toto Travel recueille certaines donn\u00e9es personnelles aupr\u00e8s de ses utilisateurs.<\/p>\n\n\n\n<p>Ce document peut \u00eatre imprim\u00e9 pour r\u00e9f\u00e9rence en utilisant la commande d&rsquo;impression dans les param\u00e8tres de n&rsquo;importe quel navigateur.<\/p>\n<\/div><\/div><\/div><\/div><\/section>\n\n<section class=\"o-container\"><div class=\"o-row u-mb-2 u-mb-4@sm\"><div class=\"o-col-10@lg u-mx-auto\"><div class=\"u-h6\">\n<h4 class=\"wp-block-heading\"><br\/><strong>Propri\u00e9taire et contr\u00f4leur des donn\u00e9es<\/strong><\/h4>\n\n\n\n<p>Agence de voyage Toto<br\/>Drifter j.d.o.o.<br\/>Trumbi\u0107eva obala 2, 21 000 Split, Croatia<br\/><strong>E-mail de contact du propri\u00e9taire :<\/strong> info@toto.hr<\/p>\n<\/div><\/div><\/div><\/section>\n\n<section class=\"o-container\"><div class=\"o-row u-mb-2 u-mb-4@sm\"><div class=\"o-col-10@lg u-mx-auto\"><div class=\"u-h6\">\n<h4 class=\"wp-block-heading\"><strong>Types de donn\u00e9es collect\u00e9es<\/strong><\/h4>\n\n\n\n<p>Parmi les types de donn\u00e9es personnelles que cette application recueille, par elle-m\u00eame ou par l&rsquo;interm\u00e9diaire de tiers, il y a : Cookies ; Donn\u00e9es d&rsquo;utilisation.<\/p>\n\n\n\n<p>Des d\u00e9tails complets sur chaque type de donn\u00e9es personnelles collect\u00e9es sont fournis dans les sections d\u00e9di\u00e9es de cette politique de confidentialit\u00e9 ou par des textes d&rsquo;explication sp\u00e9cifiques affich\u00e9s avant la collecte des donn\u00e9es.<\/p>\n\n\n\n<p>Les donn\u00e9es personnelles peuvent \u00eatre librement fournies par l&rsquo;utilisateur ou, dans le cas des donn\u00e9es d&rsquo;utilisation, collect\u00e9es automatiquement lors de l&rsquo;utilisation de cette application.<\/p>\n\n\n\n<p>Sauf indication contraire, toutes les Donn\u00e9es demand\u00e9es par cette Application sont obligatoires et le fait de ne pas les fournir peut entra\u00eener l&rsquo;impossibilit\u00e9 pour cette Application de fournir ses services. Dans les cas o\u00f9 cette Application indique sp\u00e9cifiquement que certaines Donn\u00e9es ne sont pas obligatoires, les Utilisateurs sont libres de ne pas communiquer ces Donn\u00e9es sans cons\u00e9quences sur la disponibilit\u00e9 ou le fonctionnement du Service. <\/p>\n\n\n\n<p>Les utilisateurs qui ne savent pas quelles donn\u00e9es personnelles sont obligatoires sont invit\u00e9s \u00e0 contacter le propri\u00e9taire.<\/p>\n\n\n\n<p>Toute utilisation de cookies &#8211; ou d&rsquo;autres outils de suivi &#8211; par cette application ou par les propri\u00e9taires de services tiers utilis\u00e9s par cette application a pour but de fournir le service demand\u00e9 par l&rsquo;utilisateur, en plus des autres objectifs d\u00e9crits dans le pr\u00e9sent document et dans la politique en mati\u00e8re de cookies, le cas \u00e9ch\u00e9ant.<\/p>\n\n\n\n<p>Les utilisateurs sont responsables de toutes les donn\u00e9es personnelles de tiers obtenues, publi\u00e9es ou partag\u00e9es par le biais de cette application et confirment qu&rsquo;ils ont le consentement du tiers pour fournir les donn\u00e9es au propri\u00e9taire.<\/p>\n<\/div><\/div><\/div><\/section>\n\n<section class=\"o-container\"><div class=\"o-row u-mb-2 u-mb-4@sm\"><div class=\"o-col-10@lg u-mx-auto\"><div class=\"u-h6\">\n<h4 class=\"wp-block-heading\"><strong>Mode et lieu de traitement des donn\u00e9es<\/strong><\/h4>\n\n\n\n<p><strong>M\u00e9thodes de traitement<\/strong><br\/>Le propri\u00e9taire prend des mesures de s\u00e9curit\u00e9 appropri\u00e9es pour emp\u00eacher l&rsquo;acc\u00e8s non autoris\u00e9, la divulgation, la modification ou la destruction non autoris\u00e9e des donn\u00e9es.<\/p>\n\n\n\n<p>Le traitement des donn\u00e9es est effectu\u00e9 \u00e0 l&rsquo;aide d&rsquo;ordinateurs et\/ou d&rsquo;outils informatiques, en suivant des proc\u00e9dures et des modes d&rsquo;organisation strictement li\u00e9s aux finalit\u00e9s indiqu\u00e9es. Outre le propri\u00e9taire, dans certains cas <\/p>\n<\/div><\/div><\/div><\/section>\n","protected":false},"excerpt":{"rendered":"","protected":false},"author":6,"featured_media":8325,"parent":0,"menu_order":0,"comment_status":"closed","ping_status":"closed","template":"","meta":{"_acf_changed":false,"_joinchat":[],"footnotes":""},"class_list":["post-8333","page","type-page","status-publish","has-post-thumbnail","hentry"],"acf":[],"yoast_head":"<!-- This site is optimized with the Yoast SEO plugin v25.3.1 - https:\/\/yoast.com\/wordpress\/plugins\/seo\/ -->\n<title>Politique de confidentialit\u00e9 &#187; Toto Travel - Split<\/title>\n<meta name=\"description\" content=\"Politique de confidentialit\u00e9\" \/>\n<meta name=\"robots\" content=\"index, follow, max-snippet:-1, max-image-preview:large, max-video-preview:-1\" \/>\n<link rel=\"canonical\" href=\"https:\/\/toto.hr\/split\/fr\/politique-de-confidentialite\/\" \/>\n<meta name=\"twitter:label1\" content=\"Dur\u00e9e de lecture estim\u00e9e\" \/>\n\t<meta name=\"twitter:data1\" content=\"2 minutes\" \/>\n<script type=\"application\/ld+json\" class=\"yoast-schema-graph\">{\"@context\":\"https:\/\/schema.org\",\"@graph\":[{\"@type\":\"WebPage\",\"@id\":\"https:\/\/toto.hr\/split\/fr\/politique-de-confidentialite\/\",\"url\":\"https:\/\/toto.hr\/split\/fr\/politique-de-confidentialite\/\",\"name\":\"Politique de confidentialit\u00e9 &#187; Toto Travel - Split\",\"isPartOf\":{\"@id\":\"https:\/\/toto.hr\/split\/#website\"},\"primaryImageOfPage\":{\"@id\":\"https:\/\/toto.hr\/split\/fr\/politique-de-confidentialite\/#primaryimage\"},\"image\":{\"@id\":\"https:\/\/toto.hr\/split\/fr\/politique-de-confidentialite\/#primaryimage\"},\"thumbnailUrl\":\"https:\/\/toto.hr\/split\/wp-content\/uploads\/sites\/3\/2025\/09\/about-us-content-1.jpg\",\"datePublished\":\"2025-09-19T12:11:17+00:00\",\"dateModified\":\"2025-09-19T12:11:18+00:00\",\"description\":\"Politique de confidentialit\u00e9\",\"breadcrumb\":{\"@id\":\"https:\/\/toto.hr\/split\/fr\/politique-de-confidentialite\/#breadcrumb\"},\"inLanguage\":\"fr-FR\",\"potentialAction\":[{\"@type\":\"ReadAction\",\"target\":[\"https:\/\/toto.hr\/split\/fr\/politique-de-confidentialite\/\"]}]},{\"@type\":\"ImageObject\",\"inLanguage\":\"fr-FR\",\"@id\":\"https:\/\/toto.hr\/split\/fr\/politique-de-confidentialite\/#primaryimage\",\"url\":\"https:\/\/toto.hr\/split\/wp-content\/uploads\/sites\/3\/2025\/09\/about-us-content-1.jpg\",\"contentUrl\":\"https:\/\/toto.hr\/split\/wp-content\/uploads\/sites\/3\/2025\/09\/about-us-content-1.jpg\",\"width\":1145,\"height\":550},{\"@type\":\"BreadcrumbList\",\"@id\":\"https:\/\/toto.hr\/split\/fr\/politique-de-confidentialite\/#breadcrumb\",\"itemListElement\":[{\"@type\":\"ListItem\",\"position\":1,\"name\":\"Home\",\"item\":\"https:\/\/toto.hr\/split\/fr\/\"},{\"@type\":\"ListItem\",\"position\":2,\"name\":\"Politique de confidentialit\u00e9\"}]},{\"@type\":\"WebSite\",\"@id\":\"https:\/\/toto.hr\/split\/#website\",\"url\":\"https:\/\/toto.hr\/split\/\",\"name\":\"Toto Travel - Split\",\"description\":\"Boat Trip Adventures from Split Croatia\",\"publisher\":{\"@id\":\"https:\/\/toto.hr\/split\/#organization\"},\"potentialAction\":[{\"@type\":\"SearchAction\",\"target\":{\"@type\":\"EntryPoint\",\"urlTemplate\":\"https:\/\/toto.hr\/split\/?s={search_term_string}\"},\"query-input\":{\"@type\":\"PropertyValueSpecification\",\"valueRequired\":true,\"valueName\":\"search_term_string\"}}],\"inLanguage\":\"fr-FR\"},{\"@type\":\"Organization\",\"@id\":\"https:\/\/toto.hr\/split\/#organization\",\"name\":\"Toto Travel - Boat Trips Adventures Split\",\"url\":\"https:\/\/toto.hr\/split\/\",\"logo\":{\"@type\":\"ImageObject\",\"inLanguage\":\"fr-FR\",\"@id\":\"https:\/\/toto.hr\/split\/#\/schema\/logo\/image\/\",\"url\":\"https:\/\/toto.hr\/split\/wp-content\/uploads\/sites\/3\/2020\/07\/toto_travel_logo.jpg\",\"contentUrl\":\"https:\/\/toto.hr\/split\/wp-content\/uploads\/sites\/3\/2020\/07\/toto_travel_logo.jpg\",\"width\":410,\"height\":195,\"caption\":\"Toto Travel - Boat Trips Adventures Split\"},\"image\":{\"@id\":\"https:\/\/toto.hr\/split\/#\/schema\/logo\/image\/\"},\"sameAs\":[\"https:\/\/web.facebook.com\/Toto-Travel-Boat-Trip-Adventures-104729731249453\",\"https:\/\/www.instagram.com\/toto_travel_split\/\"]}]}<\/script>\n<!-- \/ Yoast SEO plugin. -->","yoast_head_json":{"title":"Politique de confidentialit\u00e9 &#187; Toto Travel - Split","description":"Politique de confidentialit\u00e9","robots":{"index":"index","follow":"follow","max-snippet":"max-snippet:-1","max-image-preview":"max-image-preview:large","max-video-preview":"max-video-preview:-1"},"canonical":"https:\/\/toto.hr\/split\/fr\/politique-de-confidentialite\/","twitter_misc":{"Dur\u00e9e de lecture estim\u00e9e":"2 minutes"},"schema":{"@context":"https:\/\/schema.org","@graph":[{"@type":"WebPage","@id":"https:\/\/toto.hr\/split\/fr\/politique-de-confidentialite\/","url":"https:\/\/toto.hr\/split\/fr\/politique-de-confidentialite\/","name":"Politique de confidentialit\u00e9 &#187; Toto Travel - Split","isPartOf":{"@id":"https:\/\/toto.hr\/split\/#website"},"primaryImageOfPage":{"@id":"https:\/\/toto.hr\/split\/fr\/politique-de-confidentialite\/#primaryimage"},"image":{"@id":"https:\/\/toto.hr\/split\/fr\/politique-de-confidentialite\/#primaryimage"},"thumbnailUrl":"https:\/\/toto.hr\/split\/wp-content\/uploads\/sites\/3\/2025\/09\/about-us-content-1.jpg","datePublished":"2025-09-19T12:11:17+00:00","dateModified":"2025-09-19T12:11:18+00:00","description":"Politique de confidentialit\u00e9","breadcrumb":{"@id":"https:\/\/toto.hr\/split\/fr\/politique-de-confidentialite\/#breadcrumb"},"inLanguage":"fr-FR","potentialAction":[{"@type":"ReadAction","target":["https:\/\/toto.hr\/split\/fr\/politique-de-confidentialite\/"]}]},{"@type":"ImageObject","inLanguage":"fr-FR","@id":"https:\/\/toto.hr\/split\/fr\/politique-de-confidentialite\/#primaryimage","url":"https:\/\/toto.hr\/split\/wp-content\/uploads\/sites\/3\/2025\/09\/about-us-content-1.jpg","contentUrl":"https:\/\/toto.hr\/split\/wp-content\/uploads\/sites\/3\/2025\/09\/about-us-content-1.jpg","width":1145,"height":550},{"@type":"BreadcrumbList","@id":"https:\/\/toto.hr\/split\/fr\/politique-de-confidentialite\/#breadcrumb","itemListElement":[{"@type":"ListItem","position":1,"name":"Home","item":"https:\/\/toto.hr\/split\/fr\/"},{"@type":"ListItem","position":2,"name":"Politique de confidentialit\u00e9"}]},{"@type":"WebSite","@id":"https:\/\/toto.hr\/split\/#website","url":"https:\/\/toto.hr\/split\/","name":"Toto Travel - Split","description":"Boat Trip Adventures from Split Croatia","publisher":{"@id":"https:\/\/toto.hr\/split\/#organization"},"potentialAction":[{"@type":"SearchAction","target":{"@type":"EntryPoint","urlTemplate":"https:\/\/toto.hr\/split\/?s={search_term_string}"},"query-input":{"@type":"PropertyValueSpecification","valueRequired":true,"valueName":"search_term_string"}}],"inLanguage":"fr-FR"},{"@type":"Organization","@id":"https:\/\/toto.hr\/split\/#organization","name":"Toto Travel - Boat Trips Adventures Split","url":"https:\/\/toto.hr\/split\/","logo":{"@type":"ImageObject","inLanguage":"fr-FR","@id":"https:\/\/toto.hr\/split\/#\/schema\/logo\/image\/","url":"https:\/\/toto.hr\/split\/wp-content\/uploads\/sites\/3\/2020\/07\/toto_travel_logo.jpg","contentUrl":"https:\/\/toto.hr\/split\/wp-content\/uploads\/sites\/3\/2020\/07\/toto_travel_logo.jpg","width":410,"height":195,"caption":"Toto Travel - Boat Trips Adventures Split"},"image":{"@id":"https:\/\/toto.hr\/split\/#\/schema\/logo\/image\/"},"sameAs":["https:\/\/web.facebook.com\/Toto-Travel-Boat-Trip-Adventures-104729731249453","https:\/\/www.instagram.com\/toto_travel_split\/"]}]}},"_links":{"self":[{"href":"https:\/\/toto.hr\/split\/fr\/wp-json\/wp\/v2\/pages\/8333","targetHints":{"allow":["GET"]}}],"collection":[{"href":"https:\/\/toto.hr\/split\/fr\/wp-json\/wp\/v2\/pages"}],"about":[{"href":"https:\/\/toto.hr\/split\/fr\/wp-json\/wp\/v2\/types\/page"}],"author":[{"embeddable":true,"href":"https:\/\/toto.hr\/split\/fr\/wp-json\/wp\/v2\/users\/6"}],"replies":[{"embeddable":true,"href":"https:\/\/toto.hr\/split\/fr\/wp-json\/wp\/v2\/comments?post=8333"}],"version-history":[{"count":1,"href":"https:\/\/toto.hr\/split\/fr\/wp-json\/wp\/v2\/pages\/8333\/revisions"}],"predecessor-version":[{"id":8334,"href":"https:\/\/toto.hr\/split\/fr\/wp-json\/wp\/v2\/pages\/8333\/revisions\/8334"}],"wp:featuredmedia":[{"embeddable":true,"href":"https:\/\/toto.hr\/split\/fr\/wp-json\/wp\/v2\/media\/8325"}],"wp:attachment":[{"href":"https:\/\/toto.hr\/split\/fr\/wp-json\/wp\/v2\/media?parent=8333"}],"curies":[{"name":"wp","href":"https:\/\/api.w.org\/{rel}","templated":true}]}}