{"id":5609,"date":"2023-05-16T11:03:18","date_gmt":"2023-05-16T09:03:18","guid":{"rendered":"https:\/\/toto.hr\/split\/donnees-juridiques\/"},"modified":"2025-09-04T22:51:33","modified_gmt":"2025-09-04T20:51:33","slug":"donnees-juridiques","status":"publish","type":"page","link":"https:\/\/toto.hr\/split\/fr\/donnees-juridiques\/","title":{"rendered":"Donn\u00e9es juridiques"},"content":{"rendered":"\n<section class=\"c-hero c-hero--has-overlay\"><img loading=\"lazy\" decoding=\"async\" width=\"1280\" height=\"800\" src=\"https:\/\/toto.hr\/split\/wp-content\/uploads\/sites\/3\/2020\/06\/spencer-davis-AHdHOIjJa64-unsplash-1280x800.jpg\" class=\"c-hero__background-image\" alt=\"spencer davis \" srcset=\"https:\/\/toto.hr\/split\/wp-content\/uploads\/sites\/3\/2020\/06\/spencer-davis-AHdHOIjJa64-unsplash-1280x800.jpg 1280w, https:\/\/toto.hr\/split\/wp-content\/uploads\/sites\/3\/2020\/06\/spencer-davis-AHdHOIjJa64-unsplash-300x187.jpg 300w, https:\/\/toto.hr\/split\/wp-content\/uploads\/sites\/3\/2020\/06\/spencer-davis-AHdHOIjJa64-unsplash-1024x640.jpg 1024w, https:\/\/toto.hr\/split\/wp-content\/uploads\/sites\/3\/2020\/06\/spencer-davis-AHdHOIjJa64-unsplash-768x480.jpg 768w, https:\/\/toto.hr\/split\/wp-content\/uploads\/sites\/3\/2020\/06\/spencer-davis-AHdHOIjJa64-unsplash-1536x960.jpg 1536w, https:\/\/toto.hr\/split\/wp-content\/uploads\/sites\/3\/2020\/06\/spencer-davis-AHdHOIjJa64-unsplash-2048x1280.jpg 2048w, https:\/\/toto.hr\/split\/wp-content\/uploads\/sites\/3\/2020\/06\/spencer-davis-AHdHOIjJa64-unsplash-256x160.jpg 256w, https:\/\/toto.hr\/split\/wp-content\/uploads\/sites\/3\/2020\/06\/spencer-davis-AHdHOIjJa64-unsplash-336x210.jpg 336w, https:\/\/toto.hr\/split\/wp-content\/uploads\/sites\/3\/2020\/06\/spencer-davis-AHdHOIjJa64-unsplash-544x340.jpg 544w, https:\/\/toto.hr\/split\/wp-content\/uploads\/sites\/3\/2020\/06\/spencer-davis-AHdHOIjJa64-unsplash-800x500.jpg 800w, https:\/\/toto.hr\/split\/wp-content\/uploads\/sites\/3\/2020\/06\/spencer-davis-AHdHOIjJa64-unsplash-600x375.jpg 600w\" sizes=\"auto, (max-width: 1280px) 100vw, 1280px\"><div class=\"o-container\"><div class=\"o-row\"><div class=\"o-col-12\"><h1 class=\"c-hero__heading\">Donn\u00e9es juridiques<\/h1><div class=\"c-hero__description\"><\/div><\/div><\/div><\/div><\/section>\n\n<section class=\"o-container\"><div class=\"o-row u-mb-2 u-mb-4@sm\"><div class=\"o-col-10@lg u-mx-auto\"><div class=\"u-h6\">\n<h1 class=\"wp-block-heading\"><\/h1>\n\n\n\n<h2 class=\"wp-block-heading\">Informations principales<\/h2>\n\n\n\n<p><strong>NOM DE L&rsquo;ENTREPRISE <\/strong> Drifter j.d.o.o..<\/p>\n\n\n\n<p><strong>CAPITAL DE BASE <\/strong> 10,00 Kn enti\u00e8rement lib\u00e9r\u00e9<\/p>\n\n\n\n<p><strong>ADRESSE <\/strong>Trumbi\u0107eva obala 2, 21 000<br\/>Split, Croatie.<\/p>\n\n\n\n<p><strong>COURT <\/strong> Enregistr\u00e9 au tribunal de commerce de Split Tt-17\/3252-2<\/p>\n\n\n\n<p><strong>OIB <\/strong>43446457122<\/p>\n\n\n\n<p><strong>MBS <\/strong>060363225<\/p>\n\n\n\n<p><strong>PDV ID<\/strong> HR43446457122<\/p>\n\n\n\n<p><strong>AGENCY MANAGER \/ BUSINESS MANAGER<\/strong> Petra \u0160karo, branch manager<\/p>\n\n\n\n<p><strong>AUTORIT\u00c9 DE SURVEILLANCE <\/strong>Inspection d&rsquo;\u00c9tat, Inspection touristique, \u0160ubi\u0107eva 29, 10 000 Zagreb<\/p>\n\n\n\n<h2 class=\"wp-block-heading\">ERSTE&amp;STEIERM\u00c4RKISCHE BANK d.d. &#8211; Compte d&rsquo;entreprise<\/h2>\n\n\n\n<p><strong>NOM DE LA BANQUE<\/strong> ERSTE&amp;STEIERM\u00c4RKISCHE BANK d.d.<\/p>\n\n\n\n<p><strong>ADRESSE DE LA BANQUE<\/strong> JADRANSKI TRG 3a, 51000 RIJEKA, REPUBLIKA HRVATSKA<\/p>\n\n\n\n<p><strong>IBAN <\/strong>HR0224020061101018668<\/p>\n\n\n\n<p><strong>COMPTE <\/strong>HR0224020061101018668<\/p>\n\n\n\n<p><strong>SWIFT <\/strong>ESBCHR22<\/p>\n\n\n\n<p><\/p>\n\n\n\n<h2 class=\"wp-block-heading\"><strong>AVIS SUR LA M\u00c9THODE DE D\u00c9P\u00d4T D&rsquo;UNE PLAINTE \u00c9CRITE<\/strong><\/h2>\n\n\n\n<p>Conform\u00e9ment aux dispositions de l&rsquo;article 6, paragraphe 3, de la loi sur la prestation de services dans le secteur du tourisme (Journal officiel n\u00b0 130\/17, 25\/19, 98\/19, 42\/20 et 70\/21), l&rsquo;utilisateur du service est autoris\u00e9 \u00e0 pr\u00e9senter un contrat \u00e9crit dans les locaux de l&rsquo;entreprise. Il peut \u00e9galement le faire par courrier \u00e0 l&rsquo;adresse suivante Trumbi\u0107eva obala 2, 21 000 Split ou par courrier \u00e9lectronique : info@toto.hr <\/p>\n\n\n\n<p>Nous r\u00e9pondrons par \u00e9crit \u00e0 une plainte \u00e9crite dans un d\u00e9lai de 15 jours \u00e0 compter de la r\u00e9ception de la plainte.<\/p>\n\n\n\n<p><\/p>\n\n\n\n<h2 class=\"wp-block-heading\"><strong>BUREAU S\u00c9PAR\u00c9  <\/strong><\/h2>\n\n\n\n<p><strong>ADRESSE <\/strong>Trumbi\u0107eva obala 2, Split<\/p>\n\n\n\n<p><strong>MOBILE<\/strong> +385 99 757 4222<\/p>\n\n\n\n<p><strong>E-MAIL<\/strong> info@toto.hr<\/p>\n\n\n\n<p><strong>HORAIRES DE TRAVAIL<\/strong> 07:30h &#8211; 20:00h<br\/>Du lundi au dimanche  <\/p>\n<\/div><\/div><\/div><\/section>\n","protected":false},"excerpt":{"rendered":"","protected":false},"author":6,"featured_media":2917,"parent":0,"menu_order":0,"comment_status":"closed","ping_status":"closed","template":"","meta":{"_acf_changed":false,"_joinchat":[],"footnotes":""},"class_list":["post-5609","page","type-page","status-publish","has-post-thumbnail","hentry"],"acf":[],"yoast_head":"<!-- This site is optimized with the Yoast SEO plugin v25.3.1 - https:\/\/yoast.com\/wordpress\/plugins\/seo\/ -->\n<title>Donn\u00e9es juridiques &#187; Toto Travel - Split<\/title>\n<meta name=\"description\" content=\"Donn\u00e9es juridiques\" \/>\n<meta name=\"robots\" content=\"index, follow, max-snippet:-1, max-image-preview:large, max-video-preview:-1\" \/>\n<link rel=\"canonical\" href=\"https:\/\/toto.hr\/split\/fr\/donnees-juridiques\/\" \/>\n<meta name=\"twitter:label1\" content=\"Dur\u00e9e de lecture estim\u00e9e\" \/>\n\t<meta name=\"twitter:data1\" content=\"1 minute\" \/>\n<script type=\"application\/ld+json\" class=\"yoast-schema-graph\">{\"@context\":\"https:\/\/schema.org\",\"@graph\":[{\"@type\":\"WebPage\",\"@id\":\"https:\/\/toto.hr\/split\/fr\/donnees-juridiques\/\",\"url\":\"https:\/\/toto.hr\/split\/fr\/donnees-juridiques\/\",\"name\":\"Donn\u00e9es juridiques &#187; Toto Travel - Split\",\"isPartOf\":{\"@id\":\"https:\/\/toto.hr\/split\/#website\"},\"primaryImageOfPage\":{\"@id\":\"https:\/\/toto.hr\/split\/fr\/donnees-juridiques\/#primaryimage\"},\"image\":{\"@id\":\"https:\/\/toto.hr\/split\/fr\/donnees-juridiques\/#primaryimage\"},\"thumbnailUrl\":\"https:\/\/toto.hr\/split\/wp-content\/uploads\/sites\/3\/2020\/06\/spencer-davis-AHdHOIjJa64-unsplash-scaled.jpg\",\"datePublished\":\"2023-05-16T09:03:18+00:00\",\"dateModified\":\"2025-09-04T20:51:33+00:00\",\"description\":\"Donn\u00e9es juridiques\",\"breadcrumb\":{\"@id\":\"https:\/\/toto.hr\/split\/fr\/donnees-juridiques\/#breadcrumb\"},\"inLanguage\":\"fr-FR\",\"potentialAction\":[{\"@type\":\"ReadAction\",\"target\":[\"https:\/\/toto.hr\/split\/fr\/donnees-juridiques\/\"]}]},{\"@type\":\"ImageObject\",\"inLanguage\":\"fr-FR\",\"@id\":\"https:\/\/toto.hr\/split\/fr\/donnees-juridiques\/#primaryimage\",\"url\":\"https:\/\/toto.hr\/split\/wp-content\/uploads\/sites\/3\/2020\/06\/spencer-davis-AHdHOIjJa64-unsplash-scaled.jpg\",\"contentUrl\":\"https:\/\/toto.hr\/split\/wp-content\/uploads\/sites\/3\/2020\/06\/spencer-davis-AHdHOIjJa64-unsplash-scaled.jpg\",\"width\":2560,\"height\":1600},{\"@type\":\"BreadcrumbList\",\"@id\":\"https:\/\/toto.hr\/split\/fr\/donnees-juridiques\/#breadcrumb\",\"itemListElement\":[{\"@type\":\"ListItem\",\"position\":1,\"name\":\"Accueil\",\"item\":\"https:\/\/toto.hr\/split\/fr\/\"},{\"@type\":\"ListItem\",\"position\":2,\"name\":\"Donn\u00e9es juridiques\"}]},{\"@type\":\"WebSite\",\"@id\":\"https:\/\/toto.hr\/split\/#website\",\"url\":\"https:\/\/toto.hr\/split\/\",\"name\":\"Toto Travel - Split\",\"description\":\"Boat Trip Adventures from Split Croatia\",\"publisher\":{\"@id\":\"https:\/\/toto.hr\/split\/#organization\"},\"potentialAction\":[{\"@type\":\"SearchAction\",\"target\":{\"@type\":\"EntryPoint\",\"urlTemplate\":\"https:\/\/toto.hr\/split\/?s={search_term_string}\"},\"query-input\":{\"@type\":\"PropertyValueSpecification\",\"valueRequired\":true,\"valueName\":\"search_term_string\"}}],\"inLanguage\":\"fr-FR\"},{\"@type\":\"Organization\",\"@id\":\"https:\/\/toto.hr\/split\/#organization\",\"name\":\"Toto Travel - Boat Trips Adventures Split\",\"url\":\"https:\/\/toto.hr\/split\/\",\"logo\":{\"@type\":\"ImageObject\",\"inLanguage\":\"fr-FR\",\"@id\":\"https:\/\/toto.hr\/split\/#\/schema\/logo\/image\/\",\"url\":\"https:\/\/toto.hr\/split\/wp-content\/uploads\/sites\/3\/2020\/07\/toto_travel_logo.jpg\",\"contentUrl\":\"https:\/\/toto.hr\/split\/wp-content\/uploads\/sites\/3\/2020\/07\/toto_travel_logo.jpg\",\"width\":410,\"height\":195,\"caption\":\"Toto Travel - Boat Trips Adventures Split\"},\"image\":{\"@id\":\"https:\/\/toto.hr\/split\/#\/schema\/logo\/image\/\"},\"sameAs\":[\"https:\/\/web.facebook.com\/Toto-Travel-Boat-Trip-Adventures-104729731249453\",\"https:\/\/www.instagram.com\/toto_travel_split\/\"]}]}<\/script>\n<!-- \/ Yoast SEO plugin. -->","yoast_head_json":{"title":"Donn\u00e9es juridiques &#187; Toto Travel - Split","description":"Donn\u00e9es juridiques","robots":{"index":"index","follow":"follow","max-snippet":"max-snippet:-1","max-image-preview":"max-image-preview:large","max-video-preview":"max-video-preview:-1"},"canonical":"https:\/\/toto.hr\/split\/fr\/donnees-juridiques\/","twitter_misc":{"Dur\u00e9e de lecture estim\u00e9e":"1 minute"},"schema":{"@context":"https:\/\/schema.org","@graph":[{"@type":"WebPage","@id":"https:\/\/toto.hr\/split\/fr\/donnees-juridiques\/","url":"https:\/\/toto.hr\/split\/fr\/donnees-juridiques\/","name":"Donn\u00e9es juridiques &#187; Toto Travel - Split","isPartOf":{"@id":"https:\/\/toto.hr\/split\/#website"},"primaryImageOfPage":{"@id":"https:\/\/toto.hr\/split\/fr\/donnees-juridiques\/#primaryimage"},"image":{"@id":"https:\/\/toto.hr\/split\/fr\/donnees-juridiques\/#primaryimage"},"thumbnailUrl":"https:\/\/toto.hr\/split\/wp-content\/uploads\/sites\/3\/2020\/06\/spencer-davis-AHdHOIjJa64-unsplash-scaled.jpg","datePublished":"2023-05-16T09:03:18+00:00","dateModified":"2025-09-04T20:51:33+00:00","description":"Donn\u00e9es juridiques","breadcrumb":{"@id":"https:\/\/toto.hr\/split\/fr\/donnees-juridiques\/#breadcrumb"},"inLanguage":"fr-FR","potentialAction":[{"@type":"ReadAction","target":["https:\/\/toto.hr\/split\/fr\/donnees-juridiques\/"]}]},{"@type":"ImageObject","inLanguage":"fr-FR","@id":"https:\/\/toto.hr\/split\/fr\/donnees-juridiques\/#primaryimage","url":"https:\/\/toto.hr\/split\/wp-content\/uploads\/sites\/3\/2020\/06\/spencer-davis-AHdHOIjJa64-unsplash-scaled.jpg","contentUrl":"https:\/\/toto.hr\/split\/wp-content\/uploads\/sites\/3\/2020\/06\/spencer-davis-AHdHOIjJa64-unsplash-scaled.jpg","width":2560,"height":1600},{"@type":"BreadcrumbList","@id":"https:\/\/toto.hr\/split\/fr\/donnees-juridiques\/#breadcrumb","itemListElement":[{"@type":"ListItem","position":1,"name":"Accueil","item":"https:\/\/toto.hr\/split\/fr\/"},{"@type":"ListItem","position":2,"name":"Donn\u00e9es juridiques"}]},{"@type":"WebSite","@id":"https:\/\/toto.hr\/split\/#website","url":"https:\/\/toto.hr\/split\/","name":"Toto Travel - Split","description":"Boat Trip Adventures from Split Croatia","publisher":{"@id":"https:\/\/toto.hr\/split\/#organization"},"potentialAction":[{"@type":"SearchAction","target":{"@type":"EntryPoint","urlTemplate":"https:\/\/toto.hr\/split\/?s={search_term_string}"},"query-input":{"@type":"PropertyValueSpecification","valueRequired":true,"valueName":"search_term_string"}}],"inLanguage":"fr-FR"},{"@type":"Organization","@id":"https:\/\/toto.hr\/split\/#organization","name":"Toto Travel - Boat Trips Adventures Split","url":"https:\/\/toto.hr\/split\/","logo":{"@type":"ImageObject","inLanguage":"fr-FR","@id":"https:\/\/toto.hr\/split\/#\/schema\/logo\/image\/","url":"https:\/\/toto.hr\/split\/wp-content\/uploads\/sites\/3\/2020\/07\/toto_travel_logo.jpg","contentUrl":"https:\/\/toto.hr\/split\/wp-content\/uploads\/sites\/3\/2020\/07\/toto_travel_logo.jpg","width":410,"height":195,"caption":"Toto Travel - Boat Trips Adventures Split"},"image":{"@id":"https:\/\/toto.hr\/split\/#\/schema\/logo\/image\/"},"sameAs":["https:\/\/web.facebook.com\/Toto-Travel-Boat-Trip-Adventures-104729731249453","https:\/\/www.instagram.com\/toto_travel_split\/"]}]}},"_links":{"self":[{"href":"https:\/\/toto.hr\/split\/fr\/wp-json\/wp\/v2\/pages\/5609","targetHints":{"allow":["GET"]}}],"collection":[{"href":"https:\/\/toto.hr\/split\/fr\/wp-json\/wp\/v2\/pages"}],"about":[{"href":"https:\/\/toto.hr\/split\/fr\/wp-json\/wp\/v2\/types\/page"}],"author":[{"embeddable":true,"href":"https:\/\/toto.hr\/split\/fr\/wp-json\/wp\/v2\/users\/6"}],"replies":[{"embeddable":true,"href":"https:\/\/toto.hr\/split\/fr\/wp-json\/wp\/v2\/comments?post=5609"}],"version-history":[{"count":10,"href":"https:\/\/toto.hr\/split\/fr\/wp-json\/wp\/v2\/pages\/5609\/revisions"}],"predecessor-version":[{"id":8241,"href":"https:\/\/toto.hr\/split\/fr\/wp-json\/wp\/v2\/pages\/5609\/revisions\/8241"}],"wp:featuredmedia":[{"embeddable":true,"href":"https:\/\/toto.hr\/split\/fr\/wp-json\/wp\/v2\/media\/2917"}],"wp:attachment":[{"href":"https:\/\/toto.hr\/split\/fr\/wp-json\/wp\/v2\/media?parent=5609"}],"curies":[{"name":"wp","href":"https:\/\/api.w.org\/{rel}","templated":true}]}}