{"id":1753,"date":"2021-05-22T18:14:41","date_gmt":"2021-05-22T16:14:41","guid":{"rendered":"https:\/\/toto.hr\/split\/a-propos-de-nous\/"},"modified":"2024-04-12T12:08:19","modified_gmt":"2024-04-12T10:08:19","slug":"a-propos-de-nous","status":"publish","type":"page","link":"https:\/\/toto.hr\/split\/fr\/a-propos-de-nous\/","title":{"rendered":"A propos de nous"},"content":{"rendered":"\n<section class=\"c-hero c-hero--has-overlay\"><img loading=\"lazy\" decoding=\"async\" width=\"1280\" height=\"800\" src=\"https:\/\/toto.hr\/split\/wp-content\/uploads\/sites\/3\/2020\/07\/spencer-davis-AHdHOIjJa64-unsplash-1280x800.jpg\" class=\"c-hero__background-image\" alt=\"spencer davis \" srcset=\"https:\/\/toto.hr\/split\/wp-content\/uploads\/sites\/3\/2020\/07\/spencer-davis-AHdHOIjJa64-unsplash-1280x800.jpg 1280w, https:\/\/toto.hr\/split\/wp-content\/uploads\/sites\/3\/2020\/07\/spencer-davis-AHdHOIjJa64-unsplash-300x187.jpg 300w, https:\/\/toto.hr\/split\/wp-content\/uploads\/sites\/3\/2020\/07\/spencer-davis-AHdHOIjJa64-unsplash-1024x640.jpg 1024w, https:\/\/toto.hr\/split\/wp-content\/uploads\/sites\/3\/2020\/07\/spencer-davis-AHdHOIjJa64-unsplash-768x480.jpg 768w, https:\/\/toto.hr\/split\/wp-content\/uploads\/sites\/3\/2020\/07\/spencer-davis-AHdHOIjJa64-unsplash-1536x960.jpg 1536w, https:\/\/toto.hr\/split\/wp-content\/uploads\/sites\/3\/2020\/07\/spencer-davis-AHdHOIjJa64-unsplash-2048x1280.jpg 2048w, https:\/\/toto.hr\/split\/wp-content\/uploads\/sites\/3\/2020\/07\/spencer-davis-AHdHOIjJa64-unsplash-800x500.jpg 800w\" sizes=\"auto, (max-width: 1280px) 100vw, 1280px\"><div class=\"o-container\"><div class=\"o-row\"><div class=\"o-col-12\"><h1 class=\"c-hero__heading\">Toto Travel Split<\/h1><div class=\"c-hero__description\">\n<p>D\u00e9couvrez avec nous la beaut\u00e9 des \u00eeles et des parcs nationaux de Dalmatie.<\/p>\n<\/div><\/div><\/div><\/div><\/section>\n\n<section class=\"wp-block-toto-outline o-container u-pt-2 u-pt-4@md\"><div class=\"o-row u-mb-4@md\"><div class=\"o-col-6@sm o-col-4@md u-mb-2\"><div class=\"u-h2 u-text-secondary-endeavour u-mb-1\"><svg class=\"o-icon\"><use xmlns:xlink=\"http:\/\/www.w3.org\/1999\/xlink\" xlink:href=\"https:\/\/toto.hr\/split\/wp-content\/themes\/toto\/assets\/sprite\/icons.svg#icon-person\"><\/use><\/svg><\/div><h3 class=\"u-h5 u-text-gray-300 u-mb-1\"><strong classname=\"u-text-secondary-endeavour\">130<\/strong><strong classname=\"u-text-secondary-endeavour\">738<\/strong> voyageurs heureux<\/h3><p class=\"u-text-md\">Partons ensemble \u00e0 la d\u00e9couverte de la Dalmatie &#8230;<\/p><\/div><div class=\"o-col-6@sm o-col-4@md u-mb-2\"><div class=\"u-h2 u-text-secondary-endeavour u-mb-1\"><svg class=\"o-icon\"><use xmlns:xlink=\"http:\/\/www.w3.org\/1999\/xlink\" xlink:href=\"https:\/\/toto.hr\/split\/wp-content\/themes\/toto\/assets\/sprite\/icons.svg#icon-sailing-boat\"><\/use><\/svg><\/div><h3 class=\"u-h5 u-text-gray-300 u-mb-1\"><strong classname=\"u-text-secondary-endeavour\">178<\/strong><strong classname=\"u-text-secondary-endeavour\">,500<\/strong> miles<\/h3><p class=\"u-text-md\">Rejoignez-nous et souvenez-vous de la Dalmatie pour toujours !<\/p><\/div><div class=\"o-col-6@sm o-col-4@md u-mb-2\"><div class=\"u-h2 u-text-secondary-endeavour u-mb-1\"><svg class=\"o-icon\"><use xmlns:xlink=\"http:\/\/www.w3.org\/1999\/xlink\" xlink:href=\"https:\/\/toto.hr\/split\/wp-content\/themes\/toto\/assets\/sprite\/icons.svg#icon-beach\"><\/use><\/svg><\/div><h3 class=\"u-h5 u-text-gray-300 u-mb-1\"><strong classname=\"u-text-secondary-endeavour\">187<\/strong> jours de fonctionnement<\/h3><p class=\"u-text-md\">Toujours l\u00e0 pour vous !<\/p><\/div><\/div><\/section>\n\n<section class=\"o-container\"><div class=\"o-row\"><div class=\"o-col-12\"><h3 class=\"u-h3\">Qui est Toto Travel ?<\/h3><\/div><\/div><div class=\"o-row u-mb-2 u-mb-6@md\">\n<section class=\"o-col-6@md\">\n<p>L&rsquo;agence Toto Travel dispose de la plus grande flotte de bateaux situ\u00e9e \u00e0 Split, disponible pour des visites quotidiennes en groupe ou sur mesure. Avec l&rsquo;aide de notre jeune \u00e9quipe de professionnels, nous voulons offrir \u00e0 nos clients la meilleure exp\u00e9rience pour d\u00e9couvrir la beaut\u00e9 des villes et des \u00eeles dalmates.<\/p>\n<\/section>\n\n\n\n<section class=\"o-col-6@md\">\n<p>Nous avons eu le plaisir de faciliter la vie de plus de 150 000 voyageurs satisfaits au cours des six derni\u00e8res ann\u00e9es gr\u00e2ce \u00e0 nos visites en bateau et \u00e0 nos excursions quotidiennes dans des parcs nationaux comme Krka et Plitvice.<\/p>\n<\/section>\n<\/div><div class=\"o-row u-mb-4\"><div class=\"o-col-12\"><img decoding=\"async\" src=\"https:\/\/toto.hr\/split\/wp-content\/uploads\/sites\/3\/2020\/06\/about-us-content-1.jpg\" class=\"u-rounded-lg\" data-attachemnt_id=\"120\" data-size=\"large\"\/><\/div><\/div><\/section>\n\n<section class=\"o-container u-pt-2 u-pt-4@md\"><div class=\"o-row\"><div class=\"o-col-12\"><h3 class=\"u-h3 u-mb-2 u-mb-4@md\">Pourquoi Toto Travel ?<\/h3><\/div><\/div><div class=\"o-row u-mb-6@md\">\n<section class=\"o-col-6@sm o-col-4@lg u-mb-2\"><div class=\"u-h2 u-text-secondary-endeavour u-mb-1\"><svg class=\"o-icon\"><use xmlns:xlink=\"http:\/\/www.w3.org\/1999\/xlink\" xlink:href=\"https:\/\/toto.hr\/split\/wp-content\/themes\/toto\/assets\/sprite\/icons.svg#icon-life-belt\"><\/use><\/svg><\/div><h3 class=\"u-text-md\">La s\u00e9curit\u00e9 avant tout<\/h3>\n<ul class=\"wp-block-toto-specifications-column-list c-list\"><li>Nous avons l&rsquo;exp\u00e9rience de la navigation dans toutes les conditions m\u00e9t\u00e9orologiques.<\/li><li>Bateaux r\u00e9guli\u00e8rement entretenus<\/li><li>Nous sommes toujours \u00e0 jour avec toutes les proc\u00e9dures de s\u00e9curit\u00e9 et les \u00e9quipements sur nos bateaux.<\/li><\/ul>\n\n\n\n<p><\/p>\n<\/section>\n\n\n\n<section class=\"o-col-6@sm o-col-4@lg u-mb-2\"><div class=\"u-h2 u-text-secondary-endeavour u-mb-1\"><svg class=\"o-icon\"><use xmlns:xlink=\"http:\/\/www.w3.org\/1999\/xlink\" xlink:href=\"https:\/\/toto.hr\/split\/wp-content\/themes\/toto\/assets\/sprite\/icons.svg#icon-flag\"><\/use><\/svg><\/div><h3 class=\"u-text-md\">Personnel exp\u00e9riment\u00e9<\/h3>\n<ul class=\"wp-block-toto-specifications-column-list c-list\"><li>Tout notre personnel est multilingue<\/li><li>Les skippers ont un minimum de 5 ans d&rsquo;exp\u00e9rience locale.<\/li><li>Chaque membre de notre \u00e9quipe a une connaissance approfondie de la r\u00e9gion.<\/li><\/ul>\n\n\n\n<p><\/p>\n<\/section>\n\n\n\n<section class=\"o-col-6@sm o-col-4@lg u-mb-2\"><div class=\"u-h2 u-text-secondary-endeavour u-mb-1\"><svg class=\"o-icon\"><use xmlns:xlink=\"http:\/\/www.w3.org\/1999\/xlink\" xlink:href=\"https:\/\/toto.hr\/split\/wp-content\/themes\/toto\/assets\/sprite\/icons.svg#icon-office\"><\/use><\/svg><\/div><h3 class=\"u-text-md\">Bureau dans le centre ville<\/h3>\n<ul class=\"wp-block-toto-specifications-column-list c-list\"><li>Nous ne sommes pas virtuels, nous aimerions vous rencontrer autour d&rsquo;une tasse de caf\u00e9 frais dans notre bureau Riva \u00e0 Split.<\/li><li>Venez nous rendre visite si vous passez par l\u00e0 et si vous avez besoin de plus d&rsquo;informations.<\/li><\/ul>\n\n\n\n<p><\/p>\n<\/section>\n\n\n\n<section class=\"o-col-6@sm o-col-4@lg u-mb-2\"><div class=\"u-h2 u-text-secondary-endeavour u-mb-1\"><svg class=\"o-icon\"><use xmlns:xlink=\"http:\/\/www.w3.org\/1999\/xlink\" xlink:href=\"https:\/\/toto.hr\/split\/wp-content\/themes\/toto\/assets\/sprite\/icons.svg#icon-compass\"><\/use><\/svg><\/div><h3 class=\"u-text-md\">La plus grande agence de voyage de Split<\/h3>\n<ul class=\"wp-block-toto-specifications-column-list c-list\"><li>Nous disposons de la plus grande flotte et du plus grand nombre de circuits organis\u00e9s.<\/li><\/ul>\n<\/section>\n\n\n\n<section class=\"o-col-6@sm o-col-4@lg u-mb-2\"><div class=\"u-h2 u-text-secondary-endeavour u-mb-1\"><svg class=\"o-icon\"><use xmlns:xlink=\"http:\/\/www.w3.org\/1999\/xlink\" xlink:href=\"https:\/\/toto.hr\/split\/wp-content\/themes\/toto\/assets\/sprite\/icons.svg#icon-location\"><\/use><\/svg><\/div><h3 class=\"u-text-md\">Circuits sur mesure<\/h3>\n<ul class=\"wp-block-toto-specifications-column-list c-list\"><li>Vous avez une vision de votre voyage id\u00e9al et vous avez besoin d&rsquo;un partenaire local pour vous aider \u00e0 le r\u00e9aliser ? Contactez-nous pour discuter de votre propre circuit sur mesure !<\/li><\/ul>\n<\/section>\n<\/div><\/section>\n","protected":false},"excerpt":{"rendered":"","protected":false},"author":1,"featured_media":3588,"parent":0,"menu_order":0,"comment_status":"closed","ping_status":"closed","template":"","meta":{"_acf_changed":false,"_joinchat":[],"footnotes":""},"class_list":["post-1753","page","type-page","status-publish","has-post-thumbnail","hentry"],"acf":[],"yoast_head":"<!-- This site is optimized with the Yoast SEO plugin v25.3.1 - https:\/\/yoast.com\/wordpress\/plugins\/seo\/ -->\n<title>En savoir plus sur nous &quot; Toto Travel Split, Croatie<\/title>\n<meta name=\"description\" content=\"Nous offrons \u00e0 nos clients la meilleure exp\u00e9rience de d\u00e9couverte de la beaut\u00e9 de la Dalmatie centrale gr\u00e2ce \u00e0 des circuits quotidiens en groupe ou sur mesure.\" \/>\n<meta name=\"robots\" content=\"index, follow, max-snippet:-1, max-image-preview:large, max-video-preview:-1\" \/>\n<link rel=\"canonical\" href=\"https:\/\/toto.hr\/split\/fr\/a-propos-de-nous\/\" \/>\n<meta name=\"twitter:label1\" content=\"Dur\u00e9e de lecture estim\u00e9e\" \/>\n\t<meta name=\"twitter:data1\" content=\"2 minutes\" \/>\n<script type=\"application\/ld+json\" class=\"yoast-schema-graph\">{\"@context\":\"https:\/\/schema.org\",\"@graph\":[{\"@type\":\"WebPage\",\"@id\":\"https:\/\/toto.hr\/split\/fr\/a-propos-de-nous\/\",\"url\":\"https:\/\/toto.hr\/split\/fr\/a-propos-de-nous\/\",\"name\":\"En savoir plus sur nous \\\" Toto Travel Split, Croatie\",\"isPartOf\":{\"@id\":\"https:\/\/toto.hr\/split\/#website\"},\"primaryImageOfPage\":{\"@id\":\"https:\/\/toto.hr\/split\/fr\/a-propos-de-nous\/#primaryimage\"},\"image\":{\"@id\":\"https:\/\/toto.hr\/split\/fr\/a-propos-de-nous\/#primaryimage\"},\"thumbnailUrl\":\"https:\/\/toto.hr\/split\/wp-content\/uploads\/sites\/3\/2020\/07\/spencer-davis-AHdHOIjJa64-unsplash-scaled.jpg\",\"datePublished\":\"2021-05-22T16:14:41+00:00\",\"dateModified\":\"2024-04-12T10:08:19+00:00\",\"description\":\"Nous offrons \u00e0 nos clients la meilleure exp\u00e9rience de d\u00e9couverte de la beaut\u00e9 de la Dalmatie centrale gr\u00e2ce \u00e0 des circuits quotidiens en groupe ou sur mesure.\",\"breadcrumb\":{\"@id\":\"https:\/\/toto.hr\/split\/fr\/a-propos-de-nous\/#breadcrumb\"},\"inLanguage\":\"fr-FR\",\"potentialAction\":[{\"@type\":\"ReadAction\",\"target\":[\"https:\/\/toto.hr\/split\/fr\/a-propos-de-nous\/\"]}]},{\"@type\":\"ImageObject\",\"inLanguage\":\"fr-FR\",\"@id\":\"https:\/\/toto.hr\/split\/fr\/a-propos-de-nous\/#primaryimage\",\"url\":\"https:\/\/toto.hr\/split\/wp-content\/uploads\/sites\/3\/2020\/07\/spencer-davis-AHdHOIjJa64-unsplash-scaled.jpg\",\"contentUrl\":\"https:\/\/toto.hr\/split\/wp-content\/uploads\/sites\/3\/2020\/07\/spencer-davis-AHdHOIjJa64-unsplash-scaled.jpg\",\"width\":2560,\"height\":1600},{\"@type\":\"BreadcrumbList\",\"@id\":\"https:\/\/toto.hr\/split\/fr\/a-propos-de-nous\/#breadcrumb\",\"itemListElement\":[{\"@type\":\"ListItem\",\"position\":1,\"name\":\"Home\",\"item\":\"https:\/\/toto.hr\/split\/fr\/\"},{\"@type\":\"ListItem\",\"position\":2,\"name\":\"A propos de nous\"}]},{\"@type\":\"WebSite\",\"@id\":\"https:\/\/toto.hr\/split\/#website\",\"url\":\"https:\/\/toto.hr\/split\/\",\"name\":\"Toto Travel - Split\",\"description\":\"Boat Trip Adventures from Split Croatia\",\"publisher\":{\"@id\":\"https:\/\/toto.hr\/split\/#organization\"},\"potentialAction\":[{\"@type\":\"SearchAction\",\"target\":{\"@type\":\"EntryPoint\",\"urlTemplate\":\"https:\/\/toto.hr\/split\/?s={search_term_string}\"},\"query-input\":{\"@type\":\"PropertyValueSpecification\",\"valueRequired\":true,\"valueName\":\"search_term_string\"}}],\"inLanguage\":\"fr-FR\"},{\"@type\":\"Organization\",\"@id\":\"https:\/\/toto.hr\/split\/#organization\",\"name\":\"Toto Travel - Boat Trips Adventures Split\",\"url\":\"https:\/\/toto.hr\/split\/\",\"logo\":{\"@type\":\"ImageObject\",\"inLanguage\":\"fr-FR\",\"@id\":\"https:\/\/toto.hr\/split\/#\/schema\/logo\/image\/\",\"url\":\"https:\/\/toto.hr\/split\/wp-content\/uploads\/sites\/3\/2020\/07\/toto_travel_logo.jpg\",\"contentUrl\":\"https:\/\/toto.hr\/split\/wp-content\/uploads\/sites\/3\/2020\/07\/toto_travel_logo.jpg\",\"width\":410,\"height\":195,\"caption\":\"Toto Travel - Boat Trips Adventures Split\"},\"image\":{\"@id\":\"https:\/\/toto.hr\/split\/#\/schema\/logo\/image\/\"},\"sameAs\":[\"https:\/\/web.facebook.com\/Toto-Travel-Boat-Trip-Adventures-104729731249453\",\"https:\/\/www.instagram.com\/toto_travel_split\/\"]}]}<\/script>\n<!-- \/ Yoast SEO plugin. -->","yoast_head_json":{"title":"En savoir plus sur nous \" Toto Travel Split, Croatie","description":"Nous offrons \u00e0 nos clients la meilleure exp\u00e9rience de d\u00e9couverte de la beaut\u00e9 de la Dalmatie centrale gr\u00e2ce \u00e0 des circuits quotidiens en groupe ou sur mesure.","robots":{"index":"index","follow":"follow","max-snippet":"max-snippet:-1","max-image-preview":"max-image-preview:large","max-video-preview":"max-video-preview:-1"},"canonical":"https:\/\/toto.hr\/split\/fr\/a-propos-de-nous\/","twitter_misc":{"Dur\u00e9e de lecture estim\u00e9e":"2 minutes"},"schema":{"@context":"https:\/\/schema.org","@graph":[{"@type":"WebPage","@id":"https:\/\/toto.hr\/split\/fr\/a-propos-de-nous\/","url":"https:\/\/toto.hr\/split\/fr\/a-propos-de-nous\/","name":"En savoir plus sur nous \" Toto Travel Split, Croatie","isPartOf":{"@id":"https:\/\/toto.hr\/split\/#website"},"primaryImageOfPage":{"@id":"https:\/\/toto.hr\/split\/fr\/a-propos-de-nous\/#primaryimage"},"image":{"@id":"https:\/\/toto.hr\/split\/fr\/a-propos-de-nous\/#primaryimage"},"thumbnailUrl":"https:\/\/toto.hr\/split\/wp-content\/uploads\/sites\/3\/2020\/07\/spencer-davis-AHdHOIjJa64-unsplash-scaled.jpg","datePublished":"2021-05-22T16:14:41+00:00","dateModified":"2024-04-12T10:08:19+00:00","description":"Nous offrons \u00e0 nos clients la meilleure exp\u00e9rience de d\u00e9couverte de la beaut\u00e9 de la Dalmatie centrale gr\u00e2ce \u00e0 des circuits quotidiens en groupe ou sur mesure.","breadcrumb":{"@id":"https:\/\/toto.hr\/split\/fr\/a-propos-de-nous\/#breadcrumb"},"inLanguage":"fr-FR","potentialAction":[{"@type":"ReadAction","target":["https:\/\/toto.hr\/split\/fr\/a-propos-de-nous\/"]}]},{"@type":"ImageObject","inLanguage":"fr-FR","@id":"https:\/\/toto.hr\/split\/fr\/a-propos-de-nous\/#primaryimage","url":"https:\/\/toto.hr\/split\/wp-content\/uploads\/sites\/3\/2020\/07\/spencer-davis-AHdHOIjJa64-unsplash-scaled.jpg","contentUrl":"https:\/\/toto.hr\/split\/wp-content\/uploads\/sites\/3\/2020\/07\/spencer-davis-AHdHOIjJa64-unsplash-scaled.jpg","width":2560,"height":1600},{"@type":"BreadcrumbList","@id":"https:\/\/toto.hr\/split\/fr\/a-propos-de-nous\/#breadcrumb","itemListElement":[{"@type":"ListItem","position":1,"name":"Home","item":"https:\/\/toto.hr\/split\/fr\/"},{"@type":"ListItem","position":2,"name":"A propos de nous"}]},{"@type":"WebSite","@id":"https:\/\/toto.hr\/split\/#website","url":"https:\/\/toto.hr\/split\/","name":"Toto Travel - Split","description":"Boat Trip Adventures from Split Croatia","publisher":{"@id":"https:\/\/toto.hr\/split\/#organization"},"potentialAction":[{"@type":"SearchAction","target":{"@type":"EntryPoint","urlTemplate":"https:\/\/toto.hr\/split\/?s={search_term_string}"},"query-input":{"@type":"PropertyValueSpecification","valueRequired":true,"valueName":"search_term_string"}}],"inLanguage":"fr-FR"},{"@type":"Organization","@id":"https:\/\/toto.hr\/split\/#organization","name":"Toto Travel - Boat Trips Adventures Split","url":"https:\/\/toto.hr\/split\/","logo":{"@type":"ImageObject","inLanguage":"fr-FR","@id":"https:\/\/toto.hr\/split\/#\/schema\/logo\/image\/","url":"https:\/\/toto.hr\/split\/wp-content\/uploads\/sites\/3\/2020\/07\/toto_travel_logo.jpg","contentUrl":"https:\/\/toto.hr\/split\/wp-content\/uploads\/sites\/3\/2020\/07\/toto_travel_logo.jpg","width":410,"height":195,"caption":"Toto Travel - Boat Trips Adventures Split"},"image":{"@id":"https:\/\/toto.hr\/split\/#\/schema\/logo\/image\/"},"sameAs":["https:\/\/web.facebook.com\/Toto-Travel-Boat-Trip-Adventures-104729731249453","https:\/\/www.instagram.com\/toto_travel_split\/"]}]}},"_links":{"self":[{"href":"https:\/\/toto.hr\/split\/fr\/wp-json\/wp\/v2\/pages\/1753","targetHints":{"allow":["GET"]}}],"collection":[{"href":"https:\/\/toto.hr\/split\/fr\/wp-json\/wp\/v2\/pages"}],"about":[{"href":"https:\/\/toto.hr\/split\/fr\/wp-json\/wp\/v2\/types\/page"}],"author":[{"embeddable":true,"href":"https:\/\/toto.hr\/split\/fr\/wp-json\/wp\/v2\/users\/1"}],"replies":[{"embeddable":true,"href":"https:\/\/toto.hr\/split\/fr\/wp-json\/wp\/v2\/comments?post=1753"}],"version-history":[{"count":3,"href":"https:\/\/toto.hr\/split\/fr\/wp-json\/wp\/v2\/pages\/1753\/revisions"}],"predecessor-version":[{"id":6008,"href":"https:\/\/toto.hr\/split\/fr\/wp-json\/wp\/v2\/pages\/1753\/revisions\/6008"}],"wp:featuredmedia":[{"embeddable":true,"href":"https:\/\/toto.hr\/split\/fr\/wp-json\/wp\/v2\/media\/3588"}],"wp:attachment":[{"href":"https:\/\/toto.hr\/split\/fr\/wp-json\/wp\/v2\/media?parent=1753"}],"curies":[{"name":"wp","href":"https:\/\/api.w.org\/{rel}","templated":true}]}}