{"id":8338,"date":"2025-09-19T14:11:20","date_gmt":"2025-09-19T12:11:20","guid":{"rendered":"https:\/\/toto.hr\/split\/datenschutzbestimmungen\/"},"modified":"2025-09-19T14:11:21","modified_gmt":"2025-09-19T12:11:21","slug":"datenschutzbestimmungen","status":"publish","type":"page","link":"https:\/\/toto.hr\/split\/de\/datenschutzbestimmungen\/","title":{"rendered":"Datenschutzbestimmungen"},"content":{"rendered":"\n<section class=\"c-hero c-hero--has-overlay\"><img loading=\"lazy\" decoding=\"async\" width=\"1145\" height=\"550\" src=\"https:\/\/toto.hr\/split\/wp-content\/uploads\/sites\/3\/2025\/09\/about-us-content-1.jpg\" class=\"c-hero__background-image\" alt=\"about us content 1\" srcset=\"https:\/\/toto.hr\/split\/wp-content\/uploads\/sites\/3\/2025\/09\/about-us-content-1.jpg 1145w, https:\/\/toto.hr\/split\/wp-content\/uploads\/sites\/3\/2025\/09\/about-us-content-1-300x144.jpg 300w, https:\/\/toto.hr\/split\/wp-content\/uploads\/sites\/3\/2025\/09\/about-us-content-1-1024x492.jpg 1024w, https:\/\/toto.hr\/split\/wp-content\/uploads\/sites\/3\/2025\/09\/about-us-content-1-768x369.jpg 768w, https:\/\/toto.hr\/split\/wp-content\/uploads\/sites\/3\/2025\/09\/about-us-content-1-970x466.jpg 970w, https:\/\/toto.hr\/split\/wp-content\/uploads\/sites\/3\/2025\/09\/about-us-content-1-600x288.jpg 600w\" sizes=\"auto, (max-width: 1145px) 100vw, 1145px\"><div class=\"o-container\"><div class=\"o-row\"><div class=\"o-col-12\"><h1 class=\"c-hero__heading\">Datenschutzbestimmungen von Toto Travel<\/h1><div class=\"c-hero__description\">\n<p>Toto Travel sammelt einige pers\u00f6nliche Daten von seinen Benutzern.<\/p>\n\n\n\n<p>Sie k\u00f6nnen dieses Dokument zu Referenzzwecken ausdrucken, indem Sie den Druckbefehl in den Einstellungen eines beliebigen Browsers verwenden.<\/p>\n<\/div><\/div><\/div><\/div><\/section>\n\n<section class=\"o-container\"><div class=\"o-row u-mb-2 u-mb-4@sm\"><div class=\"o-col-10@lg u-mx-auto\"><div class=\"u-h6\">\n<h4 class=\"wp-block-heading\"><br\/><strong>Eigent\u00fcmer und Datenverantwortlicher<\/strong><\/h4>\n\n\n\n<p>Toto Reiseb\u00fcro<br\/>Drifter j.d.o.o.<br\/>Trumbi\u0107eva obala 2, 21 000 Split, Kroatien<br\/><strong>Kontaktadresse des Inhabers:<\/strong> info@toto.hr<\/p>\n<\/div><\/div><\/div><\/section>\n\n<section class=\"o-container\"><div class=\"o-row u-mb-2 u-mb-4@sm\"><div class=\"o-col-10@lg u-mx-auto\"><div class=\"u-h6\">\n<h4 class=\"wp-block-heading\"><strong>Arten von gesammelten Daten<\/strong><\/h4>\n\n\n\n<p>Zu den Arten von personenbezogenen Daten, die diese Anwendung selbst oder \u00fcber Dritte sammelt, geh\u00f6ren: Cookies; Nutzungsdaten.<\/p>\n\n\n\n<p>Vollst\u00e4ndige Angaben zu jeder Art von gesammelten pers\u00f6nlichen Daten finden Sie in den entsprechenden Abschnitten dieser Datenschutzrichtlinie oder durch spezielle Erkl\u00e4rungstexte, die vor der Datenerfassung angezeigt werden.<\/p>\n\n\n\n<p>Pers\u00f6nliche Daten k\u00f6nnen vom Nutzer freiwillig zur Verf\u00fcgung gestellt werden oder, im Falle von Nutzungsdaten, automatisch bei der Nutzung dieser Anwendung erfasst werden.<\/p>\n\n\n\n<p>Sofern nicht anders angegeben, sind alle von dieser Anwendung angeforderten Daten obligatorisch und die Nichtbereitstellung dieser Daten kann dazu f\u00fchren, dass diese Anwendung ihre Dienste nicht bereitstellen kann. In F\u00e4llen, in denen diese Anwendung ausdr\u00fccklich darauf hinweist, dass bestimmte Daten nicht obligatorisch sind, steht es dem Nutzer frei, diese Daten nicht zu \u00fcbermitteln, ohne dass dies Auswirkungen auf die Verf\u00fcgbarkeit oder das Funktionieren des Dienstes hat. <\/p>\n\n\n\n<p>Benutzer, die sich nicht sicher sind, welche pers\u00f6nlichen Daten obligatorisch sind, k\u00f6nnen sich gerne an den Eigent\u00fcmer wenden.<\/p>\n\n\n\n<p>Jegliche Verwendung von Cookies &#8211; oder anderen Tracking-Tools &#8211; durch diese Anwendung oder durch die Eigent\u00fcmer der von dieser Anwendung genutzten Dienste Dritter dient dem Zweck, den vom Nutzer gew\u00fcnschten Dienst bereitzustellen, zus\u00e4tzlich zu allen anderen Zwecken, die in diesem Dokument und in der Cookie-Richtlinie, falls verf\u00fcgbar, beschrieben sind.<\/p>\n\n\n\n<p>Die Benutzer sind f\u00fcr alle pers\u00f6nlichen Daten Dritter verantwortlich, die \u00fcber diese Anwendung erhalten, ver\u00f6ffentlicht oder weitergegeben werden, und best\u00e4tigen, dass sie die Zustimmung des Dritten haben, die Daten an den Eigent\u00fcmer weiterzugeben.<\/p>\n<\/div><\/div><\/div><\/section>\n\n<section class=\"o-container\"><div class=\"o-row u-mb-2 u-mb-4@sm\"><div class=\"o-col-10@lg u-mx-auto\"><div class=\"u-h6\">\n<h4 class=\"wp-block-heading\"><strong>Art und Weise und Ort der Verarbeitung der Daten<\/strong><\/h4>\n\n\n\n<p><strong>Methoden der Verarbeitung<\/strong><br\/>Der Eigent\u00fcmer ergreift geeignete Sicherheitsma\u00dfnahmen, um einen unbefugten Zugriff, eine unbefugte Offenlegung, eine unbefugte \u00c4nderung oder eine unbefugte Zerst\u00f6rung der Daten zu verhindern.<\/p>\n\n\n\n<p>Die Datenverarbeitung erfolgt mit Hilfe von Computern und\/oder IT-gest\u00fctzten Instrumenten, wobei organisatorische Verfahren und Modalit\u00e4ten befolgt werden, die strikt mit den angegebenen Zwecken zusammenh\u00e4ngen. Zus\u00e4tzlich zum Eigent\u00fcmer, in einigen <\/p>\n<\/div><\/div><\/div><\/section>\n","protected":false},"excerpt":{"rendered":"","protected":false},"author":6,"featured_media":8326,"parent":0,"menu_order":0,"comment_status":"closed","ping_status":"closed","template":"","meta":{"_acf_changed":false,"_joinchat":[],"footnotes":""},"class_list":["post-8338","page","type-page","status-publish","has-post-thumbnail","hentry"],"acf":[],"yoast_head":"<!-- This site is optimized with the Yoast SEO plugin v25.3.1 - https:\/\/yoast.com\/wordpress\/plugins\/seo\/ -->\n<title>Datenschutzbestimmungen &#187; Toto Travel - Split<\/title>\n<meta name=\"description\" content=\"Datenschutzbestimmungen\" \/>\n<meta name=\"robots\" content=\"index, follow, max-snippet:-1, max-image-preview:large, max-video-preview:-1\" \/>\n<link rel=\"canonical\" href=\"https:\/\/toto.hr\/split\/de\/datenschutzbestimmungen\/\" \/>\n<meta name=\"twitter:label1\" content=\"Gesch\u00e4tzte Lesezeit\" \/>\n\t<meta name=\"twitter:data1\" content=\"2\u00a0Minuten\" \/>\n<script type=\"application\/ld+json\" class=\"yoast-schema-graph\">{\"@context\":\"https:\/\/schema.org\",\"@graph\":[{\"@type\":\"WebPage\",\"@id\":\"https:\/\/toto.hr\/split\/de\/datenschutzbestimmungen\/\",\"url\":\"https:\/\/toto.hr\/split\/de\/datenschutzbestimmungen\/\",\"name\":\"Datenschutzbestimmungen &#187; Toto Travel - Split\",\"isPartOf\":{\"@id\":\"https:\/\/toto.hr\/split\/#website\"},\"primaryImageOfPage\":{\"@id\":\"https:\/\/toto.hr\/split\/de\/datenschutzbestimmungen\/#primaryimage\"},\"image\":{\"@id\":\"https:\/\/toto.hr\/split\/de\/datenschutzbestimmungen\/#primaryimage\"},\"thumbnailUrl\":\"https:\/\/toto.hr\/split\/wp-content\/uploads\/sites\/3\/2025\/09\/about-us-content-1.jpg\",\"datePublished\":\"2025-09-19T12:11:20+00:00\",\"dateModified\":\"2025-09-19T12:11:21+00:00\",\"description\":\"Datenschutzbestimmungen\",\"breadcrumb\":{\"@id\":\"https:\/\/toto.hr\/split\/de\/datenschutzbestimmungen\/#breadcrumb\"},\"inLanguage\":\"de\",\"potentialAction\":[{\"@type\":\"ReadAction\",\"target\":[\"https:\/\/toto.hr\/split\/de\/datenschutzbestimmungen\/\"]}]},{\"@type\":\"ImageObject\",\"inLanguage\":\"de\",\"@id\":\"https:\/\/toto.hr\/split\/de\/datenschutzbestimmungen\/#primaryimage\",\"url\":\"https:\/\/toto.hr\/split\/wp-content\/uploads\/sites\/3\/2025\/09\/about-us-content-1.jpg\",\"contentUrl\":\"https:\/\/toto.hr\/split\/wp-content\/uploads\/sites\/3\/2025\/09\/about-us-content-1.jpg\",\"width\":1145,\"height\":550},{\"@type\":\"BreadcrumbList\",\"@id\":\"https:\/\/toto.hr\/split\/de\/datenschutzbestimmungen\/#breadcrumb\",\"itemListElement\":[{\"@type\":\"ListItem\",\"position\":1,\"name\":\"Home\",\"item\":\"https:\/\/toto.hr\/split\/de\/\"},{\"@type\":\"ListItem\",\"position\":2,\"name\":\"Datenschutzbestimmungen\"}]},{\"@type\":\"WebSite\",\"@id\":\"https:\/\/toto.hr\/split\/#website\",\"url\":\"https:\/\/toto.hr\/split\/\",\"name\":\"Toto Travel - Split\",\"description\":\"Boat Trip Adventures from Split Croatia\",\"publisher\":{\"@id\":\"https:\/\/toto.hr\/split\/#organization\"},\"potentialAction\":[{\"@type\":\"SearchAction\",\"target\":{\"@type\":\"EntryPoint\",\"urlTemplate\":\"https:\/\/toto.hr\/split\/?s={search_term_string}\"},\"query-input\":{\"@type\":\"PropertyValueSpecification\",\"valueRequired\":true,\"valueName\":\"search_term_string\"}}],\"inLanguage\":\"de\"},{\"@type\":\"Organization\",\"@id\":\"https:\/\/toto.hr\/split\/#organization\",\"name\":\"Toto Travel - Boat Trips Adventures Split\",\"url\":\"https:\/\/toto.hr\/split\/\",\"logo\":{\"@type\":\"ImageObject\",\"inLanguage\":\"de\",\"@id\":\"https:\/\/toto.hr\/split\/#\/schema\/logo\/image\/\",\"url\":\"https:\/\/toto.hr\/split\/wp-content\/uploads\/sites\/3\/2020\/07\/toto_travel_logo.jpg\",\"contentUrl\":\"https:\/\/toto.hr\/split\/wp-content\/uploads\/sites\/3\/2020\/07\/toto_travel_logo.jpg\",\"width\":410,\"height\":195,\"caption\":\"Toto Travel - Boat Trips Adventures Split\"},\"image\":{\"@id\":\"https:\/\/toto.hr\/split\/#\/schema\/logo\/image\/\"},\"sameAs\":[\"https:\/\/web.facebook.com\/Toto-Travel-Boat-Trip-Adventures-104729731249453\",\"https:\/\/www.instagram.com\/toto_travel_split\/\"]}]}<\/script>\n<!-- \/ Yoast SEO plugin. -->","yoast_head_json":{"title":"Datenschutzbestimmungen &#187; Toto Travel - Split","description":"Datenschutzbestimmungen","robots":{"index":"index","follow":"follow","max-snippet":"max-snippet:-1","max-image-preview":"max-image-preview:large","max-video-preview":"max-video-preview:-1"},"canonical":"https:\/\/toto.hr\/split\/de\/datenschutzbestimmungen\/","twitter_misc":{"Gesch\u00e4tzte Lesezeit":"2\u00a0Minuten"},"schema":{"@context":"https:\/\/schema.org","@graph":[{"@type":"WebPage","@id":"https:\/\/toto.hr\/split\/de\/datenschutzbestimmungen\/","url":"https:\/\/toto.hr\/split\/de\/datenschutzbestimmungen\/","name":"Datenschutzbestimmungen &#187; Toto Travel - Split","isPartOf":{"@id":"https:\/\/toto.hr\/split\/#website"},"primaryImageOfPage":{"@id":"https:\/\/toto.hr\/split\/de\/datenschutzbestimmungen\/#primaryimage"},"image":{"@id":"https:\/\/toto.hr\/split\/de\/datenschutzbestimmungen\/#primaryimage"},"thumbnailUrl":"https:\/\/toto.hr\/split\/wp-content\/uploads\/sites\/3\/2025\/09\/about-us-content-1.jpg","datePublished":"2025-09-19T12:11:20+00:00","dateModified":"2025-09-19T12:11:21+00:00","description":"Datenschutzbestimmungen","breadcrumb":{"@id":"https:\/\/toto.hr\/split\/de\/datenschutzbestimmungen\/#breadcrumb"},"inLanguage":"de","potentialAction":[{"@type":"ReadAction","target":["https:\/\/toto.hr\/split\/de\/datenschutzbestimmungen\/"]}]},{"@type":"ImageObject","inLanguage":"de","@id":"https:\/\/toto.hr\/split\/de\/datenschutzbestimmungen\/#primaryimage","url":"https:\/\/toto.hr\/split\/wp-content\/uploads\/sites\/3\/2025\/09\/about-us-content-1.jpg","contentUrl":"https:\/\/toto.hr\/split\/wp-content\/uploads\/sites\/3\/2025\/09\/about-us-content-1.jpg","width":1145,"height":550},{"@type":"BreadcrumbList","@id":"https:\/\/toto.hr\/split\/de\/datenschutzbestimmungen\/#breadcrumb","itemListElement":[{"@type":"ListItem","position":1,"name":"Home","item":"https:\/\/toto.hr\/split\/de\/"},{"@type":"ListItem","position":2,"name":"Datenschutzbestimmungen"}]},{"@type":"WebSite","@id":"https:\/\/toto.hr\/split\/#website","url":"https:\/\/toto.hr\/split\/","name":"Toto Travel - Split","description":"Boat Trip Adventures from Split Croatia","publisher":{"@id":"https:\/\/toto.hr\/split\/#organization"},"potentialAction":[{"@type":"SearchAction","target":{"@type":"EntryPoint","urlTemplate":"https:\/\/toto.hr\/split\/?s={search_term_string}"},"query-input":{"@type":"PropertyValueSpecification","valueRequired":true,"valueName":"search_term_string"}}],"inLanguage":"de"},{"@type":"Organization","@id":"https:\/\/toto.hr\/split\/#organization","name":"Toto Travel - Boat Trips Adventures Split","url":"https:\/\/toto.hr\/split\/","logo":{"@type":"ImageObject","inLanguage":"de","@id":"https:\/\/toto.hr\/split\/#\/schema\/logo\/image\/","url":"https:\/\/toto.hr\/split\/wp-content\/uploads\/sites\/3\/2020\/07\/toto_travel_logo.jpg","contentUrl":"https:\/\/toto.hr\/split\/wp-content\/uploads\/sites\/3\/2020\/07\/toto_travel_logo.jpg","width":410,"height":195,"caption":"Toto Travel - Boat Trips Adventures Split"},"image":{"@id":"https:\/\/toto.hr\/split\/#\/schema\/logo\/image\/"},"sameAs":["https:\/\/web.facebook.com\/Toto-Travel-Boat-Trip-Adventures-104729731249453","https:\/\/www.instagram.com\/toto_travel_split\/"]}]}},"_links":{"self":[{"href":"https:\/\/toto.hr\/split\/de\/wp-json\/wp\/v2\/pages\/8338","targetHints":{"allow":["GET"]}}],"collection":[{"href":"https:\/\/toto.hr\/split\/de\/wp-json\/wp\/v2\/pages"}],"about":[{"href":"https:\/\/toto.hr\/split\/de\/wp-json\/wp\/v2\/types\/page"}],"author":[{"embeddable":true,"href":"https:\/\/toto.hr\/split\/de\/wp-json\/wp\/v2\/users\/6"}],"replies":[{"embeddable":true,"href":"https:\/\/toto.hr\/split\/de\/wp-json\/wp\/v2\/comments?post=8338"}],"version-history":[{"count":1,"href":"https:\/\/toto.hr\/split\/de\/wp-json\/wp\/v2\/pages\/8338\/revisions"}],"predecessor-version":[{"id":8340,"href":"https:\/\/toto.hr\/split\/de\/wp-json\/wp\/v2\/pages\/8338\/revisions\/8340"}],"wp:featuredmedia":[{"embeddable":true,"href":"https:\/\/toto.hr\/split\/de\/wp-json\/wp\/v2\/media\/8326"}],"wp:attachment":[{"href":"https:\/\/toto.hr\/split\/de\/wp-json\/wp\/v2\/media?parent=8338"}],"curies":[{"name":"wp","href":"https:\/\/api.w.org\/{rel}","templated":true}]}}