{"id":5611,"date":"2023-05-16T11:03:19","date_gmt":"2023-05-16T09:03:19","guid":{"rendered":"https:\/\/toto.hr\/split\/rechtliche-daten\/"},"modified":"2025-09-04T22:51:33","modified_gmt":"2025-09-04T20:51:33","slug":"rechtliche-daten","status":"publish","type":"page","link":"https:\/\/toto.hr\/split\/de\/rechtliche-daten\/","title":{"rendered":"Rechtliche Daten"},"content":{"rendered":"\n<section class=\"c-hero c-hero--has-overlay\"><img loading=\"lazy\" decoding=\"async\" width=\"1280\" height=\"800\" src=\"https:\/\/toto.hr\/split\/wp-content\/uploads\/sites\/3\/2020\/06\/spencer-davis-AHdHOIjJa64-unsplash-1280x800.jpg\" class=\"c-hero__background-image\" alt=\"spencer davis \" srcset=\"https:\/\/toto.hr\/split\/wp-content\/uploads\/sites\/3\/2020\/06\/spencer-davis-AHdHOIjJa64-unsplash-1280x800.jpg 1280w, https:\/\/toto.hr\/split\/wp-content\/uploads\/sites\/3\/2020\/06\/spencer-davis-AHdHOIjJa64-unsplash-300x187.jpg 300w, https:\/\/toto.hr\/split\/wp-content\/uploads\/sites\/3\/2020\/06\/spencer-davis-AHdHOIjJa64-unsplash-1024x640.jpg 1024w, https:\/\/toto.hr\/split\/wp-content\/uploads\/sites\/3\/2020\/06\/spencer-davis-AHdHOIjJa64-unsplash-768x480.jpg 768w, https:\/\/toto.hr\/split\/wp-content\/uploads\/sites\/3\/2020\/06\/spencer-davis-AHdHOIjJa64-unsplash-1536x960.jpg 1536w, https:\/\/toto.hr\/split\/wp-content\/uploads\/sites\/3\/2020\/06\/spencer-davis-AHdHOIjJa64-unsplash-2048x1280.jpg 2048w, https:\/\/toto.hr\/split\/wp-content\/uploads\/sites\/3\/2020\/06\/spencer-davis-AHdHOIjJa64-unsplash-256x160.jpg 256w, https:\/\/toto.hr\/split\/wp-content\/uploads\/sites\/3\/2020\/06\/spencer-davis-AHdHOIjJa64-unsplash-336x210.jpg 336w, https:\/\/toto.hr\/split\/wp-content\/uploads\/sites\/3\/2020\/06\/spencer-davis-AHdHOIjJa64-unsplash-544x340.jpg 544w, https:\/\/toto.hr\/split\/wp-content\/uploads\/sites\/3\/2020\/06\/spencer-davis-AHdHOIjJa64-unsplash-800x500.jpg 800w, https:\/\/toto.hr\/split\/wp-content\/uploads\/sites\/3\/2020\/06\/spencer-davis-AHdHOIjJa64-unsplash-600x375.jpg 600w\" sizes=\"auto, (max-width: 1280px) 100vw, 1280px\"><div class=\"o-container\"><div class=\"o-row\"><div class=\"o-col-12\"><h1 class=\"c-hero__heading\">Rechtliche Daten<\/h1><div class=\"c-hero__description\"><\/div><\/div><\/div><\/div><\/section>\n\n<section class=\"o-container\"><div class=\"o-row u-mb-2 u-mb-4@sm\"><div class=\"o-col-10@lg u-mx-auto\"><div class=\"u-h6\">\n<h1 class=\"wp-block-heading\"><\/h1>\n\n\n\n<h2 class=\"wp-block-heading\">Wichtigste Informationen<\/h2>\n\n\n\n<p><strong>FIRMENNAME <\/strong> Drifter j.d.o.o..<\/p>\n\n\n\n<p><strong>GRUNDKAPITAL <\/strong> 10,00 Kn voll eingezahlt<\/p>\n\n\n\n<p><strong>ADRESSE <\/strong>Trumbi\u0107eva obala 2, 21 000<br\/>Split, Kroatien.<\/p>\n\n\n\n<p><strong>COURT <\/strong> Eingetragen beim Handelsgericht in Split Tt-17\/3252-2<\/p>\n\n\n\n<p><strong>OIB <\/strong>43446457122<\/p>\n\n\n\n<p><strong>MBS <\/strong>060363225<\/p>\n\n\n\n<p><strong>PDV ID<\/strong> HR43446457122<\/p>\n\n\n\n<p><strong>AGENCY MANAGER \/ BUSINESS MANAGER<\/strong> Petra \u0160karo, Niederlassungsleiterin<\/p>\n\n\n\n<p><strong>\u00dcBERWACHUNGSBEH\u00d6RDE <\/strong>Staatliche Inspektion, Tourismusinspektion, \u0160ubi\u0107eva 29, 10 000 Zagreb<\/p>\n\n\n\n<h2 class=\"wp-block-heading\">ERSTE&amp;STEIERM\u00c4RKISCHE BANK d.d. &#8211; Gesch\u00e4ftskonto<\/h2>\n\n\n\n<p><strong>NAME DER BANK<\/strong> ERSTE&amp;STEIERM\u00c4RKISCHE BANK d.d.<\/p>\n\n\n\n<p><strong>BANK ADRESSE<\/strong> JADRANSKI TRG 3a, 51000 RIJEKA, REPUBLIKA HRVATSKA<\/p>\n\n\n\n<p><strong>IBAN <\/strong>HR0224020061101018668<\/p>\n\n\n\n<p><strong>KONTO <\/strong>HR0224020061101018668<\/p>\n\n\n\n<p><strong>SWIFT <\/strong>ESBCHR22<\/p>\n\n\n\n<p><\/p>\n\n\n\n<h2 class=\"wp-block-heading\"><strong>HINWEIS AUF DAS VERFAHREN ZUR EINREICHUNG EINER SCHRIFTLICHEN BESCHWERDE<\/strong><\/h2>\n\n\n\n<p>Gem\u00e4\u00df den Bestimmungen von Artikel 6, Punkt 3 des Gesetzes \u00fcber die Erbringung von Dienstleistungen im Tourismus (Amtsblatt Nr. 130\/17, 25\/19, 98\/19, 42\/20 und 70\/21) kann der Dienstleistungsnehmer einen schriftlichen Vertrag in den Gesch\u00e4ftsr\u00e4umen vorlegen. , und per Post an die Adresse: Trumbi\u0107eva obala 2, 21 000 Split oder per E-Mail: info@toto.hr <\/p>\n\n\n\n<p>Wir werden auf eine schriftliche Beschwerde innerhalb von 15 Tagen nach Erhalt der Beschwerde schriftlich antworten.<\/p>\n\n\n\n<p><\/p>\n\n\n\n<h2 class=\"wp-block-heading\"><strong>GETEILTES B\u00dcRO  <\/strong><\/h2>\n\n\n\n<p><strong>ADRESSE <\/strong>Trumbi\u0107eva obala 2, Split<\/p>\n\n\n\n<p><strong>MOBIL<\/strong> +385 99 757 4222<\/p>\n\n\n\n<p><strong>E-MAIL<\/strong> info@toto.hr<\/p>\n\n\n\n<p><strong>ARBEITSZEITEN<\/strong> 07:30h &#8211; 20:00h<br\/>Montag &#8211; Sonntag  <\/p>\n<\/div><\/div><\/div><\/section>\n","protected":false},"excerpt":{"rendered":"","protected":false},"author":6,"featured_media":646,"parent":0,"menu_order":0,"comment_status":"closed","ping_status":"closed","template":"","meta":{"_acf_changed":false,"_joinchat":[],"footnotes":""},"class_list":["post-5611","page","type-page","status-publish","has-post-thumbnail","hentry"],"acf":[],"yoast_head":"<!-- This site is optimized with the Yoast SEO plugin v25.3.1 - https:\/\/yoast.com\/wordpress\/plugins\/seo\/ -->\n<title>Rechtliche Daten &#187; Toto Travel - Split<\/title>\n<meta name=\"description\" content=\"Rechtliche Daten\" \/>\n<meta name=\"robots\" content=\"index, follow, max-snippet:-1, max-image-preview:large, max-video-preview:-1\" \/>\n<link rel=\"canonical\" href=\"https:\/\/toto.hr\/split\/de\/rechtliche-daten\/\" \/>\n<meta name=\"twitter:label1\" content=\"Gesch\u00e4tzte Lesezeit\" \/>\n\t<meta name=\"twitter:data1\" content=\"1\u00a0Minute\" \/>\n<script type=\"application\/ld+json\" class=\"yoast-schema-graph\">{\"@context\":\"https:\/\/schema.org\",\"@graph\":[{\"@type\":\"WebPage\",\"@id\":\"https:\/\/toto.hr\/split\/de\/rechtliche-daten\/\",\"url\":\"https:\/\/toto.hr\/split\/de\/rechtliche-daten\/\",\"name\":\"Rechtliche Daten &#187; Toto Travel - Split\",\"isPartOf\":{\"@id\":\"https:\/\/toto.hr\/split\/#website\"},\"primaryImageOfPage\":{\"@id\":\"https:\/\/toto.hr\/split\/de\/rechtliche-daten\/#primaryimage\"},\"image\":{\"@id\":\"https:\/\/toto.hr\/split\/de\/rechtliche-daten\/#primaryimage\"},\"thumbnailUrl\":\"https:\/\/toto.hr\/split\/wp-content\/uploads\/sites\/3\/2020\/06\/spencer-davis-AHdHOIjJa64-unsplash-scaled.jpg\",\"datePublished\":\"2023-05-16T09:03:19+00:00\",\"dateModified\":\"2025-09-04T20:51:33+00:00\",\"description\":\"Rechtliche Daten\",\"breadcrumb\":{\"@id\":\"https:\/\/toto.hr\/split\/de\/rechtliche-daten\/#breadcrumb\"},\"inLanguage\":\"de\",\"potentialAction\":[{\"@type\":\"ReadAction\",\"target\":[\"https:\/\/toto.hr\/split\/de\/rechtliche-daten\/\"]}]},{\"@type\":\"ImageObject\",\"inLanguage\":\"de\",\"@id\":\"https:\/\/toto.hr\/split\/de\/rechtliche-daten\/#primaryimage\",\"url\":\"https:\/\/toto.hr\/split\/wp-content\/uploads\/sites\/3\/2020\/06\/spencer-davis-AHdHOIjJa64-unsplash-scaled.jpg\",\"contentUrl\":\"https:\/\/toto.hr\/split\/wp-content\/uploads\/sites\/3\/2020\/06\/spencer-davis-AHdHOIjJa64-unsplash-scaled.jpg\",\"width\":2560,\"height\":1600},{\"@type\":\"BreadcrumbList\",\"@id\":\"https:\/\/toto.hr\/split\/de\/rechtliche-daten\/#breadcrumb\",\"itemListElement\":[{\"@type\":\"ListItem\",\"position\":1,\"name\":\"Startseite\",\"item\":\"https:\/\/toto.hr\/split\/de\/\"},{\"@type\":\"ListItem\",\"position\":2,\"name\":\"Rechtliche Daten\"}]},{\"@type\":\"WebSite\",\"@id\":\"https:\/\/toto.hr\/split\/#website\",\"url\":\"https:\/\/toto.hr\/split\/\",\"name\":\"Toto Travel - Split\",\"description\":\"Boat Trip Adventures from Split Croatia\",\"publisher\":{\"@id\":\"https:\/\/toto.hr\/split\/#organization\"},\"potentialAction\":[{\"@type\":\"SearchAction\",\"target\":{\"@type\":\"EntryPoint\",\"urlTemplate\":\"https:\/\/toto.hr\/split\/?s={search_term_string}\"},\"query-input\":{\"@type\":\"PropertyValueSpecification\",\"valueRequired\":true,\"valueName\":\"search_term_string\"}}],\"inLanguage\":\"de\"},{\"@type\":\"Organization\",\"@id\":\"https:\/\/toto.hr\/split\/#organization\",\"name\":\"Toto Travel - Boat Trips Adventures Split\",\"url\":\"https:\/\/toto.hr\/split\/\",\"logo\":{\"@type\":\"ImageObject\",\"inLanguage\":\"de\",\"@id\":\"https:\/\/toto.hr\/split\/#\/schema\/logo\/image\/\",\"url\":\"https:\/\/toto.hr\/split\/wp-content\/uploads\/sites\/3\/2020\/07\/toto_travel_logo.jpg\",\"contentUrl\":\"https:\/\/toto.hr\/split\/wp-content\/uploads\/sites\/3\/2020\/07\/toto_travel_logo.jpg\",\"width\":410,\"height\":195,\"caption\":\"Toto Travel - Boat Trips Adventures Split\"},\"image\":{\"@id\":\"https:\/\/toto.hr\/split\/#\/schema\/logo\/image\/\"},\"sameAs\":[\"https:\/\/web.facebook.com\/Toto-Travel-Boat-Trip-Adventures-104729731249453\",\"https:\/\/www.instagram.com\/toto_travel_split\/\"]}]}<\/script>\n<!-- \/ Yoast SEO plugin. -->","yoast_head_json":{"title":"Rechtliche Daten &#187; Toto Travel - Split","description":"Rechtliche Daten","robots":{"index":"index","follow":"follow","max-snippet":"max-snippet:-1","max-image-preview":"max-image-preview:large","max-video-preview":"max-video-preview:-1"},"canonical":"https:\/\/toto.hr\/split\/de\/rechtliche-daten\/","twitter_misc":{"Gesch\u00e4tzte Lesezeit":"1\u00a0Minute"},"schema":{"@context":"https:\/\/schema.org","@graph":[{"@type":"WebPage","@id":"https:\/\/toto.hr\/split\/de\/rechtliche-daten\/","url":"https:\/\/toto.hr\/split\/de\/rechtliche-daten\/","name":"Rechtliche Daten &#187; Toto Travel - Split","isPartOf":{"@id":"https:\/\/toto.hr\/split\/#website"},"primaryImageOfPage":{"@id":"https:\/\/toto.hr\/split\/de\/rechtliche-daten\/#primaryimage"},"image":{"@id":"https:\/\/toto.hr\/split\/de\/rechtliche-daten\/#primaryimage"},"thumbnailUrl":"https:\/\/toto.hr\/split\/wp-content\/uploads\/sites\/3\/2020\/06\/spencer-davis-AHdHOIjJa64-unsplash-scaled.jpg","datePublished":"2023-05-16T09:03:19+00:00","dateModified":"2025-09-04T20:51:33+00:00","description":"Rechtliche Daten","breadcrumb":{"@id":"https:\/\/toto.hr\/split\/de\/rechtliche-daten\/#breadcrumb"},"inLanguage":"de","potentialAction":[{"@type":"ReadAction","target":["https:\/\/toto.hr\/split\/de\/rechtliche-daten\/"]}]},{"@type":"ImageObject","inLanguage":"de","@id":"https:\/\/toto.hr\/split\/de\/rechtliche-daten\/#primaryimage","url":"https:\/\/toto.hr\/split\/wp-content\/uploads\/sites\/3\/2020\/06\/spencer-davis-AHdHOIjJa64-unsplash-scaled.jpg","contentUrl":"https:\/\/toto.hr\/split\/wp-content\/uploads\/sites\/3\/2020\/06\/spencer-davis-AHdHOIjJa64-unsplash-scaled.jpg","width":2560,"height":1600},{"@type":"BreadcrumbList","@id":"https:\/\/toto.hr\/split\/de\/rechtliche-daten\/#breadcrumb","itemListElement":[{"@type":"ListItem","position":1,"name":"Startseite","item":"https:\/\/toto.hr\/split\/de\/"},{"@type":"ListItem","position":2,"name":"Rechtliche Daten"}]},{"@type":"WebSite","@id":"https:\/\/toto.hr\/split\/#website","url":"https:\/\/toto.hr\/split\/","name":"Toto Travel - Split","description":"Boat Trip Adventures from Split Croatia","publisher":{"@id":"https:\/\/toto.hr\/split\/#organization"},"potentialAction":[{"@type":"SearchAction","target":{"@type":"EntryPoint","urlTemplate":"https:\/\/toto.hr\/split\/?s={search_term_string}"},"query-input":{"@type":"PropertyValueSpecification","valueRequired":true,"valueName":"search_term_string"}}],"inLanguage":"de"},{"@type":"Organization","@id":"https:\/\/toto.hr\/split\/#organization","name":"Toto Travel - Boat Trips Adventures Split","url":"https:\/\/toto.hr\/split\/","logo":{"@type":"ImageObject","inLanguage":"de","@id":"https:\/\/toto.hr\/split\/#\/schema\/logo\/image\/","url":"https:\/\/toto.hr\/split\/wp-content\/uploads\/sites\/3\/2020\/07\/toto_travel_logo.jpg","contentUrl":"https:\/\/toto.hr\/split\/wp-content\/uploads\/sites\/3\/2020\/07\/toto_travel_logo.jpg","width":410,"height":195,"caption":"Toto Travel - Boat Trips Adventures Split"},"image":{"@id":"https:\/\/toto.hr\/split\/#\/schema\/logo\/image\/"},"sameAs":["https:\/\/web.facebook.com\/Toto-Travel-Boat-Trip-Adventures-104729731249453","https:\/\/www.instagram.com\/toto_travel_split\/"]}]}},"_links":{"self":[{"href":"https:\/\/toto.hr\/split\/de\/wp-json\/wp\/v2\/pages\/5611","targetHints":{"allow":["GET"]}}],"collection":[{"href":"https:\/\/toto.hr\/split\/de\/wp-json\/wp\/v2\/pages"}],"about":[{"href":"https:\/\/toto.hr\/split\/de\/wp-json\/wp\/v2\/types\/page"}],"author":[{"embeddable":true,"href":"https:\/\/toto.hr\/split\/de\/wp-json\/wp\/v2\/users\/6"}],"replies":[{"embeddable":true,"href":"https:\/\/toto.hr\/split\/de\/wp-json\/wp\/v2\/comments?post=5611"}],"version-history":[{"count":8,"href":"https:\/\/toto.hr\/split\/de\/wp-json\/wp\/v2\/pages\/5611\/revisions"}],"predecessor-version":[{"id":8240,"href":"https:\/\/toto.hr\/split\/de\/wp-json\/wp\/v2\/pages\/5611\/revisions\/8240"}],"wp:featuredmedia":[{"embeddable":true,"href":"https:\/\/toto.hr\/split\/de\/wp-json\/wp\/v2\/media\/646"}],"wp:attachment":[{"href":"https:\/\/toto.hr\/split\/de\/wp-json\/wp\/v2\/media?parent=5611"}],"curies":[{"name":"wp","href":"https:\/\/api.w.org\/{rel}","templated":true}]}}