{"id":1560,"date":"2021-04-16T22:52:47","date_gmt":"2021-04-16T20:52:47","guid":{"rendered":"https:\/\/toto.hr\/split\/ueber-uns\/"},"modified":"2024-04-12T12:08:19","modified_gmt":"2024-04-12T10:08:19","slug":"ueber-uns","status":"publish","type":"page","link":"https:\/\/toto.hr\/split\/de\/ueber-uns\/","title":{"rendered":"\u00dcber uns"},"content":{"rendered":"\n<section class=\"c-hero c-hero--has-overlay\"><img loading=\"lazy\" decoding=\"async\" width=\"1280\" height=\"800\" src=\"https:\/\/toto.hr\/split\/wp-content\/uploads\/sites\/3\/2020\/07\/spencer-davis-AHdHOIjJa64-unsplash-1280x800.jpg\" class=\"c-hero__background-image\" alt=\"spencer davis \" srcset=\"https:\/\/toto.hr\/split\/wp-content\/uploads\/sites\/3\/2020\/07\/spencer-davis-AHdHOIjJa64-unsplash-1280x800.jpg 1280w, https:\/\/toto.hr\/split\/wp-content\/uploads\/sites\/3\/2020\/07\/spencer-davis-AHdHOIjJa64-unsplash-300x187.jpg 300w, https:\/\/toto.hr\/split\/wp-content\/uploads\/sites\/3\/2020\/07\/spencer-davis-AHdHOIjJa64-unsplash-1024x640.jpg 1024w, https:\/\/toto.hr\/split\/wp-content\/uploads\/sites\/3\/2020\/07\/spencer-davis-AHdHOIjJa64-unsplash-768x480.jpg 768w, https:\/\/toto.hr\/split\/wp-content\/uploads\/sites\/3\/2020\/07\/spencer-davis-AHdHOIjJa64-unsplash-1536x960.jpg 1536w, https:\/\/toto.hr\/split\/wp-content\/uploads\/sites\/3\/2020\/07\/spencer-davis-AHdHOIjJa64-unsplash-2048x1280.jpg 2048w, https:\/\/toto.hr\/split\/wp-content\/uploads\/sites\/3\/2020\/07\/spencer-davis-AHdHOIjJa64-unsplash-800x500.jpg 800w\" sizes=\"auto, (max-width: 1280px) 100vw, 1280px\"><div class=\"o-container\"><div class=\"o-row\"><div class=\"o-col-12\"><h1 class=\"c-hero__heading\">Toto Travel Split<\/h1><div class=\"c-hero__description\">\n<p>Entdecken Sie mit uns die Sch\u00f6nheit der dalmatinischen Inseln und Nationalparks.<\/p>\n<\/div><\/div><\/div><\/div><\/section>\n\n<section class=\"wp-block-toto-outline o-container u-pt-2 u-pt-4@md\"><div class=\"o-row u-mb-4@md\"><div class=\"o-col-6@sm o-col-4@md u-mb-2\"><div class=\"u-h2 u-text-secondary-endeavour u-mb-1\"><svg class=\"o-icon\"><use xmlns:xlink=\"http:\/\/www.w3.org\/1999\/xlink\" xlink:href=\"https:\/\/toto.hr\/split\/wp-content\/themes\/toto\/assets\/sprite\/icons.svg#icon-person\"><\/use><\/svg><\/div><h3 class=\"u-h5 u-text-gray-300 u-mb-1\"><strong classname=\"u-text-secondary-endeavour\">130<\/strong> ,<strong classname=\"u-text-secondary-endeavour\"> 738<\/strong> gl\u00fcckliche Reisende<\/h3><p class=\"u-text-md\">Lassen Sie uns gemeinsam Dalmatien erkunden &#8230;<\/p><\/div><div class=\"o-col-6@sm o-col-4@md u-mb-2\"><div class=\"u-h2 u-text-secondary-endeavour u-mb-1\"><svg class=\"o-icon\"><use xmlns:xlink=\"http:\/\/www.w3.org\/1999\/xlink\" xlink:href=\"https:\/\/toto.hr\/split\/wp-content\/themes\/toto\/assets\/sprite\/icons.svg#icon-sailing-boat\"><\/use><\/svg><\/div><h3 class=\"u-h5 u-text-gray-300 u-mb-1\"><strong classname=\"u-text-secondary-endeavour\">178<\/strong> ,<strong classname=\"u-text-secondary-endeavour\"> 500<\/strong> Meilen<\/h3><p class=\"u-text-md\">Machen Sie mit und erinnern Sie sich f\u00fcr immer an Dalmatien!<\/p><\/div><div class=\"o-col-6@sm o-col-4@md u-mb-2\"><div class=\"u-h2 u-text-secondary-endeavour u-mb-1\"><svg class=\"o-icon\"><use xmlns:xlink=\"http:\/\/www.w3.org\/1999\/xlink\" xlink:href=\"https:\/\/toto.hr\/split\/wp-content\/themes\/toto\/assets\/sprite\/icons.svg#icon-beach\"><\/use><\/svg><\/div><h3 class=\"u-h5 u-text-gray-300 u-mb-1\"><strong classname=\"u-text-secondary-endeavour\">187<\/strong> Betriebstage<\/h3><p class=\"u-text-md\">Immer f\u00fcr dich da!<\/p><\/div><\/div><\/section>\n\n<section class=\"o-container\"><div class=\"o-row\"><div class=\"o-col-12\"><h3 class=\"u-h3\">Wer ist Toto Travel?<\/h3><\/div><\/div><div class=\"o-row u-mb-2 u-mb-6@md\">\n<section class=\"o-col-6@md\">\n<p>Das Reiseb\u00fcro Toto verf\u00fcgt \u00fcber die gr\u00f6\u00dfte Flotte von Booten in Split, die f\u00fcr Gruppen- oder ma\u00dfgeschneiderte t\u00e4gliche Touren zur Verf\u00fcgung stehen. Mit Hilfe unseres jungen Teams von Fachleuten m\u00f6chten wir unseren Kunden die beste Erfahrung bieten, um die Sch\u00f6nheit dalmatinischer St\u00e4dte und Inseln zu entdecken.<\/p>\n<\/section>\n\n\n\n<section class=\"o-col-6@md\">\n<p>Es war uns eine Freude, in den letzten 6 Jahren \u00fcber 150.000 zufriedene Reisende mit unseren Bootstouren und t\u00e4glichen Ausfl\u00fcgen in Nationalparks wie Krka und Plitvice zu unterst\u00fctzen.<\/p>\n<\/section>\n<\/div><div class=\"o-row u-mb-4\"><div class=\"o-col-12\"><img decoding=\"async\" src=\"https:\/\/toto.hr\/split\/wp-content\/uploads\/sites\/3\/2020\/06\/about-us-content-1.jpg\" class=\"u-rounded-lg\" data-attachemnt_id=\"120\" data-size=\"large\"\/><\/div><\/div><\/section>\n\n<section class=\"o-container u-pt-2 u-pt-4@md\"><div class=\"o-row\"><div class=\"o-col-12\"><h3 class=\"u-h3 u-mb-2 u-mb-4@md\">Warum Toto Travel?<\/h3><\/div><\/div><div class=\"o-row u-mb-6@md\">\n<section class=\"o-col-6@sm o-col-4@lg u-mb-2\"><div class=\"u-h2 u-text-secondary-endeavour u-mb-1\"><svg class=\"o-icon\"><use xmlns:xlink=\"http:\/\/www.w3.org\/1999\/xlink\" xlink:href=\"https:\/\/toto.hr\/split\/wp-content\/themes\/toto\/assets\/sprite\/icons.svg#icon-life-belt\"><\/use><\/svg><\/div><h3 class=\"u-text-md\">Sicherheit zuerst<\/h3>\n<ul class=\"wp-block-toto-specifications-column-list c-list\"><li>Wir haben Erfahrung im Segeln bei allen Wetterbedingungen.<\/li><li>Regelm\u00e4\u00dfig gewartete Boote<\/li><li>Wir sind immer \u00fcber alle Sicherheitsverfahren und -ausr\u00fcstungen auf unseren Booten auf dem Laufenden<\/li><\/ul>\n\n\n\n<p><\/p>\n<\/section>\n\n\n\n<section class=\"o-col-6@sm o-col-4@lg u-mb-2\"><div class=\"u-h2 u-text-secondary-endeavour u-mb-1\"><svg class=\"o-icon\"><use xmlns:xlink=\"http:\/\/www.w3.org\/1999\/xlink\" xlink:href=\"https:\/\/toto.hr\/split\/wp-content\/themes\/toto\/assets\/sprite\/icons.svg#icon-flag\"><\/use><\/svg><\/div><h3 class=\"u-text-md\">Erfahrene Mitarbeiter<\/h3>\n<ul class=\"wp-block-toto-specifications-column-list c-list\"><li>Alle unsere Mitarbeiter sind mehrsprachig<\/li><li>Skipper haben mindestens 5 Jahre Erfahrung vor Ort<\/li><li>Jedes Mitglied unseres Teams verf\u00fcgt \u00fcber gr\u00fcndliche Kenntnisse der Region.<\/li><\/ul>\n\n\n\n<p><\/p>\n<\/section>\n\n\n\n<section class=\"o-col-6@sm o-col-4@lg u-mb-2\"><div class=\"u-h2 u-text-secondary-endeavour u-mb-1\"><svg class=\"o-icon\"><use xmlns:xlink=\"http:\/\/www.w3.org\/1999\/xlink\" xlink:href=\"https:\/\/toto.hr\/split\/wp-content\/themes\/toto\/assets\/sprite\/icons.svg#icon-office\"><\/use><\/svg><\/div><h3 class=\"u-text-md\">B\u00fcro im Stadtzentrum<\/h3>\n<ul class=\"wp-block-toto-specifications-column-list c-list\"><li>Wir sind nicht virtuell, wir w\u00fcrden uns freuen, Sie bei einer frischen Tasse Kaffee in unserem Riva-B\u00fcro in Split zu treffen.<\/li><li>Besuchen Sie uns, wenn Sie vorbeikommen und weitere Informationen ben\u00f6tigen<\/li><\/ul>\n\n\n\n<p><\/p>\n<\/section>\n\n\n\n<section class=\"o-col-6@sm o-col-4@lg u-mb-2\"><div class=\"u-h2 u-text-secondary-endeavour u-mb-1\"><svg class=\"o-icon\"><use xmlns:xlink=\"http:\/\/www.w3.org\/1999\/xlink\" xlink:href=\"https:\/\/toto.hr\/split\/wp-content\/themes\/toto\/assets\/sprite\/icons.svg#icon-compass\"><\/use><\/svg><\/div><h3 class=\"u-text-md\">Gr\u00f6\u00dftes Reiseb\u00fcro in Split<\/h3>\n<ul class=\"wp-block-toto-specifications-column-list c-list\"><li>Wir haben die gr\u00f6\u00dfte Flotte und die meisten organisierten Touren.<\/li><\/ul>\n<\/section>\n\n\n\n<section class=\"o-col-6@sm o-col-4@lg u-mb-2\"><div class=\"u-h2 u-text-secondary-endeavour u-mb-1\"><svg class=\"o-icon\"><use xmlns:xlink=\"http:\/\/www.w3.org\/1999\/xlink\" xlink:href=\"https:\/\/toto.hr\/split\/wp-content\/themes\/toto\/assets\/sprite\/icons.svg#icon-location\"><\/use><\/svg><\/div><h3 class=\"u-text-md\">Ma\u00dfgeschneiderte Touren<\/h3>\n<ul class=\"wp-block-toto-specifications-column-list c-list\"><li>Haben Sie eine Vision von Ihrer idealen Reise und ben\u00f6tigen Sie einen Partner vor Ort, der Sie bei der Umsetzung unterst\u00fctzt? Kontaktieren Sie uns, um Ihre ma\u00dfgeschneiderte Tour zu besprechen!<\/li><\/ul>\n<\/section>\n<\/div><\/section>\n","protected":false},"excerpt":{"rendered":"","protected":false},"author":1,"featured_media":647,"parent":0,"menu_order":0,"comment_status":"closed","ping_status":"closed","template":"","meta":{"_acf_changed":false,"_joinchat":[],"footnotes":""},"class_list":["post-1560","page","type-page","status-publish","has-post-thumbnail","hentry"],"acf":[],"yoast_head":"<!-- This site is optimized with the Yoast SEO plugin v25.3.1 - https:\/\/yoast.com\/wordpress\/plugins\/seo\/ -->\n<title>Erfahren Sie mehr \u00fcber uns &quot; Toto Travel Split, Kroatien<\/title>\n<meta name=\"description\" content=\"Wir bieten unseren Kunden die beste Erfahrung bei der Entdeckung der Sch\u00f6nheit von Mitteldalmatien mit Gruppen- und ma\u00dfgeschneiderten Tagestouren.\" \/>\n<meta name=\"robots\" content=\"index, follow, max-snippet:-1, max-image-preview:large, max-video-preview:-1\" \/>\n<link rel=\"canonical\" href=\"https:\/\/toto.hr\/split\/de\/ueber-uns\/\" \/>\n<meta name=\"twitter:label1\" content=\"Gesch\u00e4tzte Lesezeit\" \/>\n\t<meta name=\"twitter:data1\" content=\"1\u00a0Minute\" \/>\n<script type=\"application\/ld+json\" class=\"yoast-schema-graph\">{\"@context\":\"https:\/\/schema.org\",\"@graph\":[{\"@type\":\"WebPage\",\"@id\":\"https:\/\/toto.hr\/split\/de\/ueber-uns\/\",\"url\":\"https:\/\/toto.hr\/split\/de\/ueber-uns\/\",\"name\":\"Erfahren Sie mehr \u00fcber uns \\\" Toto Travel Split, Kroatien\",\"isPartOf\":{\"@id\":\"https:\/\/toto.hr\/split\/#website\"},\"primaryImageOfPage\":{\"@id\":\"https:\/\/toto.hr\/split\/de\/ueber-uns\/#primaryimage\"},\"image\":{\"@id\":\"https:\/\/toto.hr\/split\/de\/ueber-uns\/#primaryimage\"},\"thumbnailUrl\":\"https:\/\/toto.hr\/split\/wp-content\/uploads\/sites\/3\/2020\/07\/spencer-davis-AHdHOIjJa64-unsplash-scaled.jpg\",\"datePublished\":\"2021-04-16T20:52:47+00:00\",\"dateModified\":\"2024-04-12T10:08:19+00:00\",\"description\":\"Wir bieten unseren Kunden die beste Erfahrung bei der Entdeckung der Sch\u00f6nheit von Mitteldalmatien mit Gruppen- und ma\u00dfgeschneiderten Tagestouren.\",\"breadcrumb\":{\"@id\":\"https:\/\/toto.hr\/split\/de\/ueber-uns\/#breadcrumb\"},\"inLanguage\":\"de\",\"potentialAction\":[{\"@type\":\"ReadAction\",\"target\":[\"https:\/\/toto.hr\/split\/de\/ueber-uns\/\"]}]},{\"@type\":\"ImageObject\",\"inLanguage\":\"de\",\"@id\":\"https:\/\/toto.hr\/split\/de\/ueber-uns\/#primaryimage\",\"url\":\"https:\/\/toto.hr\/split\/wp-content\/uploads\/sites\/3\/2020\/07\/spencer-davis-AHdHOIjJa64-unsplash-scaled.jpg\",\"contentUrl\":\"https:\/\/toto.hr\/split\/wp-content\/uploads\/sites\/3\/2020\/07\/spencer-davis-AHdHOIjJa64-unsplash-scaled.jpg\",\"width\":2560,\"height\":1600},{\"@type\":\"BreadcrumbList\",\"@id\":\"https:\/\/toto.hr\/split\/de\/ueber-uns\/#breadcrumb\",\"itemListElement\":[{\"@type\":\"ListItem\",\"position\":1,\"name\":\"Home\",\"item\":\"https:\/\/toto.hr\/split\/de\/\"},{\"@type\":\"ListItem\",\"position\":2,\"name\":\"\u00dcber uns\"}]},{\"@type\":\"WebSite\",\"@id\":\"https:\/\/toto.hr\/split\/#website\",\"url\":\"https:\/\/toto.hr\/split\/\",\"name\":\"Toto Travel - Split\",\"description\":\"Boat Trip Adventures from Split Croatia\",\"publisher\":{\"@id\":\"https:\/\/toto.hr\/split\/#organization\"},\"potentialAction\":[{\"@type\":\"SearchAction\",\"target\":{\"@type\":\"EntryPoint\",\"urlTemplate\":\"https:\/\/toto.hr\/split\/?s={search_term_string}\"},\"query-input\":{\"@type\":\"PropertyValueSpecification\",\"valueRequired\":true,\"valueName\":\"search_term_string\"}}],\"inLanguage\":\"de\"},{\"@type\":\"Organization\",\"@id\":\"https:\/\/toto.hr\/split\/#organization\",\"name\":\"Toto Travel - Boat Trips Adventures Split\",\"url\":\"https:\/\/toto.hr\/split\/\",\"logo\":{\"@type\":\"ImageObject\",\"inLanguage\":\"de\",\"@id\":\"https:\/\/toto.hr\/split\/#\/schema\/logo\/image\/\",\"url\":\"https:\/\/toto.hr\/split\/wp-content\/uploads\/sites\/3\/2020\/07\/toto_travel_logo.jpg\",\"contentUrl\":\"https:\/\/toto.hr\/split\/wp-content\/uploads\/sites\/3\/2020\/07\/toto_travel_logo.jpg\",\"width\":410,\"height\":195,\"caption\":\"Toto Travel - Boat Trips Adventures Split\"},\"image\":{\"@id\":\"https:\/\/toto.hr\/split\/#\/schema\/logo\/image\/\"},\"sameAs\":[\"https:\/\/web.facebook.com\/Toto-Travel-Boat-Trip-Adventures-104729731249453\",\"https:\/\/www.instagram.com\/toto_travel_split\/\"]}]}<\/script>\n<!-- \/ Yoast SEO plugin. -->","yoast_head_json":{"title":"Erfahren Sie mehr \u00fcber uns \" Toto Travel Split, Kroatien","description":"Wir bieten unseren Kunden die beste Erfahrung bei der Entdeckung der Sch\u00f6nheit von Mitteldalmatien mit Gruppen- und ma\u00dfgeschneiderten Tagestouren.","robots":{"index":"index","follow":"follow","max-snippet":"max-snippet:-1","max-image-preview":"max-image-preview:large","max-video-preview":"max-video-preview:-1"},"canonical":"https:\/\/toto.hr\/split\/de\/ueber-uns\/","twitter_misc":{"Gesch\u00e4tzte Lesezeit":"1\u00a0Minute"},"schema":{"@context":"https:\/\/schema.org","@graph":[{"@type":"WebPage","@id":"https:\/\/toto.hr\/split\/de\/ueber-uns\/","url":"https:\/\/toto.hr\/split\/de\/ueber-uns\/","name":"Erfahren Sie mehr \u00fcber uns \" Toto Travel Split, Kroatien","isPartOf":{"@id":"https:\/\/toto.hr\/split\/#website"},"primaryImageOfPage":{"@id":"https:\/\/toto.hr\/split\/de\/ueber-uns\/#primaryimage"},"image":{"@id":"https:\/\/toto.hr\/split\/de\/ueber-uns\/#primaryimage"},"thumbnailUrl":"https:\/\/toto.hr\/split\/wp-content\/uploads\/sites\/3\/2020\/07\/spencer-davis-AHdHOIjJa64-unsplash-scaled.jpg","datePublished":"2021-04-16T20:52:47+00:00","dateModified":"2024-04-12T10:08:19+00:00","description":"Wir bieten unseren Kunden die beste Erfahrung bei der Entdeckung der Sch\u00f6nheit von Mitteldalmatien mit Gruppen- und ma\u00dfgeschneiderten Tagestouren.","breadcrumb":{"@id":"https:\/\/toto.hr\/split\/de\/ueber-uns\/#breadcrumb"},"inLanguage":"de","potentialAction":[{"@type":"ReadAction","target":["https:\/\/toto.hr\/split\/de\/ueber-uns\/"]}]},{"@type":"ImageObject","inLanguage":"de","@id":"https:\/\/toto.hr\/split\/de\/ueber-uns\/#primaryimage","url":"https:\/\/toto.hr\/split\/wp-content\/uploads\/sites\/3\/2020\/07\/spencer-davis-AHdHOIjJa64-unsplash-scaled.jpg","contentUrl":"https:\/\/toto.hr\/split\/wp-content\/uploads\/sites\/3\/2020\/07\/spencer-davis-AHdHOIjJa64-unsplash-scaled.jpg","width":2560,"height":1600},{"@type":"BreadcrumbList","@id":"https:\/\/toto.hr\/split\/de\/ueber-uns\/#breadcrumb","itemListElement":[{"@type":"ListItem","position":1,"name":"Home","item":"https:\/\/toto.hr\/split\/de\/"},{"@type":"ListItem","position":2,"name":"\u00dcber uns"}]},{"@type":"WebSite","@id":"https:\/\/toto.hr\/split\/#website","url":"https:\/\/toto.hr\/split\/","name":"Toto Travel - Split","description":"Boat Trip Adventures from Split Croatia","publisher":{"@id":"https:\/\/toto.hr\/split\/#organization"},"potentialAction":[{"@type":"SearchAction","target":{"@type":"EntryPoint","urlTemplate":"https:\/\/toto.hr\/split\/?s={search_term_string}"},"query-input":{"@type":"PropertyValueSpecification","valueRequired":true,"valueName":"search_term_string"}}],"inLanguage":"de"},{"@type":"Organization","@id":"https:\/\/toto.hr\/split\/#organization","name":"Toto Travel - Boat Trips Adventures Split","url":"https:\/\/toto.hr\/split\/","logo":{"@type":"ImageObject","inLanguage":"de","@id":"https:\/\/toto.hr\/split\/#\/schema\/logo\/image\/","url":"https:\/\/toto.hr\/split\/wp-content\/uploads\/sites\/3\/2020\/07\/toto_travel_logo.jpg","contentUrl":"https:\/\/toto.hr\/split\/wp-content\/uploads\/sites\/3\/2020\/07\/toto_travel_logo.jpg","width":410,"height":195,"caption":"Toto Travel - Boat Trips Adventures Split"},"image":{"@id":"https:\/\/toto.hr\/split\/#\/schema\/logo\/image\/"},"sameAs":["https:\/\/web.facebook.com\/Toto-Travel-Boat-Trip-Adventures-104729731249453","https:\/\/www.instagram.com\/toto_travel_split\/"]}]}},"_links":{"self":[{"href":"https:\/\/toto.hr\/split\/de\/wp-json\/wp\/v2\/pages\/1560","targetHints":{"allow":["GET"]}}],"collection":[{"href":"https:\/\/toto.hr\/split\/de\/wp-json\/wp\/v2\/pages"}],"about":[{"href":"https:\/\/toto.hr\/split\/de\/wp-json\/wp\/v2\/types\/page"}],"author":[{"embeddable":true,"href":"https:\/\/toto.hr\/split\/de\/wp-json\/wp\/v2\/users\/1"}],"replies":[{"embeddable":true,"href":"https:\/\/toto.hr\/split\/de\/wp-json\/wp\/v2\/comments?post=1560"}],"version-history":[{"count":3,"href":"https:\/\/toto.hr\/split\/de\/wp-json\/wp\/v2\/pages\/1560\/revisions"}],"predecessor-version":[{"id":6009,"href":"https:\/\/toto.hr\/split\/de\/wp-json\/wp\/v2\/pages\/1560\/revisions\/6009"}],"wp:featuredmedia":[{"embeddable":true,"href":"https:\/\/toto.hr\/split\/de\/wp-json\/wp\/v2\/media\/647"}],"wp:attachment":[{"href":"https:\/\/toto.hr\/split\/de\/wp-json\/wp\/v2\/media?parent=1560"}],"curies":[{"name":"wp","href":"https:\/\/api.w.org\/{rel}","templated":true}]}}